{"id":16199,"date":"2023-08-17T11:27:56","date_gmt":"2023-08-17T11:27:56","guid":{"rendered":"https:\/\/digitaltarget.com.tr\/?post_type=product&#038;p=16199"},"modified":"2024-10-31T11:09:13","modified_gmt":"2024-10-31T11:09:13","slug":"raspberry","status":"publish","type":"product","link":"https:\/\/digitaltarget.com.tr\/ar\/product\/raspberry\/","title":{"rendered":"Raspberry Pi 4"},"content":{"rendered":"<h2><strong>Raspberry Pi 4 Teknik \u00d6zellikler:<\/strong><\/h2>\n<ul>\n<li>Broadcom BCM2711, d\u00f6rt \u00e7ekirdekli Cortex-A72 (ARM v8) 64-bit SoC @ 1.5GHz<\/li>\n<li>2GB\/4GB LPDDR4-3200 SDRAM<\/li>\n<li>4\/5.0 GHz 802.11ac destekli kablosuz a\u011f, Bluetooth 5.0, BLE destekli<\/li>\n<li>Ger\u00e7ek Gigabit Ethernet<\/li>\n<li>2xUSB 3.0, 2xUSB 2.0 portlar\u0131<\/li>\n<li>Raspberry Pi standart 40 pin GPIO ba\u011flant\u0131s\u0131 (eski versiyonlarla tamamen uyumlu)<\/li>\n<li>2 \u00d7 micro-HDMI portlar\u0131 (4K 60fps destekli)<\/li>\n<li>2-linel MIPI DSI ekran portu<\/li>\n<li>2-linel MIPI CSI kamera portu<\/li>\n<li>4-pole 3.5mm ba\u011flant\u0131 \u00fczerinden ses + kompozit video \u00e7\u0131k\u0131\u015f\u0131<\/li>\n<li>265 (4kp60 dekodlama), H264 (1080p60 dekodlama, 1080p30 kodlama)<\/li>\n<li>OpenGL ES 3.0 destekli GPU<\/li>\n<li>\u0130\u015fletim sistemi ve veri depolama i\u00e7in Micro SD kart yuvas\u0131<\/li>\n<li>5V g\u00fc\u00e7 giri\u015fi USB-C \u00fczerinden (en az 3A)<\/li>\n<li>5V g\u00fc\u00e7 giri\u015fi (en az 3A) GPIO ba\u011flant\u0131s\u0131 \u00fczerinden<\/li>\n<li>Power over Ethernet (PoE) deste\u011fi<\/li>\n<li>\u00c7al\u0131\u015fma ortam s\u0131cakl\u0131\u011f\u0131: 0 \u2013 50 \u00b0C<\/li>\n<\/ul>","protected":false},"excerpt":{"rendered":"<p>Raspberry Pi 4 Model B<\/p>","protected":false},"featured_media":16182,"comment_status":"open","ping_status":"closed","template":"","meta":{"_monsterinsights_skip_tracking":false,"_monsterinsights_sitenote_active":false,"_monsterinsights_sitenote_note":"","_monsterinsights_sitenote_category":0},"product_cat":[359],"product_tag":[],"aioseo_notices":[],"jetpack_sharing_enabled":true,"_links":{"self":[{"href":"https:\/\/digitaltarget.com.tr\/ar\/wp-json\/wp\/v2\/product\/16199"}],"collection":[{"href":"https:\/\/digitaltarget.com.tr\/ar\/wp-json\/wp\/v2\/product"}],"about":[{"href":"https:\/\/digitaltarget.com.tr\/ar\/wp-json\/wp\/v2\/types\/product"}],"replies":[{"embeddable":true,"href":"https:\/\/digitaltarget.com.tr\/ar\/wp-json\/wp\/v2\/comments?post=16199"}],"version-history":[{"count":9,"href":"https:\/\/digitaltarget.com.tr\/ar\/wp-json\/wp\/v2\/product\/16199\/revisions"}],"predecessor-version":[{"id":19034,"href":"https:\/\/digitaltarget.com.tr\/ar\/wp-json\/wp\/v2\/product\/16199\/revisions\/19034"}],"wp:featuredmedia":[{"embeddable":true,"href":"https:\/\/digitaltarget.com.tr\/ar\/wp-json\/wp\/v2\/media\/16182"}],"wp:attachment":[{"href":"https:\/\/digitaltarget.com.tr\/ar\/wp-json\/wp\/v2\/media?parent=16199"}],"wp:term":[{"taxonomy":"product_cat","embeddable":true,"href":"https:\/\/digitaltarget.com.tr\/ar\/wp-json\/wp\/v2\/product_cat?post=16199"},{"taxonomy":"product_tag","embeddable":true,"href":"https:\/\/digitaltarget.com.tr\/ar\/wp-json\/wp\/v2\/product_tag?post=16199"}],"curies":[{"name":"wp","href":"https:\/\/api.w.org\/{rel}","templated":true}]}}