{"id":16201,"date":"2023-08-17T11:27:56","date_gmt":"2023-08-17T11:27:56","guid":{"rendered":"https:\/\/digitaltarget.com.tr\/?post_type=product&#038;p=16201"},"modified":"2024-08-02T13:41:39","modified_gmt":"2024-08-02T13:41:39","slug":"9v-holder","status":"publish","type":"product","link":"https:\/\/digitaltarget.com.tr\/ar\/product\/9v-holder\/","title":{"rendered":"9V Pil Tutucu Tel Pil Tutucu \u00c7\u0131t\u00e7\u0131t"},"content":{"rendered":"<div class=\"sr-proMainInfo-baseInfo-name\">\n<h1 class=\"sr-proMainInfo-baseInfoH1 J-baseInfo-name\" data-prod-tag=\"\">Pil Tutucu \u00c7\u0131t\u00e7\u0131t i\u00e7in 9V Pil Tutucu Tel<\/h1>\n<\/div>\n<p>Elektronik cihazlar\u0131n\u0131z\u0131 Pil Tutucu \u00c7\u0131t\u00e7\u0131t i\u00e7in 9V Pil Tutucu Telimiz ile y\u00fckseltin.<\/p>\n<ul>\n<li>-Kesin Boyutlar: 2,4 x 1,2 x 0,7 cm&#8217;de kompakt, 15 cm kablo uzunlu\u011funa sahip.<\/li>\n<li>Zahmetsiz Tan\u0131mlama: Kolay lehimleme i\u00e7in siyah ve k\u0131rm\u0131z\u0131 kablolar.<\/li>\n<li>Dayan\u0131kl\u0131 Yap\u0131: Uzun \u00f6m\u00fcr i\u00e7in sa\u011flam ABS plastik ve metalden yap\u0131lm\u0131\u015ft\u0131r.<\/li>\n<li>\u00c7ok Y\u00f6nl\u00fc Kullan\u0131m: Radyolar, interkomlar, oyuncaklar, alarmlar, mikrofonlar ve daha fazlas\u0131 i\u00e7in idealdir.<\/li>\n<\/ul>\n<p>Projeleriniz i\u00e7in g\u00fcvenilirlik ve dayan\u0131kl\u0131l\u0131\u011f\u0131 se\u00e7in.<\/p>","protected":false},"excerpt":{"rendered":"<p>Battery Holder<\/p>","protected":false},"featured_media":17340,"comment_status":"open","ping_status":"closed","template":"","meta":{"_monsterinsights_skip_tracking":false,"_monsterinsights_sitenote_active":false,"_monsterinsights_sitenote_note":"","_monsterinsights_sitenote_category":0},"product_cat":[349],"product_tag":[],"aioseo_notices":[],"jetpack_sharing_enabled":true,"_links":{"self":[{"href":"https:\/\/digitaltarget.com.tr\/ar\/wp-json\/wp\/v2\/product\/16201"}],"collection":[{"href":"https:\/\/digitaltarget.com.tr\/ar\/wp-json\/wp\/v2\/product"}],"about":[{"href":"https:\/\/digitaltarget.com.tr\/ar\/wp-json\/wp\/v2\/types\/product"}],"replies":[{"embeddable":true,"href":"https:\/\/digitaltarget.com.tr\/ar\/wp-json\/wp\/v2\/comments?post=16201"}],"version-history":[{"count":6,"href":"https:\/\/digitaltarget.com.tr\/ar\/wp-json\/wp\/v2\/product\/16201\/revisions"}],"predecessor-version":[{"id":19207,"href":"https:\/\/digitaltarget.com.tr\/ar\/wp-json\/wp\/v2\/product\/16201\/revisions\/19207"}],"wp:featuredmedia":[{"embeddable":true,"href":"https:\/\/digitaltarget.com.tr\/ar\/wp-json\/wp\/v2\/media\/17340"}],"wp:attachment":[{"href":"https:\/\/digitaltarget.com.tr\/ar\/wp-json\/wp\/v2\/media?parent=16201"}],"wp:term":[{"taxonomy":"product_cat","embeddable":true,"href":"https:\/\/digitaltarget.com.tr\/ar\/wp-json\/wp\/v2\/product_cat?post=16201"},{"taxonomy":"product_tag","embeddable":true,"href":"https:\/\/digitaltarget.com.tr\/ar\/wp-json\/wp\/v2\/product_tag?post=16201"}],"curies":[{"name":"wp","href":"https:\/\/api.w.org\/{rel}","templated":true}]}}