{"id":16215,"date":"2023-08-17T11:27:58","date_gmt":"2023-08-17T11:27:58","guid":{"rendered":"https:\/\/digitaltarget.com.tr\/?post_type=product&#038;p=16215"},"modified":"2024-10-31T11:08:53","modified_gmt":"2024-10-31T11:08:53","slug":"rmilec-t4047nb20-433mhz-receiver-uhf-20ch-rx-remote-control-frequency-radio-system","status":"publish","type":"product","link":"https:\/\/digitaltarget.com.tr\/ar\/product\/rmilec-t4047nb20-433mhz-receiver-uhf-20ch-rx-remote-control-frequency-radio-system\/","title":{"rendered":"RMILEC T4047NB20 433mhz Al\u0131c\u0131"},"content":{"rendered":"<h4>RMILEC T4047NB20 433mhz Al\u0131c\u0131 UHF 20CH Rx Uzaktan Kumanda Frekans Radyo Sistemi<\/h4>\n<p>RMILEC 20 kanal R20NB4047 UHF LRS al\u0131c\u0131s\u0131, NB20 sistemi i\u00e7in bir yedek olarak kullan\u0131l\u0131r. R4047NB20 al\u0131c\u0131s\u0131 NB20 sistemi ile birle\u015ftirildi\u011finde ve 20 mevcut kanaldan t\u00fcm\u00fc kullan\u0131ma sunuldu\u011funda, model parametreleriniz u\u00e7u\u015f s\u0131ras\u0131nda ayarlanabilir. Ayr\u0131ca, bir pilot ve bir yard\u0131mc\u0131 pilot\/yerli kameraman tek bir radyo sistemi ile birlikte \u00e7al\u0131\u015fabilir. Yeni sistem, menzil ve g\u00fcvenilirlik a\u00e7\u0131s\u0131ndan b\u00fcy\u00fck iyile\u015ftirmeler sunar; \u00e7\u00fcnk\u00fc herhangi bir parazit kayna\u011f\u0131 h\u0131zl\u0131 ve do\u011fru bir \u015fekilde eklenebilir.<\/p>\n<p>NB20 sistemi, \u00e7ok y\u00fcksek kesintisiz kanal reddetme oran\u0131 ve anti-engelleme performans\u0131 sa\u011flayan en son RF teknolojisini kullan\u0131r. NB20 al\u0131c\u0131s\u0131, EMI parazitlerinin frekans\u0131n\u0131 ve genli\u011fini e\u015fsiz do\u011fruluk ve hassasiyetle tespit edebilir.<\/p>\n<p>En son NB20 sisteminin RF performans\u0131, \u00f6nceki nesil 4047 sistemini a\u015far. Sistem, sinyal iletimi ve al\u0131m\u0131 i\u00e7in s\u00fcper h\u0131zl\u0131 i\u015flemciler kullan\u0131r, bu da ekstrem do\u011frulu\u011fu garanti eder. K\u0131sacas\u0131, NB20 sistemi, uzun menzilli u\u00e7u\u015f merakl\u0131lar\u0131 i\u00e7in etkileyici performans ve kalite sunar ve t\u00fcm bunlar\u0131 uygun fiyatlarla sa\u011flar.<\/p>\n<p>Al\u0131c\u0131, do\u011frudan NB20 al\u0131c\u0131s\u0131na tak\u0131lan iki PCB dipol anten ve iki uyumlu MCX tipi ba\u011flant\u0131 kablosu ile birlikte gelir.<\/p>\n<p class=\" translation-block\"><strong>\u00d6zellikler:<\/strong><br>\r\n\u2022 En son RF teknolojisini i\u00e7erir<br>\r\n\u2022 Y\u00fcksek kesintisiz kanal reddetme ve anti-engelleme performans\u0131<br>\r\n\u2022 Sinyal al\u0131m\u0131 i\u00e7in s\u00fcper h\u0131zl\u0131 i\u015flemciler<br>\r\n\u2022 20 kanal PWM, 18 kanal SBUS veya 14\u2019e kadar ppm giri\u015fi<\/p>\n<p class=\" translation-block\"><strong>\u00d6zellikler:<\/strong><br>\r\nHassasiyet: <strong>-115dBm<\/strong><\/p>","protected":false},"excerpt":{"rendered":"<p>Replacement RMILEC 20 channel R20NB4047 UHF LRS receiver for NB20 system. When the R4047NB20 receiver is combined with the NB20 system and set up to use all 20 available channels, your model parameters can be adjusted in flight, in addition, a pilot and co-pilot\/aerial cameraman can work in conjunction with a single radio system. The new system offers broad improvements in both range and reliability, as any source of interference can be added quickly and accurately.<\/p>","protected":false},"featured_media":16753,"comment_status":"open","ping_status":"closed","template":"","meta":{"_monsterinsights_skip_tracking":false,"_monsterinsights_sitenote_active":false,"_monsterinsights_sitenote_note":"","_monsterinsights_sitenote_category":0},"product_cat":[356,438],"product_tag":[],"aioseo_notices":[],"jetpack_sharing_enabled":true,"_links":{"self":[{"href":"https:\/\/digitaltarget.com.tr\/ar\/wp-json\/wp\/v2\/product\/16215"}],"collection":[{"href":"https:\/\/digitaltarget.com.tr\/ar\/wp-json\/wp\/v2\/product"}],"about":[{"href":"https:\/\/digitaltarget.com.tr\/ar\/wp-json\/wp\/v2\/types\/product"}],"replies":[{"embeddable":true,"href":"https:\/\/digitaltarget.com.tr\/ar\/wp-json\/wp\/v2\/comments?post=16215"}],"version-history":[{"count":6,"href":"https:\/\/digitaltarget.com.tr\/ar\/wp-json\/wp\/v2\/product\/16215\/revisions"}],"predecessor-version":[{"id":19031,"href":"https:\/\/digitaltarget.com.tr\/ar\/wp-json\/wp\/v2\/product\/16215\/revisions\/19031"}],"wp:featuredmedia":[{"embeddable":true,"href":"https:\/\/digitaltarget.com.tr\/ar\/wp-json\/wp\/v2\/media\/16753"}],"wp:attachment":[{"href":"https:\/\/digitaltarget.com.tr\/ar\/wp-json\/wp\/v2\/media?parent=16215"}],"wp:term":[{"taxonomy":"product_cat","embeddable":true,"href":"https:\/\/digitaltarget.com.tr\/ar\/wp-json\/wp\/v2\/product_cat?post=16215"},{"taxonomy":"product_tag","embeddable":true,"href":"https:\/\/digitaltarget.com.tr\/ar\/wp-json\/wp\/v2\/product_tag?post=16215"}],"curies":[{"name":"wp","href":"https:\/\/api.w.org\/{rel}","templated":true}]}}