{"id":16217,"date":"2023-08-17T11:27:58","date_gmt":"2023-08-17T11:27:58","guid":{"rendered":"https:\/\/digitaltarget.com.tr\/?post_type=product&#038;p=16217"},"modified":"2025-07-22T13:40:27","modified_gmt":"2025-07-22T13:40:27","slug":"frsky-taranis-x9d-plus-se-2019-special-edition-transmitter-remote-controller-for-rc-multirotor-fpv-racing-drone","status":"publish","type":"product","link":"https:\/\/digitaltarget.com.tr\/ar\/product\/frsky-taranis-x9d-plus-se-2019-special-edition-transmitter-remote-controller-for-rc-multirotor-fpv-racing-drone\/","title":{"rendered":"Frsky Taranis X9D Plus SE Verici Uzaktan Kumanda RC Multirotor FPV Yar\u0131\u015f Drone&#8217;u i\u00e7in"},"content":{"rendered":"<h4>Uzaktan Kumanda<\/h4>\n<p><span data-spm-anchor-id=\"a2g0o.detail.1000023.i0.4c89P1lJP1lJsm\">\u00d6zellikler<\/span><\/p>\n<ul>\n<li>Boyut: 200*194*110mm (U*G*Y)<\/li>\n<li>A\u011f\u0131rl\u0131k: 700g (pille birlikte de\u011fil)<\/li>\n<li>\u0130\u015fletim Sistemi: OpenTX<\/li>\n<li>Kanal Say\u0131s\u0131: 24 kanal<\/li>\n<li>Yerli RF Mod\u00fcl\u00fc: ISRM-S-X9<\/li>\n<li>\u00c7al\u0131\u015fma Voltaj\u0131 Aral\u0131\u011f\u0131: 6.5 &#8211; 8.4V<\/li>\n<li>\u00c7al\u0131\u015fma Ak\u0131m\u0131: 130mA@8.2V (Tipik)<\/li>\n<li>\u00c7al\u0131\u015fma S\u0131cakl\u0131\u011f\u0131: -10\u00b0C~60\u00b0C (14\u00b0F~140\u00b0F)<\/li>\n<li>Arkadan Ayd\u0131nlatmal\u0131 LCD \u00c7\u00f6z\u00fcn\u00fcrl\u00fck: 212*64<\/li>\n<li>Ak\u0131ll\u0131 port, mikro SD kart yuvas\u0131 ve DSC portu<\/li>\n<li>Mini USB Aray\u00fcz\u00fc: 2S Li-Po batarya dengeleme \u015farj\u0131n\u0131 destekler<\/li>\n<li>Model Haf\u0131zas\u0131: 60 Model (Mikro SD kart ile geni\u015fletilebilir)<\/li>\n<li>Uyumluluk: ACCST D16 ve Access al\u0131c\u0131lar\u0131<\/li>\n<\/ul>","protected":false},"excerpt":{"rendered":"<p>Remote Controller<\/p>","protected":false},"featured_media":16756,"comment_status":"open","ping_status":"closed","template":"","meta":{"_monsterinsights_skip_tracking":false,"_monsterinsights_sitenote_active":false,"_monsterinsights_sitenote_note":"","_monsterinsights_sitenote_category":0},"product_cat":[435],"product_tag":[],"aioseo_notices":[],"jetpack_sharing_enabled":true,"_links":{"self":[{"href":"https:\/\/digitaltarget.com.tr\/ar\/wp-json\/wp\/v2\/product\/16217"}],"collection":[{"href":"https:\/\/digitaltarget.com.tr\/ar\/wp-json\/wp\/v2\/product"}],"about":[{"href":"https:\/\/digitaltarget.com.tr\/ar\/wp-json\/wp\/v2\/types\/product"}],"replies":[{"embeddable":true,"href":"https:\/\/digitaltarget.com.tr\/ar\/wp-json\/wp\/v2\/comments?post=16217"}],"version-history":[{"count":6,"href":"https:\/\/digitaltarget.com.tr\/ar\/wp-json\/wp\/v2\/product\/16217\/revisions"}],"predecessor-version":[{"id":19033,"href":"https:\/\/digitaltarget.com.tr\/ar\/wp-json\/wp\/v2\/product\/16217\/revisions\/19033"}],"wp:featuredmedia":[{"embeddable":true,"href":"https:\/\/digitaltarget.com.tr\/ar\/wp-json\/wp\/v2\/media\/16756"}],"wp:attachment":[{"href":"https:\/\/digitaltarget.com.tr\/ar\/wp-json\/wp\/v2\/media?parent=16217"}],"wp:term":[{"taxonomy":"product_cat","embeddable":true,"href":"https:\/\/digitaltarget.com.tr\/ar\/wp-json\/wp\/v2\/product_cat?post=16217"},{"taxonomy":"product_tag","embeddable":true,"href":"https:\/\/digitaltarget.com.tr\/ar\/wp-json\/wp\/v2\/product_tag?post=16217"}],"curies":[{"name":"wp","href":"https:\/\/api.w.org\/{rel}","templated":true}]}}