{"id":16227,"date":"2023-08-17T11:27:59","date_gmt":"2023-08-17T11:27:59","guid":{"rendered":"https:\/\/digitaltarget.com.tr\/?post_type=product&#038;p=16227"},"modified":"2024-08-02T13:36:30","modified_gmt":"2024-08-02T13:36:30","slug":"rcexl-opto-gas-engine-kill-switch-shut-down-version-2-0-for-rc-gasoline-airplane-dle-engieen-fix-wing-plane","status":"publish","type":"product","link":"https:\/\/digitaltarget.com.tr\/ar\/product\/rcexl-opto-gas-engine-kill-switch-shut-down-version-2-0-for-rc-gasoline-airplane-dle-engieen-fix-wing-plane\/","title":{"rendered":"RC Benzinli U\u00e7ak i\u00e7in Rcexl Opto Gaz Motoru Kapatma Anahtar\u0131 Kapatma S\u00fcr\u00fcm 2.0"},"content":{"rendered":"<p>EG-RCEKSV12<\/p>\n<p>Uzaktan monte edilebilen, ate\u015fleme a\u00e7\u0131k oldu\u011funda g\u00f6stermek i\u00e7in parlak bir LED i\u00e7erir.<br \/>\nFiber Optik Ba\u011flant\u0131l\u0131 giri\u015f\/\u00e7\u0131k\u0131\u015f.<br \/>\nPIC12F675 Kontrolc\u00fcs\u00fc.<br \/>\nLi-Po\/Li-Lon\/A123\/Ni-MH\/NiCad Giri\u015fi.<br \/>\n20 Volt&#8217;a kadar 16 amper MOS-FET (IRF7456) \u00e7\u0131k\u0131\u015f\u0131.<br \/>\nD\u00fc\u015f\u00fck 3Volt 3amp \u00e7\u0131k\u0131\u015f.<br \/>\nD\u00fc\u015f\u00fck Gerilim D\u00fc\u015f\u00fc\u015f\u00fc &#8211; 150mV&#8217;den az.<br \/>\n%100 Y\u00fczey Montaj Teknolojisi.<br \/>\nKal\u0131n Tel, evrensel ba\u011flant\u0131lar.<br \/>\nK\u00fc\u00e7\u00fck ve hafif &#8211; sadece 0.3 OZ! (8g)<br \/>\nTers ba\u011flant\u0131 giri\u015f korumas\u0131.<br \/>\nMotor kapat\u0131ld\u0131\u011f\u0131nda, iletim g\u00fcc\u00fcn\u00fc veya al\u0131c\u0131y\u0131 otomatik olarak kapat\u0131r.<br \/>\nBu cihaz yedek bir al\u0131c\u0131 kanal\u0131na ba\u011flan\u0131r.<br \/>\nBu cihaz, herhangi bir gazla \u00e7al\u0131\u015fan u\u00e7ak i\u00e7in gerekli bir g\u00fcvenlik cihaz\u0131d\u0131r!<br \/>\nBu cihazla motorunuzu herhangi bir zamanda g\u00fcvenli bir \u015fekilde kapatabilirsiniz (yerde veya havadayken!), veya kontrol\u00fcn\u00fcz d\u0131\u015f\u0131nda oldu\u011funuzda motoru kapatabilirsiniz.<\/p>","protected":false},"excerpt":{"rendered":"<p>EG-RCEKSV12<\/p>","protected":false},"featured_media":16733,"comment_status":"open","ping_status":"closed","template":"","meta":{"_monsterinsights_skip_tracking":false,"_monsterinsights_sitenote_active":false,"_monsterinsights_sitenote_note":"","_monsterinsights_sitenote_category":0},"product_cat":[447],"product_tag":[],"aioseo_notices":[],"jetpack_sharing_enabled":true,"_links":{"self":[{"href":"https:\/\/digitaltarget.com.tr\/ar\/wp-json\/wp\/v2\/product\/16227"}],"collection":[{"href":"https:\/\/digitaltarget.com.tr\/ar\/wp-json\/wp\/v2\/product"}],"about":[{"href":"https:\/\/digitaltarget.com.tr\/ar\/wp-json\/wp\/v2\/types\/product"}],"replies":[{"embeddable":true,"href":"https:\/\/digitaltarget.com.tr\/ar\/wp-json\/wp\/v2\/comments?post=16227"}],"version-history":[{"count":6,"href":"https:\/\/digitaltarget.com.tr\/ar\/wp-json\/wp\/v2\/product\/16227\/revisions"}],"predecessor-version":[{"id":19205,"href":"https:\/\/digitaltarget.com.tr\/ar\/wp-json\/wp\/v2\/product\/16227\/revisions\/19205"}],"wp:featuredmedia":[{"embeddable":true,"href":"https:\/\/digitaltarget.com.tr\/ar\/wp-json\/wp\/v2\/media\/16733"}],"wp:attachment":[{"href":"https:\/\/digitaltarget.com.tr\/ar\/wp-json\/wp\/v2\/media?parent=16227"}],"wp:term":[{"taxonomy":"product_cat","embeddable":true,"href":"https:\/\/digitaltarget.com.tr\/ar\/wp-json\/wp\/v2\/product_cat?post=16227"},{"taxonomy":"product_tag","embeddable":true,"href":"https:\/\/digitaltarget.com.tr\/ar\/wp-json\/wp\/v2\/product_tag?post=16227"}],"curies":[{"name":"wp","href":"https:\/\/api.w.org\/{rel}","templated":true}]}}