{"id":16229,"date":"2023-08-17T11:28:00","date_gmt":"2023-08-17T11:28:00","guid":{"rendered":"https:\/\/digitaltarget.com.tr\/?post_type=product&#038;p=16229"},"modified":"2025-04-11T15:33:11","modified_gmt":"2025-04-11T15:33:11","slug":"sunnysky-x3525-brushless-motors","status":"publish","type":"product","link":"https:\/\/digitaltarget.com.tr\/ar\/product\/sunnysky-x3525-brushless-motors\/","title":{"rendered":"SunnySky X3525 F\u0131r\u00e7as\u0131z Motor 520\/720\/880 KV"},"content":{"rendered":"<p><img fetchpriority=\"high\" decoding=\"async\" class=\"alignnone wp-image-18397 size-full\" src=\"http:\/\/digitaltarget.com.tr\/wp-content\/uploads\/2024\/03\/1_01_669b9161-936a-46df-94d6-b6534744b4c2.webp\" alt=\"\" width=\"1130\" height=\"338\" srcset=\"https:\/\/digitaltarget.com.tr\/wp-content\/uploads\/2024\/03\/1_01_669b9161-936a-46df-94d6-b6534744b4c2.webp 1130w, https:\/\/digitaltarget.com.tr\/wp-content\/uploads\/2024\/03\/1_01_669b9161-936a-46df-94d6-b6534744b4c2-400x120.webp 400w, https:\/\/digitaltarget.com.tr\/wp-content\/uploads\/2024\/03\/1_01_669b9161-936a-46df-94d6-b6534744b4c2-768x230.webp 768w, https:\/\/digitaltarget.com.tr\/wp-content\/uploads\/2024\/03\/1_01_669b9161-936a-46df-94d6-b6534744b4c2-18x5.webp 18w, https:\/\/digitaltarget.com.tr\/wp-content\/uploads\/2024\/03\/1_01_669b9161-936a-46df-94d6-b6534744b4c2-860x257.webp 860w, https:\/\/digitaltarget.com.tr\/wp-content\/uploads\/2024\/03\/1_01_669b9161-936a-46df-94d6-b6534744b4c2-430x129.webp 430w, https:\/\/digitaltarget.com.tr\/wp-content\/uploads\/2024\/03\/1_01_669b9161-936a-46df-94d6-b6534744b4c2-700x209.webp 700w, https:\/\/digitaltarget.com.tr\/wp-content\/uploads\/2024\/03\/1_01_669b9161-936a-46df-94d6-b6534744b4c2-150x45.webp 150w\" sizes=\"(max-width: 1130px) 100vw, 1130px\" \/><\/p>\n<table>\n<tbody>\n<tr class=\"firstRow\">\n<th width=\"200\">Stator \u00c7ap\u0131<\/th>\n<td width=\"295\">35mm<\/td>\n<th width=\"200\">Rotor \u00c7ap\u0131<\/th>\n<td width=\"500\">42.5mm<\/td>\n<\/tr>\n<tr>\n<th>Stator Kal\u0131nl\u0131\u011f\u0131<\/th>\n<td>25mm<\/td>\n<th>Mil \u00c7ap\u0131<\/th>\n<td>5mm<\/td>\n<\/tr>\n<tr>\n<th>Stator Yuvas\u0131 Say\u0131s\u0131<\/th>\n<td>12<\/td>\n<th>G\u00f6vde Uzunlu\u011fu (Milsiz)<\/th>\n<td>50mm<\/td>\n<\/tr>\n<tr>\n<th>Rotor Kutup Say\u0131s\u0131<\/th>\n<td>14<\/td>\n<th>G\u00f6vde Uzunlu\u011fu<\/th>\n<td>69mm<\/td>\n<\/tr>\n<tr>\n<th>Motor Kv<\/th>\n<td>520\/720\/880<\/td>\n<th>Maks Lipo H\u00fccresi<\/th>\n<td>4-5S<\/td>\n<\/tr>\n<tr>\n<th>Y\u00fcks\u00fcz Ak\u0131m<\/th>\n<td>2.0A\/10V<\/td>\n<th>ESC<\/th>\n<td>80-100A<\/td>\n<\/tr>\n<tr>\n<th>Motor Direnci<\/th>\n<td>14m\u03a9<\/td>\n<th>\u00d6nerilen Pervane(in\u00e7)<\/th>\n<td>APC12*6\/APC12*8\/APC13*6.5\/APC13*8\/DXL14*8<\/td>\n<\/tr>\n<tr>\n<th>Maks S\u00fcrekli Ak\u0131m<\/th>\n<td>81A\/10s<\/td>\n<th><\/th>\n<td><\/td>\n<\/tr>\n<tr>\n<th>Maks S\u00fcrekli G\u00fc\u00e7<\/th>\n<td>1700W<\/td>\n<th><\/th>\n<td><\/td>\n<\/tr>\n<tr>\n<th>A\u011f\u0131rl\u0131k<\/th>\n<td>248g<\/td>\n<th><\/th>\n<td><\/td>\n<\/tr>\n<\/tbody>\n<\/table>\n<p>&nbsp;<\/p>\n<div contenteditable=\"false\"><\/div>\n<table>\n<thead>\n<tr class=\"firstRow\">\n<th width=\"160\">Pervane(in\u00e7)<\/th>\n<th width=\"152\">Voltaj(V)<\/th>\n<th width=\"126\">Amper(A)<\/th>\n<th width=\"140\">\u0130tki(gf)<\/th>\n<th width=\"118\">G\u00fc\u00e7(W)<\/th>\n<th width=\"163\">Verimlilik(g\/W)<\/th>\n<th width=\"211\">Y\u00fck s\u0131cakl\u0131\u011f\u0131 %100 gazda<\/th>\n<\/tr>\n<\/thead>\n<tbody>\n<tr>\n<td class=\"bgcf3f3f3\" rowspan=\"40\">APC12*6<\/td>\n<td class=\"bgcfffdfd font16\" rowspan=\"8\">14.8<\/td>\n<td>3.9<\/td>\n<td width=\"119\">500<\/td>\n<td width=\"113\">57.72<\/td>\n<td width=\"113\">8.662508663<\/td>\n<td class=\"bgcfffdfd font16\" rowspan=\"8\">45\u2103<\/td>\n<\/tr>\n<tr>\n<td height=\"19\">6.5<\/td>\n<td>750<\/td>\n<td>96.2<\/td>\n<td>7.796257796<\/td>\n<\/tr>\n<tr>\n<td height=\"19\">9.3<\/td>\n<td>1000<\/td>\n<td>137.64<\/td>\n<td>7.265329846<\/td>\n<\/tr>\n<tr>\n<td height=\"19\">12.8<\/td>\n<td>1250<\/td>\n<td>189.44<\/td>\n<td>6.59839527<\/td>\n<\/tr>\n<tr>\n<td height=\"19\">16.8<\/td>\n<td>1500<\/td>\n<td>248.64<\/td>\n<td>6.032818533<\/td>\n<\/tr>\n<tr>\n<td height=\"19\">20.4<\/td>\n<td>1750<\/td>\n<td>301.92<\/td>\n<td>5.796237414<\/td>\n<\/tr>\n<tr>\n<td height=\"19\">24.7<\/td>\n<td>2000<\/td>\n<td>365.56<\/td>\n<td>5.471058103<\/td>\n<\/tr>\n<tr>\n<td height=\"19\">29.9<\/td>\n<td>2300<\/td>\n<td>442.52<\/td>\n<td>5.197505198<\/td>\n<\/tr>\n<tr>\n<td class=\"bgcfffdfd font16\" rowspan=\"9\">16.8<\/td>\n<td>3.5<\/td>\n<td>500<\/td>\n<td>58.8<\/td>\n<td>8.503401361<\/td>\n<td class=\"bgcfffdfd font16\" rowspan=\"9\">48\u2103<\/td>\n<\/tr>\n<tr>\n<td height=\"19\">5.9<\/td>\n<td>750<\/td>\n<td>99.12<\/td>\n<td>7.566585956<\/td>\n<\/tr>\n<tr>\n<td height=\"19\">8.5<\/td>\n<td>1000<\/td>\n<td>142.8<\/td>\n<td>7.00280112<\/td>\n<\/tr>\n<tr>\n<td height=\"19\">11.4<\/td>\n<td>1250<\/td>\n<td>191.52<\/td>\n<td>6.5267335<\/td>\n<\/tr>\n<tr>\n<td height=\"19\">15<\/td>\n<td>1500<\/td>\n<td>252<\/td>\n<td>5.952380952<\/td>\n<\/tr>\n<tr>\n<td height=\"19\">18.2<\/td>\n<td>1750<\/td>\n<td>305.76<\/td>\n<td>5.723443223<\/td>\n<\/tr>\n<tr>\n<td height=\"19\">22.6<\/td>\n<td>2000<\/td>\n<td>379.68<\/td>\n<td>5.267593763<\/td>\n<\/tr>\n<tr>\n<td height=\"19\">27.3<\/td>\n<td>2300<\/td>\n<td>458.64<\/td>\n<td>5.014826443<\/td>\n<\/tr>\n<tr>\n<td height=\"19\">37.2<\/td>\n<td>2870<\/td>\n<td>624.96<\/td>\n<td>4.592293907<\/td>\n<\/tr>\n<tr>\n<td class=\"bgcfffdfd font16\" rowspan=\"11\">18.5<\/td>\n<td>3.4<\/td>\n<td>500<\/td>\n<td>62.9<\/td>\n<td>7.949125596<\/td>\n<td class=\"bgcfffdfd font16\" rowspan=\"11\">78\u2103<\/td>\n<\/tr>\n<tr>\n<td height=\"19\">5.5<\/td>\n<td>750<\/td>\n<td>101.75<\/td>\n<td>7.371007371<\/td>\n<\/tr>\n<tr>\n<td height=\"19\">7.8<\/td>\n<td>1000<\/td>\n<td>144.3<\/td>\n<td>6.93000693<\/td>\n<\/tr>\n<tr>\n<td height=\"19\">10.7<\/td>\n<td>1250<\/td>\n<td>197.95<\/td>\n<td>6.314725941<\/td>\n<\/tr>\n<tr>\n<td height=\"19\">13.6<\/td>\n<td>1500<\/td>\n<td>251.6<\/td>\n<td>5.961844197<\/td>\n<\/tr>\n<tr>\n<td height=\"19\">16.5<\/td>\n<td>1750<\/td>\n<td>305.25<\/td>\n<td>5.733005733<\/td>\n<\/tr>\n<tr>\n<td height=\"19\">20.4<\/td>\n<td>2000<\/td>\n<td>377.4<\/td>\n<td>5.299417064<\/td>\n<\/tr>\n<tr>\n<td height=\"19\">25.2<\/td>\n<td>2300<\/td>\n<td>466.2<\/td>\n<td>4.933504934<\/td>\n<\/tr>\n<tr>\n<td height=\"19\">29.3<\/td>\n<td>2600<\/td>\n<td>542.05<\/td>\n<td>4.796605479<\/td>\n<\/tr>\n<tr>\n<td height=\"19\">37.4<\/td>\n<td>3000<\/td>\n<td>691.9<\/td>\n<td>4.335886689<\/td>\n<\/tr>\n<tr>\n<td height=\"19\">44.3<\/td>\n<td>3400<\/td>\n<td>744.24<\/td>\n<td>4.56841879<\/td>\n<\/tr>\n<tr>\n<td class=\"bgcfffdfd font16\" rowspan=\"12\">21<\/td>\n<td>3<\/td>\n<td>500<\/td>\n<td>63<\/td>\n<td>7.936507937<\/td>\n<td class=\"bgcfffdfd font16\" rowspan=\"12\">93\u2103<\/td>\n<\/tr>\n<tr>\n<td height=\"19\">4.9<\/td>\n<td>750<\/td>\n<td>102.9<\/td>\n<td>7.288629738<\/td>\n<\/tr>\n<tr>\n<td height=\"19\">7<\/td>\n<td>1000<\/td>\n<td>147<\/td>\n<td>6.802721088<\/td>\n<\/tr>\n<tr>\n<td height=\"19\">9.4<\/td>\n<td>1250<\/td>\n<td>197.4<\/td>\n<td>6.331569665<\/td>\n<\/tr>\n<tr>\n<td height=\"19\">11.9<\/td>\n<td>1500<\/td>\n<td>249.9<\/td>\n<td>6.00240096<\/td>\n<\/tr>\n<tr>\n<td height=\"19\">14.9<\/td>\n<td>1750<\/td>\n<td>311.85<\/td>\n<td>5.611770616<\/td>\n<\/tr>\n<tr>\n<td height=\"19\">18.2<\/td>\n<td>2000<\/td>\n<td>382.2<\/td>\n<td>5.232018561<\/td>\n<\/tr>\n<tr>\n<td height=\"19\">22.3<\/td>\n<td>2300<\/td>\n<td>469.95<\/td>\n<td>4.894140315<\/td>\n<\/tr>\n<tr>\n<td height=\"19\">26.5<\/td>\n<td>2600<\/td>\n<td>555.75<\/td>\n<td>4.679802956<\/td>\n<\/tr>\n<tr>\n<td height=\"19\">32.2<\/td>\n<td>3000<\/td>\n<td>676.2<\/td>\n<td>4.437869822<\/td>\n<\/tr>\n<tr>\n<td height=\"19\">38.8<\/td>\n<td>3400<\/td>\n<td>814.8<\/td>\n<td>4.173208923<\/td>\n<\/tr>\n<tr>\n<td height=\"19\">44.3<\/td>\n<td>3800<\/td>\n<td>880.95<\/td>\n<td>4.313190183<\/td>\n<\/tr>\n<tr>\n<td class=\"bgcf3f3f3\" rowspan=\"40\">APC12*8<\/td>\n<td class=\"bgcfffdfd font16\" rowspan=\"8\">14.8<\/td>\n<td>4.4<\/td>\n<td width=\"119\">500<\/td>\n<td width=\"113\">64.9<\/td>\n<td width=\"113\">7.705700309<\/td>\n<td class=\"bgcfffdfd font16\" rowspan=\"8\">47\u2103<\/td>\n<\/tr>\n<tr>\n<td height=\"19\">7.3<\/td>\n<td>750<\/td>\n<td>108.04<\/td>\n<td>6.93839104<\/td>\n<\/tr>\n<tr>\n<td height=\"19\">10.3<\/td>\n<td>1000<\/td>\n<td>152.44<\/td>\n<td>6.558716609<\/td>\n<\/tr>\n<tr>\n<td height=\"19\">13.7<\/td>\n<td>1250<\/td>\n<td>202.76<\/td>\n<td>6.162264575<\/td>\n<\/tr>\n<tr>\n<td height=\"19\">17.8<\/td>\n<td>1500<\/td>\n<td>263.96<\/td>\n<td>5.681892349<\/td>\n<\/tr>\n<tr>\n<td height=\"19\">22.3<\/td>\n<td>1750<\/td>\n<td>329.64<\/td>\n<td>5.308318264<\/td>\n<\/tr>\n<tr>\n<td height=\"19\">27.3<\/td>\n<td>2000<\/td>\n<td>403.56<\/td>\n<td>4.955898382<\/td>\n<\/tr>\n<tr>\n<td height=\"19\">33.1<\/td>\n<td>2300<\/td>\n<td>485.56<\/td>\n<td>4.736186416<\/td>\n<\/tr>\n<tr>\n<td class=\"bgcfffdfd font16\" rowspan=\"9\">16.8<\/td>\n<td>3.9<\/td>\n<td>500<\/td>\n<td>65.5<\/td>\n<td>7.633587786<\/td>\n<td class=\"bgcfffdfd font16\" rowspan=\"9\">57\u2103<\/td>\n<\/tr>\n<tr>\n<td height=\"19\">6.6<\/td>\n<td>750<\/td>\n<td>110.88<\/td>\n<td>6.764492753<\/td>\n<\/tr>\n<tr>\n<td height=\"19\">9.4<\/td>\n<td>1000<\/td>\n<td>158.72<\/td>\n<td>6.302780748<\/td>\n<\/tr>\n<tr>\n<td height=\"19\">12.7<\/td>\n<td>1250<\/td>\n<td>213.36<\/td>\n<td>5.857729139<\/td>\n<\/tr>\n<tr>\n<td height=\"19\">16.5<\/td>\n<td>1500<\/td>\n<td>277.2<\/td>\n<td>5.412280702<\/td>\n<\/tr>\n<tr>\n<td height=\"19\">20.4<\/td>\n<td>1750<\/td>\n<td>343.44<\/td>\n<td>5.09086236<\/td>\n<\/tr>\n<tr>\n<td height=\"19\">25.4<\/td>\n<td>2000<\/td>\n<td>422.8<\/td>\n<td>4.730901287<\/td>\n<\/tr>\n<tr>\n<td height=\"19\">30.4<\/td>\n<td>2300<\/td>\n<td>508.48<\/td>\n<td>4.522581202<\/td>\n<\/tr>\n<tr>\n<td height=\"19\">40.6<\/td>\n<td>2870<\/td>\n<td>689.52<\/td>\n<td>4.162944832<\/td>\n<\/tr>\n<tr>\n<td class=\"bgcfffdfd font16\" rowspan=\"11\">18.5<\/td>\n<td>3.7<\/td>\n<td>500<\/td>\n<td>68.45<\/td>\n<td>7.304161028<\/td>\n<td class=\"bgcfffdfd font16\" rowspan=\"11\">84\u2103<\/td>\n<\/tr>\n<tr>\n<td height=\"19\">5.8<\/td>\n<td>750<\/td>\n<td>109.1<\/td>\n<td>6.874015748<\/td>\n<\/tr>\n<tr>\n<td height=\"19\">8.1<\/td>\n<td>1000<\/td>\n<td>153.85<\/td>\n<td>6.49837223<\/td>\n<\/tr>\n<tr>\n<td height=\"19\">11.1<\/td>\n<td>1250<\/td>\n<td>205.35<\/td>\n<td>6.086956522<\/td>\n<\/tr>\n<tr>\n<td height=\"19\">14<\/td>\n<td>1500<\/td>\n<td>264.6<\/td>\n<td>5.66893424<\/td>\n<\/tr>\n<tr>\n<td height=\"19\">17.7<\/td>\n<td>1750<\/td>\n<td>330.75<\/td>\n<td>5.292207792<\/td>\n<\/tr>\n<tr>\n<td height=\"19\">21.6<\/td>\n<td>2000<\/td>\n<td>400.95<\/td>\n<td>4.986106986<\/td>\n<\/tr>\n<tr>\n<td height=\"19\">25.8<\/td>\n<td>2300<\/td>\n<td>484.35<\/td>\n<td>4.749610831<\/td>\n<\/tr>\n<tr>\n<td height=\"19\">30.5<\/td>\n<td>2600<\/td>\n<td>573.85<\/td>\n<td>4.533213644<\/td>\n<\/tr>\n<tr>\n<td height=\"19\">37.5<\/td>\n<td>3000<\/td>\n<td>701.25<\/td>\n<td>4.275913681<\/td>\n<\/tr>\n<tr>\n<td height=\"19\">44.4<\/td>\n<td>3400<\/td>\n<td>815.4<\/td>\n<td>4.177114274<\/td>\n<\/tr>\n<tr>\n<td class=\"bgcfffdfd font16\" rowspan=\"12\">21<\/td>\n<td>3.5<\/td>\n<td>500<\/td>\n<td>69.3<\/td>\n<td>7.216494845<\/td>\n<td class=\"bgcfffdfd font16\" rowspan=\"12\">102\u2103<\/td>\n<\/tr>\n<tr>\n<td height=\"19\">5.3<\/td>\n<td>750<\/td>\n<td>111.3<\/td>\n<td>6.738544474<\/td>\n<\/tr>\n<tr>\n<td height=\"19\">7.4<\/td>\n<td>1000<\/td>\n<td>155.4<\/td>\n<td>6.434331837<\/td>\n<\/tr>\n<tr>\n<td height=\"19\">9.9<\/td>\n<td>1250<\/td>\n<td>207.9<\/td>\n<td>6.012034184<\/td>\n<\/tr>\n<tr>\n<td height=\"19\">12.7<\/td>\n<td>1500<\/td>\n<td>267.75<\/td>\n<td>5.601869159<\/td>\n<\/tr>\n<tr>\n<td height=\"19\">15.8<\/td>\n<td>1750<\/td>\n<td>332.3<\/td>\n<td>5.264556922<\/td>\n<\/tr>\n<tr>\n<td height=\"19\">19.5<\/td>\n<td>2000<\/td>\n<td>409.5<\/td>\n<td>4.883221476<\/td>\n<\/tr>\n<tr>\n<td height=\"19\">23.8<\/td>\n<td>2300<\/td>\n<td>493.8<\/td>\n<td>4.659908301<\/td>\n<\/tr>\n<tr>\n<td height=\"19\">28.6<\/td>\n<td>2600<\/td>\n<td>590.6<\/td>\n<td>4.461352657<\/td>\n<\/tr>\n<tr>\n<td height=\"19\">34.8<\/td>\n<td>3000<\/td>\n<td>715.8<\/td>\n<td>4.194244604<\/td>\n<\/tr>\n<tr>\n<td height=\"19\">42.1<\/td>\n<td>3400<\/td>\n<td>846.95<\/td>\n<td>4.128898087<\/td>\n<\/tr>\n<tr>\n<td height=\"19\">49.6<\/td>\n<td>3800<\/td>\n<td>911.55<\/td>\n<td>4.170704845<\/td>\n<\/tr>\n<\/tbody>\n<\/table>","protected":false},"excerpt":{"rendered":"<p>Stator \u00c7ap\u0131 35mm Rotor \u00c7ap\u0131 42.5mm Stator Kal\u0131nl\u0131\u011f\u0131 25mm Mil \u00c7ap\u0131 5mm Stator Yuvas\u0131 Say\u0131s\u0131 12 G\u00f6vde Uzunlu\u011fu (Milsiz) 50mm<\/p>","protected":false},"featured_media":16463,"comment_status":"open","ping_status":"closed","template":"","meta":{"_monsterinsights_skip_tracking":false,"_monsterinsights_sitenote_active":false,"_monsterinsights_sitenote_note":"","_monsterinsights_sitenote_category":0},"product_cat":[383,357],"product_tag":[],"aioseo_notices":[],"jetpack_sharing_enabled":true,"_links":{"self":[{"href":"https:\/\/digitaltarget.com.tr\/ar\/wp-json\/wp\/v2\/product\/16229"}],"collection":[{"href":"https:\/\/digitaltarget.com.tr\/ar\/wp-json\/wp\/v2\/product"}],"about":[{"href":"https:\/\/digitaltarget.com.tr\/ar\/wp-json\/wp\/v2\/types\/product"}],"replies":[{"embeddable":true,"href":"https:\/\/digitaltarget.com.tr\/ar\/wp-json\/wp\/v2\/comments?post=16229"}],"version-history":[{"count":11,"href":"https:\/\/digitaltarget.com.tr\/ar\/wp-json\/wp\/v2\/product\/16229\/revisions"}],"predecessor-version":[{"id":18946,"href":"https:\/\/digitaltarget.com.tr\/ar\/wp-json\/wp\/v2\/product\/16229\/revisions\/18946"}],"wp:featuredmedia":[{"embeddable":true,"href":"https:\/\/digitaltarget.com.tr\/ar\/wp-json\/wp\/v2\/media\/16463"}],"wp:attachment":[{"href":"https:\/\/digitaltarget.com.tr\/ar\/wp-json\/wp\/v2\/media?parent=16229"}],"wp:term":[{"taxonomy":"product_cat","embeddable":true,"href":"https:\/\/digitaltarget.com.tr\/ar\/wp-json\/wp\/v2\/product_cat?post=16229"},{"taxonomy":"product_tag","embeddable":true,"href":"https:\/\/digitaltarget.com.tr\/ar\/wp-json\/wp\/v2\/product_tag?post=16229"}],"curies":[{"name":"wp","href":"https:\/\/api.w.org\/{rel}","templated":true}]}}