{"id":16231,"date":"2023-08-17T11:28:00","date_gmt":"2023-08-17T11:28:00","guid":{"rendered":"https:\/\/digitaltarget.com.tr\/?post_type=product&#038;p=16231"},"modified":"2024-08-02T13:18:04","modified_gmt":"2024-08-02T13:18:04","slug":"jx-servo-pdi-hv6214mg-15kg-high-precision-metal-gear-digital-standard-servo-for-rc-model-plane-car","status":"publish","type":"product","link":"https:\/\/digitaltarget.com.tr\/ar\/product\/jx-servo-pdi-hv6214mg-15kg-high-precision-metal-gear-digital-standard-servo-for-rc-model-plane-car\/","title":{"rendered":"JX Servo PDI-HV6214MG 15KG Dijital Standart Servo RC model u\u00e7ak arabas\u0131 i\u00e7in"},"content":{"rendered":"<p>SERVO MOTOR<\/p>\n<p class=\" translation-block\"><strong data-spm-anchor-id=\"a2700.wholesale.0.i23.6d165c4803CyIn\">\u00d6ZELL\u0130K:<\/strong><br>\r\n\u2014 Y\u00fcksek performansl\u0131 dijital standart servo<br>\r\n\u2014 Sert eloksal kaplamal\u0131 y\u00fcksek hassasiyetli Tayvan yap\u0131m\u0131 al\u00fcminyum di\u015fliler<br>\r\n\u2014 CNC al\u00fcminyum orta g\u00f6vde<br>\r\n\u2014 \u00c7ift bilyal\u0131 rulmanlar<\/p>\n<p class=\" translation-block\"><strong>TEKN\u0130K \u00d6ZELL\u0130KLER:<\/strong><br>\r\n\u00d6l\u00fc bant: 2\u03bcs<br>\r\n\u00c7al\u0131\u015fma frekans\u0131: 1520\u03bcs \/ 330hz<br>\r\nMotor: y\u00fcksek kaliteli \u00e7ekirdek motor<br>\r\n\u00c7al\u0131\u015fma H\u0131z\u0131 (6V): 0.18 saniye\/60\u00b0<br>\r\n\u00c7al\u0131\u015fma H\u0131z\u0131 (7.4V): 0.16 saniye\/60\u00b0<br>\r\nTork (6V): 12.8kg.cm (177.7oz\/in)<br>\r\nTork (7.4V): 14.6kg.cm (205.53oz\/in)<br>\r\nBoyutlar: 40.5X20.2X38mm \/ 1.59X0.80X1.49in<br>\r\nA\u011f\u0131rl\u0131k: 62g (2.18oz)<br>\r\nBa\u011flant\u0131 Kablosu Uzunlu\u011fu: JR 265 mm (10.43in)<br>\r\nRulman: 2BB<\/p>","protected":false},"excerpt":{"rendered":"<p>SERVO MOTOR<\/p>","protected":false},"featured_media":16462,"comment_status":"open","ping_status":"closed","template":"","meta":{"_monsterinsights_skip_tracking":false,"_monsterinsights_sitenote_active":false,"_monsterinsights_sitenote_note":"","_monsterinsights_sitenote_category":0},"product_cat":[383,357],"product_tag":[],"aioseo_notices":[],"jetpack_sharing_enabled":true,"_links":{"self":[{"href":"https:\/\/digitaltarget.com.tr\/ar\/wp-json\/wp\/v2\/product\/16231"}],"collection":[{"href":"https:\/\/digitaltarget.com.tr\/ar\/wp-json\/wp\/v2\/product"}],"about":[{"href":"https:\/\/digitaltarget.com.tr\/ar\/wp-json\/wp\/v2\/types\/product"}],"replies":[{"embeddable":true,"href":"https:\/\/digitaltarget.com.tr\/ar\/wp-json\/wp\/v2\/comments?post=16231"}],"version-history":[{"count":6,"href":"https:\/\/digitaltarget.com.tr\/ar\/wp-json\/wp\/v2\/product\/16231\/revisions"}],"predecessor-version":[{"id":19201,"href":"https:\/\/digitaltarget.com.tr\/ar\/wp-json\/wp\/v2\/product\/16231\/revisions\/19201"}],"wp:featuredmedia":[{"embeddable":true,"href":"https:\/\/digitaltarget.com.tr\/ar\/wp-json\/wp\/v2\/media\/16462"}],"wp:attachment":[{"href":"https:\/\/digitaltarget.com.tr\/ar\/wp-json\/wp\/v2\/media?parent=16231"}],"wp:term":[{"taxonomy":"product_cat","embeddable":true,"href":"https:\/\/digitaltarget.com.tr\/ar\/wp-json\/wp\/v2\/product_cat?post=16231"},{"taxonomy":"product_tag","embeddable":true,"href":"https:\/\/digitaltarget.com.tr\/ar\/wp-json\/wp\/v2\/product_tag?post=16231"}],"curies":[{"name":"wp","href":"https:\/\/api.w.org\/{rel}","templated":true}]}}