{"id":16233,"date":"2023-08-17T11:28:00","date_gmt":"2023-08-17T11:28:00","guid":{"rendered":"https:\/\/digitaltarget.com.tr\/?post_type=product&#038;p=16233"},"modified":"2025-05-30T13:11:39","modified_gmt":"2025-05-30T13:11:39","slug":"jx-ps-5521mg-20kg-large-torque-metal-gear-standrd-analog-servo-for-rc-car-robot-plane","status":"publish","type":"product","link":"https:\/\/digitaltarget.com.tr\/ar\/product\/jx-ps-5521mg-20kg-large-torque-metal-gear-standrd-analog-servo-for-rc-car-robot-plane\/","title":{"rendered":"JX Analog Servo RC Araba Robot U\u00e7ak PS-5521MG 20KG B\u00fcy\u00fck Tork Metal Di\u015fli"},"content":{"rendered":"<p><strong>SERVO MOTOR<\/strong><\/p>\n<p><strong>JX Servo PS-5521MG 55.6g Y\u00fcksek Hassasiyetli Metal Di\u015fli Analog Standart Servo<\/strong><\/p>\n<p class=\" translation-block\"><strong>\u00d6zellikler:<\/strong><br>\r\n-Y\u00fcksek hassasiyetli Tayvan yap\u0131m\u0131 metal di\u015fliler<br>\r\n-\u00c7ift bilyal\u0131 yataklar<\/p>\n<p class=\" translation-block\">Dead band: 7\u03bcs<br>\r\n\u00c7al\u0131\u015fma frekans\u0131: 1520\u03bcs \/ 330hz<br>\r\n\u00c7al\u0131\u015fma h\u0131z\u0131 (4.8V): 0.18sn\/60\u00b0<br>\r\n\u00c7al\u0131\u015fma h\u0131z\u0131 (6V): 0.16sn\/60\u00b0<\/p>\n<p class=\" translation-block\">Kilitleme torku (4.8V): 17.25 kg.cm (239.55oz\/in)<br>\r\nKilitleme torku (6V): 20.32 kg.cm (281.89 oz\/in)<br>\r\nBoyutlar: 40.5X20.2X38mm \/ 1.59X0.80X1.49 in<br>\r\nA\u011f\u0131rl\u0131k: 55.6g (1.96oz)<br>\r\nBa\u011flant\u0131 kablosu uzunlu\u011fu: JR 265mm (10.43in)<br>\r\nRulman: 2BB<br>\r\nDi\u011fer: 25 di\u015fli<\/p>\n<p>Paket i\u00e7eri\u011fi:<\/p>\n<p>1*JX Servo PS-5521MG<\/p>\n<p>1 *Yedek par\u00e7a<\/p>","protected":false},"excerpt":{"rendered":"<p>SERVO MOTOR<\/p>","protected":false},"featured_media":16729,"comment_status":"open","ping_status":"closed","template":"","meta":{"_monsterinsights_skip_tracking":false,"_monsterinsights_sitenote_active":false,"_monsterinsights_sitenote_note":"","_monsterinsights_sitenote_category":0},"product_cat":[383,357],"product_tag":[],"aioseo_notices":[],"jetpack_sharing_enabled":true,"_links":{"self":[{"href":"https:\/\/digitaltarget.com.tr\/ar\/wp-json\/wp\/v2\/product\/16233"}],"collection":[{"href":"https:\/\/digitaltarget.com.tr\/ar\/wp-json\/wp\/v2\/product"}],"about":[{"href":"https:\/\/digitaltarget.com.tr\/ar\/wp-json\/wp\/v2\/types\/product"}],"replies":[{"embeddable":true,"href":"https:\/\/digitaltarget.com.tr\/ar\/wp-json\/wp\/v2\/comments?post=16233"}],"version-history":[{"count":6,"href":"https:\/\/digitaltarget.com.tr\/ar\/wp-json\/wp\/v2\/product\/16233\/revisions"}],"predecessor-version":[{"id":19023,"href":"https:\/\/digitaltarget.com.tr\/ar\/wp-json\/wp\/v2\/product\/16233\/revisions\/19023"}],"wp:featuredmedia":[{"embeddable":true,"href":"https:\/\/digitaltarget.com.tr\/ar\/wp-json\/wp\/v2\/media\/16729"}],"wp:attachment":[{"href":"https:\/\/digitaltarget.com.tr\/ar\/wp-json\/wp\/v2\/media?parent=16233"}],"wp:term":[{"taxonomy":"product_cat","embeddable":true,"href":"https:\/\/digitaltarget.com.tr\/ar\/wp-json\/wp\/v2\/product_cat?post=16233"},{"taxonomy":"product_tag","embeddable":true,"href":"https:\/\/digitaltarget.com.tr\/ar\/wp-json\/wp\/v2\/product_tag?post=16233"}],"curies":[{"name":"wp","href":"https:\/\/api.w.org\/{rel}","templated":true}]}}