{"id":16236,"date":"2023-08-17T11:28:00","date_gmt":"2023-08-17T11:28:00","guid":{"rendered":"https:\/\/digitaltarget.com.tr\/?post_type=product&#038;p=16236"},"modified":"2024-08-02T13:20:18","modified_gmt":"2024-08-02T13:20:18","slug":"tacometer","status":"publish","type":"product","link":"https:\/\/digitaltarget.com.tr\/ar\/product\/tacometer\/","title":{"rendered":"Dijital Optik Takometre"},"content":{"rendered":"<p>TAKOMETRE<\/p>\n<div>\n<div class=\"detailmodule_text\">\n<p class=\"detail-desc-decorate-title\">G.T. Power LCD Ekran Profesyonel RC Motor Dijital Optik Takometre<\/p>\n<\/div>\n<div class=\"detailmodule_html\">\n<div class=\"detail-desc-decorate-richtext\">\n<div>\u00d6zellikler<\/div>\n<div>-A\u00e7mak i\u00e7in &#8216;g\u00fc\u00e7&#8217; d\u00fc\u011fmesine 1 saniye bas\u0131l\u0131 tutun<\/div>\n<div>-\u0130lgili pervane b\u0131\u00e7aklar\u0131n\u0131 ayarlamak i\u00e7in &#8216;SET&#8217; d\u00fc\u011fmesine bas\u0131n<\/div>\n<div>-RPM yaparken ger\u00e7ek zamanl\u0131 RPM de\u011feri g\u00f6sterilir<\/div>\n<div>-Sens\u00f6r, 10 cm \u00f6l\u00e7\u00fcm mesafesinde b\u0131\u00e7aklara y\u00f6nelir<\/div>\n<div>-\u00d6l\u00e7\u00fcm tamamland\u0131\u011f\u0131nda, maksimum RPM de\u011feri g\u00f6sterilir<\/div>\n<div>-Arka ayd\u0131nlatmal\u0131 LCD, 3 saniye boyunca kesintisiz a\u00e7\u0131k\/kapat<\/div>\n<div><\/div>\n<div>\u00dcr\u00fcn detaylar\u0131<\/div>\n<div>-D\u00fc\u015f\u00fck \u0131\u015f\u0131k ko\u015fullar\u0131nda uygulanabilir keskin arka ayd\u0131nlatmal\u0131 LCD ekran.<\/div>\n<div>-220mAh \u00e7\u0131kar\u0131labilir lityum d\u00fc\u011fme pil dahil<\/div>\n<div>-Kompakt ve son derece ta\u015f\u0131nabilir<\/div>\n<div>-Sinyaller bir dakika i\u00e7inde alg\u0131lanmazsa otomatik olarak kapan\u0131r<\/div>\n<div>-A\u011f\u0131rl\u0131k: 39g<\/div>\n<div>-Boyutlar: 90X54X16mm<\/div>\n<\/div>\n<\/div>\n<\/div>","protected":false},"excerpt":{"rendered":"<p>TAKOMETRE<\/p>","protected":false},"featured_media":16717,"comment_status":"open","ping_status":"closed","template":"","meta":{"_monsterinsights_skip_tracking":false,"_monsterinsights_sitenote_active":false,"_monsterinsights_sitenote_note":"","_monsterinsights_sitenote_category":0},"product_cat":[384],"product_tag":[],"aioseo_notices":[],"jetpack_sharing_enabled":true,"_links":{"self":[{"href":"https:\/\/digitaltarget.com.tr\/ar\/wp-json\/wp\/v2\/product\/16236"}],"collection":[{"href":"https:\/\/digitaltarget.com.tr\/ar\/wp-json\/wp\/v2\/product"}],"about":[{"href":"https:\/\/digitaltarget.com.tr\/ar\/wp-json\/wp\/v2\/types\/product"}],"replies":[{"embeddable":true,"href":"https:\/\/digitaltarget.com.tr\/ar\/wp-json\/wp\/v2\/comments?post=16236"}],"version-history":[{"count":6,"href":"https:\/\/digitaltarget.com.tr\/ar\/wp-json\/wp\/v2\/product\/16236\/revisions"}],"predecessor-version":[{"id":19202,"href":"https:\/\/digitaltarget.com.tr\/ar\/wp-json\/wp\/v2\/product\/16236\/revisions\/19202"}],"wp:featuredmedia":[{"embeddable":true,"href":"https:\/\/digitaltarget.com.tr\/ar\/wp-json\/wp\/v2\/media\/16717"}],"wp:attachment":[{"href":"https:\/\/digitaltarget.com.tr\/ar\/wp-json\/wp\/v2\/media?parent=16236"}],"wp:term":[{"taxonomy":"product_cat","embeddable":true,"href":"https:\/\/digitaltarget.com.tr\/ar\/wp-json\/wp\/v2\/product_cat?post=16236"},{"taxonomy":"product_tag","embeddable":true,"href":"https:\/\/digitaltarget.com.tr\/ar\/wp-json\/wp\/v2\/product_tag?post=16236"}],"curies":[{"name":"wp","href":"https:\/\/api.w.org\/{rel}","templated":true}]}}