{"id":16238,"date":"2023-08-17T11:28:00","date_gmt":"2023-08-17T11:28:00","guid":{"rendered":"https:\/\/digitaltarget.com.tr\/?post_type=product&#038;p=16238"},"modified":"2024-09-23T08:44:20","modified_gmt":"2024-09-23T08:44:20","slug":"owon-hds242s-3-in1-handheld-digital-oscilloscope-waveform-generator-multimeter-2ch-usb-type-c-40mhz-3-5-lcd-test-meter","status":"publish","type":"product","link":"https:\/\/digitaltarget.com.tr\/ar\/product\/owon-hds242s-3-in1-handheld-digital-oscilloscope-waveform-generator-multimeter-2ch-usb-type-c-40mhz-3-5-lcd-test-meter\/","title":{"rendered":"OWON HDS242 Elde Ta\u015f\u0131nabilir Dijital Osiloskop Multimetre"},"content":{"rendered":"<h3>OWON HDS242S 3&#8217;\u00fc 1 Arada Ta\u015f\u0131nabilir Dijital Osiloskop Dalga Formu \u00dcreteci Multimetre 2CH USB Tip C 40MHz 3.5 LCD Test Metresi<\/h3>\n<h3 class=\"a-spacing-mini\">Teknik \u00d6zellikler:<\/h3>\n<h5 class=\"a-spacing-mini a-color-secondary\">Osiloskop<\/h5>\n<ul>\n<li class=\"a-spacing-base\">Kanallar: 2-CH Osiloskop \u00d6rnekleme H\u0131z\u0131: 250MSa\/s<\/li>\n<li class=\"a-spacing-base\">Kay\u0131t Modu: Normal, Pik tespit<\/li>\n<li class=\"a-spacing-base\">Kay\u0131t Uzunlu\u011fu: 8K<\/li>\n<li class=\"a-spacing-base\">Ekran: 3.5-in\u00e7 LCD Dalga Formu<\/li>\n<li class=\"a-spacing-base\">Yenileme H\u0131z\u0131: 10,000 dalga\/s<\/li>\n<li class=\"a-spacing-base\">Giri\u015f Ba\u011flant\u0131s\u0131: DC, AC ve Toprak<\/li>\n<li class=\"a-spacing-base\">Giri\u015f Empedans\u0131: 1 M\u03a9\u00b12%, 16pF\u00b110pF ile paralel<\/li>\n<li class=\"a-spacing-base\">Prob Attenuasyon Fakt\u00f6rleri: 1X,10X,100X,1000X,10000X Maks.<\/li>\n<li class=\"a-spacing-base\">Giri\u015f Voltaj\u0131: 400V (DC+AC, PK-PK, 1M\u03a9 giri\u015f empedans\u0131) (10:1 prob attenuasyonu)<\/li>\n<li class=\"a-spacing-base\">Bant Geni\u015fli\u011fi S\u0131n\u0131r\u0131 (tipik): 20MHz<\/li>\n<li class=\"a-spacing-base\">Yatay \u00d6l\u00e7ek: 5ns\/div &#8211; 1000s\/div, 1 &#8211; 2 &#8211; 5 ad\u0131m<\/li>\n<li class=\"a-spacing-base\">Dikey Hassasiyet: 10mV\/div &#8211; 10V\/div<\/li>\n<li class=\"a-spacing-base\">Dikey \u00c7\u00f6z\u00fcn\u00fcrl\u00fck: 8 bit<\/li>\n<li class=\"a-spacing-base\">Tetikleme T\u00fcr\u00fc: Kenar Tetikleme<\/li>\n<li class=\"a-spacing-base\">Modlar: Otomatik, Normal, Tek<\/li>\n<li class=\"a-spacing-base\">Otomatik \u00d6l\u00e7\u00fcm: Periyot, Frekans, Ortalama, PK-PK, Maks, Min<\/li>\n<li class=\"a-spacing-base\">Kursor \u00d6l\u00e7\u00fcm\u00fc: \u0394V, \u0394T, Kursorlar aras\u0131ndaki \u0394T&amp;\u0394V<\/li>\n<li class=\"a-spacing-base\">\u0130leti\u015fim Aray\u00fcz\u00fc: USB Tip-C<\/li>\n<\/ul>","protected":false},"excerpt":{"rendered":"<p>OWON HDS242S 3 in1 Handheld Digital Oscilloscope Waveform Generator Multimeter 2CH USB Type C 40MHz 3.5 LCD Test Meter<\/p>","protected":false},"featured_media":16460,"comment_status":"open","ping_status":"closed","template":"","meta":{"_monsterinsights_skip_tracking":false,"_monsterinsights_sitenote_active":false,"_monsterinsights_sitenote_note":"","_monsterinsights_sitenote_category":0},"product_cat":[384],"product_tag":[],"aioseo_notices":[],"jetpack_sharing_enabled":true,"_links":{"self":[{"href":"https:\/\/digitaltarget.com.tr\/ar\/wp-json\/wp\/v2\/product\/16238"}],"collection":[{"href":"https:\/\/digitaltarget.com.tr\/ar\/wp-json\/wp\/v2\/product"}],"about":[{"href":"https:\/\/digitaltarget.com.tr\/ar\/wp-json\/wp\/v2\/types\/product"}],"replies":[{"embeddable":true,"href":"https:\/\/digitaltarget.com.tr\/ar\/wp-json\/wp\/v2\/comments?post=16238"}],"version-history":[{"count":7,"href":"https:\/\/digitaltarget.com.tr\/ar\/wp-json\/wp\/v2\/product\/16238\/revisions"}],"predecessor-version":[{"id":19024,"href":"https:\/\/digitaltarget.com.tr\/ar\/wp-json\/wp\/v2\/product\/16238\/revisions\/19024"}],"wp:featuredmedia":[{"embeddable":true,"href":"https:\/\/digitaltarget.com.tr\/ar\/wp-json\/wp\/v2\/media\/16460"}],"wp:attachment":[{"href":"https:\/\/digitaltarget.com.tr\/ar\/wp-json\/wp\/v2\/media?parent=16238"}],"wp:term":[{"taxonomy":"product_cat","embeddable":true,"href":"https:\/\/digitaltarget.com.tr\/ar\/wp-json\/wp\/v2\/product_cat?post=16238"},{"taxonomy":"product_tag","embeddable":true,"href":"https:\/\/digitaltarget.com.tr\/ar\/wp-json\/wp\/v2\/product_tag?post=16238"}],"curies":[{"name":"wp","href":"https:\/\/api.w.org\/{rel}","templated":true}]}}