{"id":16240,"date":"2023-08-17T11:28:00","date_gmt":"2023-08-17T11:28:00","guid":{"rendered":"https:\/\/digitaltarget.com.tr\/?post_type=product&#038;p=16240"},"modified":"2025-07-22T13:40:03","modified_gmt":"2025-07-22T13:40:03","slug":"rfm98pw-low-funktion-longrange-wireless-transceiver-modul-rfm98p-433mhz-470mhz-868mhz-915mhz-sx1278","status":"publish","type":"product","link":"https:\/\/digitaltarget.com.tr\/ar\/product\/rfm98pw-low-funktion-longrange-wireless-transceiver-modul-rfm98p-433mhz-470mhz-868mhz-915mhz-sx1278\/","title":{"rendered":"RFM98PW Uzun Menzilli Kablosuz Al\u0131c\u0131-Verici Mod\u00fcl\u00fc 433MHZ"},"content":{"rendered":"<h3><span data-spm-anchor-id=\"a2g0o.detail.1000023.i0.4c89oEC7oEC7FO\">RF LoRa al\u0131c\u0131-verici mod\u00fcl\u00fc RFM95PW a\u00e7\u0131klamalar\u0131:<\/span><\/h3>\n<p>RFM98PW\/RFM95PW RF LoRa al\u0131c\u0131-verici mod\u00fcl serisi, y\u00fcksek performansl\u0131 LoRaTM mod\u00fclasyon tekni\u011fi RF98\/RF96 \u00e7ipine dayal\u0131 olarak tasarlanm\u0131\u015ft\u0131r. 169\/433\/470MHz (RFM98PW) ve 868\/915MHz (RFM95PW) ISM band\u0131nda \u00e7al\u0131\u015f\u0131r ve geli\u015ftirilmi\u015f +30dBm \u00e7\u0131k\u0131\u015f g\u00fcc\u00fc ile d\u00fc\u015f\u00fck al\u0131m hassasiyeti (-136dBm), geni\u015fletilmi\u015f menzil ve iyile\u015ftirilmi\u015f ba\u011flant\u0131 performans\u0131 sa\u011flar.<\/p>\n<h3>2. RF LoRa al\u0131c\u0131-verici mod\u00fcl\u00fc RFM95PW \u00f6zellikleri:<\/h3>\n<ul>\n<li>LoRaTM Modem.<\/li>\n<li>166dB maksimum ba\u011flant\u0131 b\u00fct\u00e7esi.<\/li>\n<li>+30 dBm \u00e7\u0131k\u0131\u015f g\u00fcc\u00fc @ 433\/470MHz band\u0131; +27 dBm \u00e7\u0131k\u0131\u015f g\u00fcc\u00fc @ 169\/868\/915 MHz band\u0131.<\/li>\n<li>300 kbps&#8217;ye kadar programlanabilir veri h\u0131z\u0131.<\/li>\n<li>Y\u00fcksek hassasiyet: -136dBm&#8217;ye kadar.<\/li>\n<li>13mA d\u00fc\u015f\u00fck RX ak\u0131m\u0131.<\/li>\n<li>FSK, GFSK, MSK, GMSK, LoRaTM ve OOK mod\u00fclasyonu.<\/li>\n<li>Klon geri kazan\u0131m\u0131 i\u00e7in yerle\u015fik bit senkronizat\u00f6r\u00fc.<\/li>\n<li>Otomatik RF Alg\u0131lama ve ultra h\u0131zl\u0131 AFC ile CAD.<\/li>\n<li>256 byte paket motoru ile CRC.<\/li>\n<li>Yerle\u015fik s\u0131cakl\u0131k sens\u00f6r\u00fc ve d\u00fc\u015f\u00fck batarya g\u00f6stergesi.<\/li>\n<li>SMD paket (35.4x18x3.85mm)<\/li>\n<\/ul>\n<h3>3. RF LoRa al\u0131c\u0131-verici mod\u00fcl\u00fc RFM95PW tipik uygulamalar\u0131:<\/h3>\n<ul>\n<li>Uzun menzilli sistemler<\/li>\n<li>Meter okuma<\/li>\n<li>Kablosuz veri toplama<\/li>\n<li>Otomobil g\u00fcvenlik sistemi<\/li>\n<li>Ev otomasyonu ve g\u00fcvenlik sistemi<\/li>\n<\/ul>","protected":false},"excerpt":{"rendered":"<p>RFM98PW<\/p>","protected":false},"featured_media":16722,"comment_status":"open","ping_status":"closed","template":"","meta":{"_monsterinsights_skip_tracking":false,"_monsterinsights_sitenote_active":false,"_monsterinsights_sitenote_note":"","_monsterinsights_sitenote_category":0},"product_cat":[448,356],"product_tag":[],"aioseo_notices":[],"jetpack_sharing_enabled":true,"_links":{"self":[{"href":"https:\/\/digitaltarget.com.tr\/ar\/wp-json\/wp\/v2\/product\/16240"}],"collection":[{"href":"https:\/\/digitaltarget.com.tr\/ar\/wp-json\/wp\/v2\/product"}],"about":[{"href":"https:\/\/digitaltarget.com.tr\/ar\/wp-json\/wp\/v2\/types\/product"}],"replies":[{"embeddable":true,"href":"https:\/\/digitaltarget.com.tr\/ar\/wp-json\/wp\/v2\/comments?post=16240"}],"version-history":[{"count":6,"href":"https:\/\/digitaltarget.com.tr\/ar\/wp-json\/wp\/v2\/product\/16240\/revisions"}],"predecessor-version":[{"id":19025,"href":"https:\/\/digitaltarget.com.tr\/ar\/wp-json\/wp\/v2\/product\/16240\/revisions\/19025"}],"wp:featuredmedia":[{"embeddable":true,"href":"https:\/\/digitaltarget.com.tr\/ar\/wp-json\/wp\/v2\/media\/16722"}],"wp:attachment":[{"href":"https:\/\/digitaltarget.com.tr\/ar\/wp-json\/wp\/v2\/media?parent=16240"}],"wp:term":[{"taxonomy":"product_cat","embeddable":true,"href":"https:\/\/digitaltarget.com.tr\/ar\/wp-json\/wp\/v2\/product_cat?post=16240"},{"taxonomy":"product_tag","embeddable":true,"href":"https:\/\/digitaltarget.com.tr\/ar\/wp-json\/wp\/v2\/product_tag?post=16240"}],"curies":[{"name":"wp","href":"https:\/\/api.w.org\/{rel}","templated":true}]}}