{"id":16242,"date":"2023-08-17T11:28:00","date_gmt":"2023-08-17T11:28:00","guid":{"rendered":"https:\/\/digitaltarget.com.tr\/?post_type=product&#038;p=16242"},"modified":"2025-07-22T13:40:16","modified_gmt":"2025-07-22T13:40:16","slug":"rfm22b-rfm22bw-433mhz-868mhz-915mhz-rf-transceiver-modul-hoperf-original","status":"publish","type":"product","link":"https:\/\/digitaltarget.com.tr\/ar\/product\/rfm22b-rfm22bw-433mhz-868mhz-915mhz-rf-transceiver-modul-hoperf-original\/","title":{"rendered":"HopeRF OR\u0130J\u0130NAL RFM22B 433Mhz RF Al\u0131c\u0131-Verici Mod\u00fcl\u00fc"},"content":{"rendered":"<p><span id=\"tl_6\" data-spm-anchor-id=\"a2g0o.detail.1000023.i0.79bdFdxkFdxkNK\">Hoperf&#8217;in RFM22B&#8217;si, y\u00fcksek entegrasyona sahip, d\u00fc\u015f\u00fck maliyetli, 433\/868\/915MHZ kablosuz ISM al\u0131c\u0131-verici mod\u00fcl\u00fcd\u00fcr. Sekt\u00f6r lideri +20dBm \u00e7\u0131k\u0131\u015f g\u00fcc\u00fc ile d\u00fc\u015f\u00fck al\u0131m hassasiyeti, geni\u015fletilmi\u015f menzil ve iyile\u015ftirilmi\u015f ba\u011flant\u0131 performans\u0131 sa\u011flar. Yerle\u015fik anten \u00e7e\u015fitlili\u011fi ve frekans atlama deste\u011fi, menzili daha da geni\u015fletmek ve performans\u0131 art\u0131rmak i\u00e7in kullan\u0131labilir.<\/span><\/p>","protected":false},"excerpt":{"rendered":"<p>RFM22B<\/p>","protected":false},"featured_media":16725,"comment_status":"open","ping_status":"closed","template":"","meta":{"_monsterinsights_skip_tracking":false,"_monsterinsights_sitenote_active":false,"_monsterinsights_sitenote_note":"","_monsterinsights_sitenote_category":0},"product_cat":[448,356],"product_tag":[],"aioseo_notices":[],"jetpack_sharing_enabled":true,"_links":{"self":[{"href":"https:\/\/digitaltarget.com.tr\/ar\/wp-json\/wp\/v2\/product\/16242"}],"collection":[{"href":"https:\/\/digitaltarget.com.tr\/ar\/wp-json\/wp\/v2\/product"}],"about":[{"href":"https:\/\/digitaltarget.com.tr\/ar\/wp-json\/wp\/v2\/types\/product"}],"replies":[{"embeddable":true,"href":"https:\/\/digitaltarget.com.tr\/ar\/wp-json\/wp\/v2\/comments?post=16242"}],"version-history":[{"count":6,"href":"https:\/\/digitaltarget.com.tr\/ar\/wp-json\/wp\/v2\/product\/16242\/revisions"}],"predecessor-version":[{"id":19026,"href":"https:\/\/digitaltarget.com.tr\/ar\/wp-json\/wp\/v2\/product\/16242\/revisions\/19026"}],"wp:featuredmedia":[{"embeddable":true,"href":"https:\/\/digitaltarget.com.tr\/ar\/wp-json\/wp\/v2\/media\/16725"}],"wp:attachment":[{"href":"https:\/\/digitaltarget.com.tr\/ar\/wp-json\/wp\/v2\/media?parent=16242"}],"wp:term":[{"taxonomy":"product_cat","embeddable":true,"href":"https:\/\/digitaltarget.com.tr\/ar\/wp-json\/wp\/v2\/product_cat?post=16242"},{"taxonomy":"product_tag","embeddable":true,"href":"https:\/\/digitaltarget.com.tr\/ar\/wp-json\/wp\/v2\/product_tag?post=16242"}],"curies":[{"name":"wp","href":"https:\/\/api.w.org\/{rel}","templated":true}]}}