{"id":16244,"date":"2023-08-17T11:28:01","date_gmt":"2023-08-17T11:28:01","guid":{"rendered":"https:\/\/digitaltarget.com.tr\/?post_type=product&#038;p=16244"},"modified":"2024-08-02T13:14:25","modified_gmt":"2024-08-02T13:14:25","slug":"high-quality-apm-2-5-2-6-2-8-pixhawk-power-module-30v-90a-5-3v-dc-bec-available-with-t-plug-or-xt60-for-rc-drone","status":"publish","type":"product","link":"https:\/\/digitaltarget.com.tr\/ar\/product\/high-quality-apm-2-5-2-6-2-8-pixhawk-power-module-30v-90a-5-3v-dc-bec-available-with-t-plug-or-xt60-for-rc-drone\/","title":{"rendered":"Y\u00fcksek Kaliteli APM 2.5 2.6 2.8 Pixhawk G\u00fc\u00e7 Mod\u00fcl\u00fc 30V 90A + 5.3V DC BEC T Fi\u015fi veya RC Drone i\u00e7in XT60 ile Mevcuttur"},"content":{"rendered":"<p>FV-APM-BEC<\/p>\n<div><span data-spm-anchor-id=\"a2g0o.detail.1000023.i0.72ff7whG7whG6S\">APM 2.5 g\u00fc\u00e7 mod\u00fcl\u00fc, APM 6.2&#8217;ye bir LiPo pil sa\u011flamak i\u00e7in basit bir yoldur ve ayn\u0131 zamanda 5 konumlu bir kablodan temiz g\u00fc\u00e7 sa\u011flar, ak\u0131m t\u00fcketimi ve batarya voltaj\u0131 \u00f6l\u00e7\u00fcmleri yapar. Dahili anahtarlamal\u0131 reg\u00fclat\u00f6r, 5.3V ve 2.25A&#8217;ya kadar 4S LiPo pilden \u00e7\u0131k\u0131\u015f sa\u011flar. G\u00fc\u00e7 mod\u00fcl\u00fc, Deans konnekt\u00f6rleri ile tamamen monte edilmi\u015f olarak gelir ve koruma i\u00e7in shrink boruya sar\u0131lm\u0131\u015ft\u0131r.<\/span><\/div>\n<div>Batarya voltaj\u0131n\u0131 ve batarya ak\u0131m\u0131n\u0131 alg\u0131lamak i\u00e7in kullan\u0131l\u0131r, u\u00e7u\u015f kontrol kart\u0131 iki sinyal al\u0131r, kalan batarya g\u00fcc\u00fcn\u00fc hesaplar, kalan u\u00e7u\u015f s\u00fcresini tahmin eder. Ayr\u0131ca mod\u00fcl BEC fonksiyonu ile birlikte gelir, u\u00e7u\u015f kontrol kart\u0131na 5.3V DC sa\u011flar, maksimum s\u00fcrekli ak\u0131m\u0131 3A&#8217;ya kadar \u00e7\u0131k\u0131\u015f yapabilir, stabil bir g\u00fc\u00e7 kayna\u011f\u0131 sa\u011flar. Ba\u015fka bir sinyal kablo konnekt\u00f6rleri Japon orijinal ba\u011flant\u0131 par\u00e7alar\u0131 kullan\u0131r, yerli olmayan ba\u011flant\u0131, yani APM u\u00e7u\u015f kontrol kart\u0131 ile g\u00fc\u00e7 kayna\u011f\u0131 mod\u00fcl\u00fc aras\u0131nda g\u00fcvenilir bir ba\u011flant\u0131 sa\u011flar.<\/div>\n<div><\/div>\n<div>Deans fi\u015fi<\/div>\n<div>Maksimum giri\u015f voltaj\u0131: 25V<\/div>\n<div>Maksimum ak\u0131m alg\u0131lama: 90A<\/div>\n<div>5V ADC i\u00e7in yap\u0131land\u0131r\u0131lm\u0131\u015f voltaj ve ak\u0131m \u00f6l\u00e7\u00fcm\u00fc<\/div>\n<div>Anahtarlamal\u0131 reg\u00fclat\u00f6r 5.3V ve maksimum 3A \u00e7\u0131k\u0131\u015f yapar<\/div>\n<div>6P molex kablo, APM\/Arduflyer 2.5 &#8216;PM&#8217; konnekt\u00f6r\u00fcne do\u011frudan tak\u0131l\u0131r<\/div>\n<div>Not: G\u00fc\u00e7 mod\u00fcl\u00fc yaln\u0131zca APM\/Arduflyer, bir RC al\u0131c\u0131s\u0131 ve aksesuarlar\u0131 (GPS, radyo telemetri) beslemek i\u00e7in tasarlanm\u0131\u015ft\u0131r. Servo g\u00fc\u00e7 sa\u011flamak i\u00e7in tasarlanmam\u0131\u015ft\u0131r. Bunun i\u00e7in, u\u00e7a\u011f\u0131n\u0131z\u0131n kendi ESC\/BEC&#8217;sini kullan\u0131n.<\/div>\n<div>Renk: siyah ve k\u0131rm\u0131z\u0131<\/div>\n<div>Boyut: 137mm<\/div>\n<div>Kablo uzunlu\u011fu: 192mm<\/div>\n<div>Net a\u011f\u0131rl\u0131k: 27g<\/div>","protected":false},"excerpt":{"rendered":"<p>FV-APM-BEC<\/p>","protected":false},"featured_media":16709,"comment_status":"open","ping_status":"closed","template":"","meta":{"_monsterinsights_skip_tracking":false,"_monsterinsights_sitenote_active":false,"_monsterinsights_sitenote_note":"","_monsterinsights_sitenote_category":0},"product_cat":[434,385],"product_tag":[],"aioseo_notices":[],"jetpack_sharing_enabled":true,"_links":{"self":[{"href":"https:\/\/digitaltarget.com.tr\/ar\/wp-json\/wp\/v2\/product\/16244"}],"collection":[{"href":"https:\/\/digitaltarget.com.tr\/ar\/wp-json\/wp\/v2\/product"}],"about":[{"href":"https:\/\/digitaltarget.com.tr\/ar\/wp-json\/wp\/v2\/types\/product"}],"replies":[{"embeddable":true,"href":"https:\/\/digitaltarget.com.tr\/ar\/wp-json\/wp\/v2\/comments?post=16244"}],"version-history":[{"count":5,"href":"https:\/\/digitaltarget.com.tr\/ar\/wp-json\/wp\/v2\/product\/16244\/revisions"}],"predecessor-version":[{"id":19200,"href":"https:\/\/digitaltarget.com.tr\/ar\/wp-json\/wp\/v2\/product\/16244\/revisions\/19200"}],"wp:featuredmedia":[{"embeddable":true,"href":"https:\/\/digitaltarget.com.tr\/ar\/wp-json\/wp\/v2\/media\/16709"}],"wp:attachment":[{"href":"https:\/\/digitaltarget.com.tr\/ar\/wp-json\/wp\/v2\/media?parent=16244"}],"wp:term":[{"taxonomy":"product_cat","embeddable":true,"href":"https:\/\/digitaltarget.com.tr\/ar\/wp-json\/wp\/v2\/product_cat?post=16244"},{"taxonomy":"product_tag","embeddable":true,"href":"https:\/\/digitaltarget.com.tr\/ar\/wp-json\/wp\/v2\/product_tag?post=16244"}],"curies":[{"name":"wp","href":"https:\/\/api.w.org\/{rel}","templated":true}]}}