{"id":16246,"date":"2023-08-17T11:28:02","date_gmt":"2023-08-17T11:28:02","guid":{"rendered":"https:\/\/digitaltarget.com.tr\/?post_type=product&#038;p=16246"},"modified":"2024-08-02T13:02:47","modified_gmt":"2024-08-02T13:02:47","slug":"pix-2-4-8-32bit-pixhawk-px4-pix-2-4-8-32-bit-flight-controller-autopilot-with-4g-sd-safety-switch-buzzer-ppm-i2c-rc-quadcopter-ardupilot-pixhawk1","status":"publish","type":"product","link":"https:\/\/digitaltarget.com.tr\/ar\/product\/pix-2-4-8-32bit-pixhawk-px4-pix-2-4-8-32-bit-flight-controller-autopilot-with-4g-sd-safety-switch-buzzer-ppm-i2c-rc-quadcopter-ardupilot-pixhawk1\/","title":{"rendered":"Pixhawk PX4 U\u00e7u\u015f Kontrol\u00f6r\u00fc Otopilot 4G SD Emniyet Anahtar\u0131 Buzzer PPM I2C"},"content":{"rendered":"<p>Pixhawk PX4<\/p>\n<div><span data-spm-anchor-id=\"a2g0o.detail.1000023.i2.3a83u2udu2udWl\">Pixhawk 2.4.8 en son resmi otopilot yaz\u0131l\u0131m\u0131n\u0131 ve PX4 yaz\u0131l\u0131m\u0131n\u0131 destekler.<\/span><\/div>\n<div><span data-spm-anchor-id=\"a2g0o.detail.1000023.i1.3a83u2udu2udWl\">1. Geli\u015fmi\u015f 4-bit ARM CortexM32 y\u00fcksek performansl\u0131 i\u015flemciler (2MB flash) NuttX RTOS ger\u00e7ek zamanl\u0131 i\u015fletim sistemini \u00e7al\u0131\u015ft\u0131rabilir;<\/span><\/div>\n<div>2. 14 PWM\/servo \u00e7\u0131k\u0131\u015f\u0131;<\/div>\n<div>3. Veri yolu aray\u00fcz\u00fc (UART, I2C, SPI, CAN);<\/div>\n<div>4. Dahili g\u00fc\u00e7 ve yedek kontrol\u00f6r, ana kontrolc\u00fc ar\u0131zaland\u0131\u011f\u0131nda yedek kontrol g\u00fcvenlidir;<\/div>\n<div>5. Otomatik ve manuel modlar sa\u011flar;<\/div>\n<div>6. Yedekli g\u00fc\u00e7 giri\u015fi ve hata tolerans\u0131 sa\u011flar;<\/div>\n<div>7. \u00c7ok renkli LED \u0131\u015f\u0131klar;<\/div>\n<div>8. \u00c7ok tonlu zil aray\u00fcz\u00fc sa\u011flar;<\/div>\n<div>9. U\u00e7u\u015f verilerini kaydetmek i\u00e7in Micro SD;<\/div>\n<div><\/div>\n<div><strong>\u00d6zellikler:<\/strong><\/div>\n<div><\/div>\n<div>Aray\u00fcz<\/div>\n<div>1. 1.5 UART y\u00fcksek voltaj uyumlu, 1, 2 ile materyal ak\u0131\u015f kontrol\u00fc<\/div>\n<div>2. 2 CAN<\/div>\n<div>3. Spektrum DSM\/DSM2\/DSM-X uydu al\u0131c\u0131s\u0131 ile uyumlu giri\u015f<\/div>\n<div>4. Futaba SBUS uyumlu giri\u015fler ve \u00e7\u0131k\u0131\u015flar<\/div>\n<div>5. PPM Sinyal Giri\u015fi<\/div>\n<div>6. RSSI giri\u015fi (PWM veya voltaj)<\/div>\n<div>7. I2C<\/div>\n<div>8. SPI<\/div>\n<div>9. 3.3 ve 6.6 VAM Giri\u015fi<\/div>\n<div>10. Harici MICRO USB aray\u00fcz\u00fc<\/div>","protected":false},"excerpt":{"rendered":"<p>Pixhawk PX4<\/p>","protected":false},"featured_media":16467,"comment_status":"open","ping_status":"closed","template":"","meta":{"_monsterinsights_skip_tracking":false,"_monsterinsights_sitenote_active":false,"_monsterinsights_sitenote_note":"","_monsterinsights_sitenote_category":0},"product_cat":[355,358,385],"product_tag":[],"aioseo_notices":[],"jetpack_sharing_enabled":true,"_links":{"self":[{"href":"https:\/\/digitaltarget.com.tr\/ar\/wp-json\/wp\/v2\/product\/16246"}],"collection":[{"href":"https:\/\/digitaltarget.com.tr\/ar\/wp-json\/wp\/v2\/product"}],"about":[{"href":"https:\/\/digitaltarget.com.tr\/ar\/wp-json\/wp\/v2\/types\/product"}],"replies":[{"embeddable":true,"href":"https:\/\/digitaltarget.com.tr\/ar\/wp-json\/wp\/v2\/comments?post=16246"}],"version-history":[{"count":6,"href":"https:\/\/digitaltarget.com.tr\/ar\/wp-json\/wp\/v2\/product\/16246\/revisions"}],"predecessor-version":[{"id":17075,"href":"https:\/\/digitaltarget.com.tr\/ar\/wp-json\/wp\/v2\/product\/16246\/revisions\/17075"}],"wp:featuredmedia":[{"embeddable":true,"href":"https:\/\/digitaltarget.com.tr\/ar\/wp-json\/wp\/v2\/media\/16467"}],"wp:attachment":[{"href":"https:\/\/digitaltarget.com.tr\/ar\/wp-json\/wp\/v2\/media?parent=16246"}],"wp:term":[{"taxonomy":"product_cat","embeddable":true,"href":"https:\/\/digitaltarget.com.tr\/ar\/wp-json\/wp\/v2\/product_cat?post=16246"},{"taxonomy":"product_tag","embeddable":true,"href":"https:\/\/digitaltarget.com.tr\/ar\/wp-json\/wp\/v2\/product_tag?post=16246"}],"curies":[{"name":"wp","href":"https:\/\/api.w.org\/{rel}","templated":true}]}}