{"id":16248,"date":"2023-08-17T11:28:02","date_gmt":"2023-08-17T11:28:02","guid":{"rendered":"https:\/\/digitaltarget.com.tr\/?post_type=product&#038;p=16248"},"modified":"2024-10-31T11:08:15","modified_gmt":"2024-10-31T11:08:15","slug":"neo-m8n-m8n-8m-8n-6m-high-precision-gps-built-in-compass-w-stand-holder-for-apm-2-6-2-8-pixhawk-2-4-6-2-4-8-gps","status":"publish","type":"product","link":"https:\/\/digitaltarget.com.tr\/ar\/product\/neo-m8n-m8n-8m-8n-6m-high-precision-gps-built-in-compass-w-stand-holder-for-apm-2-6-2-8-pixhawk-2-4-6-2-4-8-gps\/","title":{"rendered":"NEO-M8N GPS"},"content":{"rendered":"<p>NEO-M8N GPS<\/p>\n<h6><span data-spm-anchor-id=\"a2g0o.detail.1000023.i1.12d0EOxnEOxnyK\">Yeni nesil M8N GPS, d\u00fc\u015f\u00fck enerji t\u00fcketimi ve y\u00fcksek do\u011fruluk sunar. Nihai do\u011fruluk 0.6 metredir, asl\u0131nda neredeyse 0.9 metredir, \u00f6nceki nesil 7N&#8217;in 1.4-1.6 metre do\u011frulu\u011fundan daha y\u00fcksektir. GPS\/QZSS L1 C\/A, GLONASS L10F, BeiDou B1 protokol\u00fc ve daha fazlas\u0131n\u0131 destekler.<\/span><\/h6>\n<p class=\" translation-block\">GPS \u00e7ip parametreleri: Al\u0131c\u0131 tipi 72 kanal u-blox motoru M8<br>\r\nGPS\/QZSS L1 C\/A, GLONASS L10F, BeiDou B1<br>\r\nSBAS L1 C\/A:<br>\r\nWAAS, EGNOS, MSAS<br>\r\nGalileo E1B\/C (M8N) i\u00e7in haz\u0131r<br>\r\nNav. tek GNSS g\u00fcncelleme h\u0131z\u0131: 18 HZ\u2019ye kadar<br>\r\nGNSS ayn\u0131 anda: 10Hz\u2019ye kadar<br>\r\nKonum do\u011frulu\u011fu: 2.0 m CEP<br>\r\nHassasiyet: \u0130zleme ve navigasyon: -167 dBm So\u011fuk ba\u015flang\u0131\u00e7: -148 dBm S\u0131cak ba\u015flang\u0131\u00e7: -156 dBm<\/p>\n<p class=\" translation-block\">Assist Now Online GNSS Deste\u011fi Assist Now GNSS<br>\r\n\u00e7evrimd\u0131\u015f\u0131 (35 g\u00fcne kadar)<br>\r\nAssist Now Otonom (6 g\u00fcne kadar)<br>\r\nOMA SUPL ve 3GPP uyumlu<br>\r\nTCXO osilat\u00f6r (M8N\/Q),<br>\r\nKristal (M8M)<br>\r\nRTC entegreli<br>\r\nkristal LNA g\u00fcr\u00fclt\u00fc fig\u00fcr\u00fc (M8M). Ek LNA ile<br>\r\nEn d\u00fc\u015f\u00fck g\u00fcr\u00fclt\u00fc fig\u00fcr\u00fc (M8N\/Q)<br>\r\nAktif CW anti-jamming tespiti ve kald\u0131rma. Ek olarak<br>\r\nDahili SAW Bandpass Filtresi (M8N\/Q) Antenler Desteklenen Aktif ve Pasif<br>\r\nMesafe \u00d6l\u00e7me<br>\r\nKonum, h\u0131z ve zaman i\u00e7in veri kaydedici (M8N)<\/p>\n<p class=\" translation-block\">\u00c7al\u0131\u015fma s\u0131cakl\u0131\u011f\u0131: -40\u00b0C ila 85\u00b0C<br>\r\nDepolama s\u0131cakl\u0131\u011f\u0131: -40\u00b0C ila 85\u00b0C (M8N\/Q) -40\u00b0C ila 105\u00b0C (M8M) RoHS uyumlu (kur\u015funsuz) ISO 16750\u2019ye g\u00f6re onayl\u0131 ISO\/TS 16949<br>\r\nsertifikal\u0131 \u00fcretim tesislerinde \u00fcretilmi\u015ftir ve tamamen test edilmi\u015ftir AEC-Q8<\/p>\n<p>onayl\u0131 M100 \u00e7ipleri Besleme voltaj\u0131 1.65 V ila 3.6 V (M8M) 2.7 V ila 3.6 V (M8N\/Q) G\u00fc\u00e7 t\u00fcketimi 23 mA ila 3.0 V (DC)<\/p>","protected":false},"excerpt":{"rendered":"<p>NEO-M8N GPS<\/p>\n<p><span data-spm-anchor-id=\"a2g0o.detail.1000023.i1.12d0EOxnEOxnyK\">A new generation M8N GPS, with low power consumption and high accuracy, the ultimate accuracy is 0.6 meters, actually almost 0.9 meters, higher than previous generation 7N 1.4-1.6 meters accuracy, supports GPS\/QZSS L1 C\/A, GLONASS L10F, BeiDou B1 protocol and mode or more.<\/span><\/p>\n<p>&nbsp;<\/p>","protected":false},"featured_media":16458,"comment_status":"open","ping_status":"closed","template":"","meta":{"_monsterinsights_skip_tracking":false,"_monsterinsights_sitenote_active":false,"_monsterinsights_sitenote_note":"","_monsterinsights_sitenote_category":0},"product_cat":[354],"product_tag":[],"aioseo_notices":[],"jetpack_sharing_enabled":true,"_links":{"self":[{"href":"https:\/\/digitaltarget.com.tr\/ar\/wp-json\/wp\/v2\/product\/16248"}],"collection":[{"href":"https:\/\/digitaltarget.com.tr\/ar\/wp-json\/wp\/v2\/product"}],"about":[{"href":"https:\/\/digitaltarget.com.tr\/ar\/wp-json\/wp\/v2\/types\/product"}],"replies":[{"embeddable":true,"href":"https:\/\/digitaltarget.com.tr\/ar\/wp-json\/wp\/v2\/comments?post=16248"}],"version-history":[{"count":8,"href":"https:\/\/digitaltarget.com.tr\/ar\/wp-json\/wp\/v2\/product\/16248\/revisions"}],"predecessor-version":[{"id":19018,"href":"https:\/\/digitaltarget.com.tr\/ar\/wp-json\/wp\/v2\/product\/16248\/revisions\/19018"}],"wp:featuredmedia":[{"embeddable":true,"href":"https:\/\/digitaltarget.com.tr\/ar\/wp-json\/wp\/v2\/media\/16458"}],"wp:attachment":[{"href":"https:\/\/digitaltarget.com.tr\/ar\/wp-json\/wp\/v2\/media?parent=16248"}],"wp:term":[{"taxonomy":"product_cat","embeddable":true,"href":"https:\/\/digitaltarget.com.tr\/ar\/wp-json\/wp\/v2\/product_cat?post=16248"},{"taxonomy":"product_tag","embeddable":true,"href":"https:\/\/digitaltarget.com.tr\/ar\/wp-json\/wp\/v2\/product_tag?post=16248"}],"curies":[{"name":"wp","href":"https:\/\/api.w.org\/{rel}","templated":true}]}}