{"id":16250,"date":"2023-08-17T11:28:02","date_gmt":"2023-08-17T11:28:02","guid":{"rendered":"https:\/\/digitaltarget.com.tr\/?post_type=product&#038;p=16250"},"modified":"2025-01-21T13:41:31","modified_gmt":"2025-01-21T13:41:31","slug":"starter-kit-for-arduino-uno-r124-piece-uno-r3-robotic-coding-applications-super-start-project-training-set-t1","status":"publish","type":"product","link":"https:\/\/digitaltarget.com.tr\/ar\/product\/starter-kit-for-arduino-uno-r124-piece-uno-r3-robotic-coding-applications-super-start-project-training-set-t1\/","title":{"rendered":"Arduino Uno R3 Ba\u015flang\u0131\u00e7 \u200b\u200bSeti 124 Par\u00e7a"},"content":{"rendered":"<h4>Arduino Uno R3 Ba\u015flang\u0131\u00e7 \u200b\u200bSeti 124 Par\u00e7a<\/h4>\n<p><img fetchpriority=\"high\" decoding=\"async\" class=\"alignnone wp-image-17081\" src=\"http:\/\/digitaltarget.com.tr\/wp-content\/uploads\/2023\/08\/Screenshot-2023-09-18-155345-343x300.png\" alt=\"\" width=\"449\" height=\"393\" srcset=\"https:\/\/digitaltarget.com.tr\/wp-content\/uploads\/2023\/08\/Screenshot-2023-09-18-155345-343x300.png 343w, https:\/\/digitaltarget.com.tr\/wp-content\/uploads\/2023\/08\/Screenshot-2023-09-18-155345-430x376.png 430w, https:\/\/digitaltarget.com.tr\/wp-content\/uploads\/2023\/08\/Screenshot-2023-09-18-155345-150x131.png 150w, https:\/\/digitaltarget.com.tr\/wp-content\/uploads\/2023\/08\/Screenshot-2023-09-18-155345.png 434w\" sizes=\"(max-width: 449px) 100vw, 449px\" \/><\/p>\n<p>&nbsp;<\/p>","protected":false},"excerpt":{"rendered":"<p>Starter Kit for Arduino Uno R124 Piece<\/p>","protected":false},"featured_media":16429,"comment_status":"open","ping_status":"closed","template":"","meta":{"_monsterinsights_skip_tracking":false,"_monsterinsights_sitenote_active":false,"_monsterinsights_sitenote_note":"","_monsterinsights_sitenote_category":0},"product_cat":[382,380],"product_tag":[],"aioseo_notices":[],"jetpack_sharing_enabled":true,"_links":{"self":[{"href":"https:\/\/digitaltarget.com.tr\/ar\/wp-json\/wp\/v2\/product\/16250"}],"collection":[{"href":"https:\/\/digitaltarget.com.tr\/ar\/wp-json\/wp\/v2\/product"}],"about":[{"href":"https:\/\/digitaltarget.com.tr\/ar\/wp-json\/wp\/v2\/types\/product"}],"replies":[{"embeddable":true,"href":"https:\/\/digitaltarget.com.tr\/ar\/wp-json\/wp\/v2\/comments?post=16250"}],"version-history":[{"count":4,"href":"https:\/\/digitaltarget.com.tr\/ar\/wp-json\/wp\/v2\/product\/16250\/revisions"}],"predecessor-version":[{"id":19019,"href":"https:\/\/digitaltarget.com.tr\/ar\/wp-json\/wp\/v2\/product\/16250\/revisions\/19019"}],"wp:featuredmedia":[{"embeddable":true,"href":"https:\/\/digitaltarget.com.tr\/ar\/wp-json\/wp\/v2\/media\/16429"}],"wp:attachment":[{"href":"https:\/\/digitaltarget.com.tr\/ar\/wp-json\/wp\/v2\/media?parent=16250"}],"wp:term":[{"taxonomy":"product_cat","embeddable":true,"href":"https:\/\/digitaltarget.com.tr\/ar\/wp-json\/wp\/v2\/product_cat?post=16250"},{"taxonomy":"product_tag","embeddable":true,"href":"https:\/\/digitaltarget.com.tr\/ar\/wp-json\/wp\/v2\/product_tag?post=16250"}],"curies":[{"name":"wp","href":"https:\/\/api.w.org\/{rel}","templated":true}]}}