{"id":16252,"date":"2023-08-17T11:28:02","date_gmt":"2023-08-17T11:28:02","guid":{"rendered":"https:\/\/digitaltarget.com.tr\/?post_type=product&#038;p=16252"},"modified":"2024-12-19T14:37:38","modified_gmt":"2024-12-19T14:37:38","slug":"newest-rfid-starter-kit-for-arduino-uno-r3-upgraded-version-learning-suite-with-retail-box","status":"publish","type":"product","link":"https:\/\/digitaltarget.com.tr\/ar\/product\/newest-rfid-starter-kit-for-arduino-uno-r3-upgraded-version-learning-suite-with-retail-box\/","title":{"rendered":"Arduino UNO R3 i\u00e7in Ba\u015flang\u0131\u00e7 \u200b\u200bSeti Y\u00fckseltilmi\u015f S\u00fcr\u00fcm \u00d6\u011frenme Paketi"},"content":{"rendered":"<div><strong>A\u00e7\u0131klama:<\/strong><\/div>\n<div>RFID \u00d6\u011frenme Seti, ana set g\u00fcncellemeleri i\u00e7in giri\u015f noktas\u0131d\u0131r ve g\u00fcncellemeler genellikle \u015fu alanlarda yap\u0131lmaktad\u0131r:<\/div>\n<div><\/div>\n<div>1. 1602 I2C ekran, kontrol\u00fc daha kolay hale getirmek i\u00e7in de\u011fi\u015ftirildi.<\/div>\n<div>2. Yeni RFID mod\u00fcl\u00fc ve RFID anahtarl\u0131\u011f\u0131 ile beyaz kart eklendi.<\/div>\n<div>3. DS1302 saat mod\u00fcl\u00fc eklendi.<\/div>\n<div>4. Yeni ses alg\u0131lama mod\u00fcl\u00fc eklendi.<\/div>\n<div>5. Yeni s\u0131cakl\u0131k ve nem mod\u00fcl\u00fc eklendi.<\/div>\n<div>6. Yeni su seviyesi tespit mod\u00fcl\u00fc eklendi.<\/div>\n<div>7. 4*4 klavye mod\u00fcl\u00fc eklendi.<\/div>\n<div>8. Yeni 8*8 nokta matris mod\u00fcl\u00fc eklendi.<\/div>","protected":false},"excerpt":{"rendered":"<p>A\u00e7\u0131klama: RFID \u00d6\u011frenme Seti, ana set g\u00fcncellemeleri i\u00e7in giri\u015f noktas\u0131d\u0131r ve g\u00fcncellemeler genellikle \u015fu alanlarda yap\u0131lmaktad\u0131r: 1. 1602 I2C ekran,<\/p>","protected":false},"featured_media":16701,"comment_status":"open","ping_status":"closed","template":"","meta":{"_monsterinsights_skip_tracking":false,"_monsterinsights_sitenote_active":false,"_monsterinsights_sitenote_note":"","_monsterinsights_sitenote_category":0},"product_cat":[382,380],"product_tag":[],"aioseo_notices":[],"jetpack_sharing_enabled":true,"_links":{"self":[{"href":"https:\/\/digitaltarget.com.tr\/ar\/wp-json\/wp\/v2\/product\/16252"}],"collection":[{"href":"https:\/\/digitaltarget.com.tr\/ar\/wp-json\/wp\/v2\/product"}],"about":[{"href":"https:\/\/digitaltarget.com.tr\/ar\/wp-json\/wp\/v2\/types\/product"}],"replies":[{"embeddable":true,"href":"https:\/\/digitaltarget.com.tr\/ar\/wp-json\/wp\/v2\/comments?post=16252"}],"version-history":[{"count":6,"href":"https:\/\/digitaltarget.com.tr\/ar\/wp-json\/wp\/v2\/product\/16252\/revisions"}],"predecessor-version":[{"id":19021,"href":"https:\/\/digitaltarget.com.tr\/ar\/wp-json\/wp\/v2\/product\/16252\/revisions\/19021"}],"wp:featuredmedia":[{"embeddable":true,"href":"https:\/\/digitaltarget.com.tr\/ar\/wp-json\/wp\/v2\/media\/16701"}],"wp:attachment":[{"href":"https:\/\/digitaltarget.com.tr\/ar\/wp-json\/wp\/v2\/media?parent=16252"}],"wp:term":[{"taxonomy":"product_cat","embeddable":true,"href":"https:\/\/digitaltarget.com.tr\/ar\/wp-json\/wp\/v2\/product_cat?post=16252"},{"taxonomy":"product_tag","embeddable":true,"href":"https:\/\/digitaltarget.com.tr\/ar\/wp-json\/wp\/v2\/product_tag?post=16252"}],"curies":[{"name":"wp","href":"https:\/\/api.w.org\/{rel}","templated":true}]}}