{"id":16258,"date":"2023-08-17T11:28:03","date_gmt":"2023-08-17T11:28:03","guid":{"rendered":"https:\/\/digitaltarget.com.tr\/?post_type=product&#038;p=16258"},"modified":"2024-09-23T08:43:52","modified_gmt":"2024-09-23T08:43:52","slug":"waterproof-motorcycle-cover-all-season-dustproof-uv-protective-outdoor-indoor-scooter-190t-wear-resistant-fabric-motorbike-cover","status":"publish","type":"product","link":"https:\/\/digitaltarget.com.tr\/ar\/product\/waterproof-motorcycle-cover-all-season-dustproof-uv-protective-outdoor-indoor-scooter-190t-wear-resistant-fabric-motorbike-cover\/","title":{"rendered":"Su Ge\u00e7irmez Motosiklet \u00d6rt\u00fcs\u00fc Toz Ge\u00e7irmez UV Koruyucu"},"content":{"rendered":"<p>MWUP-XL<\/p>\n<p><strong>\u00f6zellikler:<\/strong><\/p>\n<p class=\" translation-block\">-Yeni ve Y\u00fcksek Kalite<br>\r\n-En \u0130yi Hediye veya Kendi Kullan\u0131m\u0131n\u0131z \u0130\u00e7in<br>\r\n-Toz Ge\u00e7irmez, Su Ge\u00e7irmez, UV\u2019ye Dayan\u0131kl\u0131, \u00c7izilmelere Kar\u015f\u0131 Koruyucu<br>\r\n-Dayan\u0131kl\u0131 Malzeme: Polyester Taffeta 190T<br>\r\n-Motosikletinizi G\u00fcne\u015f I\u015f\u0131\u011f\u0131ndan, Su, Ku\u015flardan, A\u011fa\u00e7lardan, Toz ve Kirden Korur<br>\r\n-\u0130\u00e7 ve D\u0131\u015f Mekan Kullan\u0131m\u0131 \u0130\u00e7in Uygundur<br>\r\n-Elastik Alt Diki\u015fli ve Depolama \u00c7antas\u0131 ile Birlikte Gelir<br>\r\n-Kullan\u0131m\u0131 ve Ta\u015f\u0131mas\u0131 Kolay<\/p>","protected":false},"excerpt":{"rendered":"<p>MWUP-XL<\/p>","protected":false},"featured_media":16687,"comment_status":"open","ping_status":"closed","template":"","meta":{"_monsterinsights_skip_tracking":false,"_monsterinsights_sitenote_active":false,"_monsterinsights_sitenote_note":"","_monsterinsights_sitenote_category":0},"product_cat":[437],"product_tag":[],"aioseo_notices":[],"jetpack_sharing_enabled":true,"_links":{"self":[{"href":"https:\/\/digitaltarget.com.tr\/ar\/wp-json\/wp\/v2\/product\/16258"}],"collection":[{"href":"https:\/\/digitaltarget.com.tr\/ar\/wp-json\/wp\/v2\/product"}],"about":[{"href":"https:\/\/digitaltarget.com.tr\/ar\/wp-json\/wp\/v2\/types\/product"}],"replies":[{"embeddable":true,"href":"https:\/\/digitaltarget.com.tr\/ar\/wp-json\/wp\/v2\/comments?post=16258"}],"version-history":[{"count":6,"href":"https:\/\/digitaltarget.com.tr\/ar\/wp-json\/wp\/v2\/product\/16258\/revisions"}],"predecessor-version":[{"id":19015,"href":"https:\/\/digitaltarget.com.tr\/ar\/wp-json\/wp\/v2\/product\/16258\/revisions\/19015"}],"wp:featuredmedia":[{"embeddable":true,"href":"https:\/\/digitaltarget.com.tr\/ar\/wp-json\/wp\/v2\/media\/16687"}],"wp:attachment":[{"href":"https:\/\/digitaltarget.com.tr\/ar\/wp-json\/wp\/v2\/media?parent=16258"}],"wp:term":[{"taxonomy":"product_cat","embeddable":true,"href":"https:\/\/digitaltarget.com.tr\/ar\/wp-json\/wp\/v2\/product_cat?post=16258"},{"taxonomy":"product_tag","embeddable":true,"href":"https:\/\/digitaltarget.com.tr\/ar\/wp-json\/wp\/v2\/product_tag?post=16258"}],"curies":[{"name":"wp","href":"https:\/\/api.w.org\/{rel}","templated":true}]}}