{"id":16264,"date":"2023-08-17T11:28:04","date_gmt":"2023-08-17T11:28:04","guid":{"rendered":"https:\/\/digitaltarget.com.tr\/?post_type=product&#038;p=16264"},"modified":"2024-08-02T12:49:13","modified_gmt":"2024-08-02T12:49:13","slug":"runcam-phoenix-2-excellent-low-light-performance-1000tvl-2-1mm-freestyle-fpv-camera-pal-ntsc-switchable","status":"publish","type":"product","link":"https:\/\/digitaltarget.com.tr\/ar\/product\/runcam-phoenix-2-excellent-low-light-performance-1000tvl-2-1mm-freestyle-fpv-camera-pal-ntsc-switchable\/","title":{"rendered":"RunCam Phoenix 2 Freestyle FPV Kamera PAL\/NTSC De\u011fi\u015ftirilebilir"},"content":{"rendered":"<div class=\"title--wrap--Ms9Zv4A\" data-spm-anchor-id=\"a2g0o.detail.0.i9.22b9YxeXYxeXAd\">\n<h1 data-pl=\"product-title\" data-spm-anchor-id=\"a2g0o.detail.0.i11.22b9YxeXYxeXAd\">RunCam Phoenix 2 M\u00fckemmel d\u00fc\u015f\u00fck \u0131\u015f\u0131k performans\u0131 1000tvl 2.1mm Serbest Stil FPV Kameras\u0131 PAL\/NTSC De\u011fi\u015ftirilebilir<\/h1>\n<\/div>\n<div class=\"specification--prop--RejitI8\">\n<div class=\"specification--title--UbVeyic\"><strong>Teknik parametreler<\/strong><\/div>\n<div title=\"De\u011fer 2\"><\/div>\n<div class=\"specification--desc--Mz148Bl\" title=\"De\u011fer 2\">De\u011fer 2<\/div>\n<\/div>\n<div class=\"specification--prop--RejitI8\">\n<div class=\"specification--title--UbVeyic\">Model numaras\u0131<\/div>\n<div class=\"specification--desc--Mz148Bl\" title=\"Phoenix 2\">Phoenix 2<\/div>\n<\/div>\n<div class=\"specification--prop--RejitI8\">\n<div class=\"specification--title--UbVeyic\">Ara\u00e7 Tipi \u0130\u00e7in: U\u00e7aklar<\/div>\n<\/div>\n<div class=\"specification--prop--RejitI8\">\n<div class=\"specification--title--UbVeyic\">Alet Malzemeleri: Montajl\u0131 s\u0131n\u0131f<\/div>\n<\/div>\n<div class=\"specification--prop--RejitI8\">\n<div class=\"specification--title--UbVeyic\">D\u00f6rt tekerlekten \u00e7eki\u015f \u00f6zellikleri: montaj<\/div>\n<\/div>\n<div class=\"specification--prop--RejitI8\">\n<div class=\"specification--title--UbVeyic\">Uzaktan Kumanda \u00c7evre Birimleri \/ Cihazlar Al\u0131c\u0131lar\u0131<\/div>\n<\/div>\n<div class=\"specification--prop--RejitI8\">\n<div class=\"specification--title--UbVeyic\">Yedek par\u00e7alar \/ Aksesuarlar Y\u00fckseltme<\/div>\n<div class=\"specification--desc--Mz148Bl\" title=\"Lityum Pil\">Lityum Pil<\/div>\n<\/div>\n<div class=\"specification--prop--RejitI8\">\n<div class=\"specification--title--UbVeyic\">RC Par\u00e7alar\u0131 ve Aksesuarlar\u0131 Al\u0131c\u0131lar\u0131<\/div>\n<\/div>\n<div class=\"specification--prop--RejitI8\">\n<div class=\"specification--title--UbVeyic\">Malzeme<\/div>\n<div class=\"specification--desc--Mz148Bl\" title=\"Maden\">Maden<\/div>\n<\/div>\n<div class=\"specification--prop--RejitI8\">\n<div class=\"specification--title--UbVeyic\">\u00d6nerilen ya\u015f<\/div>\n<div class=\"specification--desc--Mz148Bl\" title=\"12 + y\">12 + y<\/div>\n<div class=\"specification--desc--Mz148Bl\" title=\"12 + y\">Kullan\u0131m: Ara\u00e7lar ve Uzaktan Kumandal\u0131 Oyuncaklar<\/div>\n<\/div>","protected":false},"excerpt":{"rendered":"<p>Phoenix-2<\/p>","protected":false},"featured_media":16670,"comment_status":"open","ping_status":"closed","template":"","meta":{"_monsterinsights_skip_tracking":false,"_monsterinsights_sitenote_active":false,"_monsterinsights_sitenote_note":"","_monsterinsights_sitenote_category":0},"product_cat":[308],"product_tag":[],"aioseo_notices":[],"jetpack_sharing_enabled":true,"_links":{"self":[{"href":"https:\/\/digitaltarget.com.tr\/ar\/wp-json\/wp\/v2\/product\/16264"}],"collection":[{"href":"https:\/\/digitaltarget.com.tr\/ar\/wp-json\/wp\/v2\/product"}],"about":[{"href":"https:\/\/digitaltarget.com.tr\/ar\/wp-json\/wp\/v2\/types\/product"}],"replies":[{"embeddable":true,"href":"https:\/\/digitaltarget.com.tr\/ar\/wp-json\/wp\/v2\/comments?post=16264"}],"version-history":[{"count":6,"href":"https:\/\/digitaltarget.com.tr\/ar\/wp-json\/wp\/v2\/product\/16264\/revisions"}],"predecessor-version":[{"id":19191,"href":"https:\/\/digitaltarget.com.tr\/ar\/wp-json\/wp\/v2\/product\/16264\/revisions\/19191"}],"wp:featuredmedia":[{"embeddable":true,"href":"https:\/\/digitaltarget.com.tr\/ar\/wp-json\/wp\/v2\/media\/16670"}],"wp:attachment":[{"href":"https:\/\/digitaltarget.com.tr\/ar\/wp-json\/wp\/v2\/media?parent=16264"}],"wp:term":[{"taxonomy":"product_cat","embeddable":true,"href":"https:\/\/digitaltarget.com.tr\/ar\/wp-json\/wp\/v2\/product_cat?post=16264"},{"taxonomy":"product_tag","embeddable":true,"href":"https:\/\/digitaltarget.com.tr\/ar\/wp-json\/wp\/v2\/product_tag?post=16264"}],"curies":[{"name":"wp","href":"https:\/\/api.w.org\/{rel}","templated":true}]}}