{"id":16266,"date":"2023-08-17T11:28:04","date_gmt":"2023-08-17T11:28:04","guid":{"rendered":"https:\/\/digitaltarget.com.tr\/?post_type=product&#038;p=16266"},"modified":"2024-08-02T12:50:54","modified_gmt":"2024-08-02T12:50:54","slug":"1080p-cctv-lens-6mm","status":"publish","type":"product","link":"https:\/\/digitaltarget.com.tr\/ar\/product\/1080p-cctv-lens-6mm\/","title":{"rendered":"1080P CCTV LENS 6mm"},"content":{"rendered":"<p>LENS<\/p>\n<p style=\"text-align: left;\" align=\"center\"><strong>\u00d6zellikler:<\/strong><\/p>\n<p style=\"text-align: left;\" align=\"center\">1080P CCTV LENS G\u00fcvenlik Kameras\u0131 Lensi M12 Diyafram F1.8, 1\/2.5&#8243; G\u00f6r\u00fcnt\u00fc Format\u0131 G\u00f6zetim Kameras\u0131 Lensi HD<\/p>\n<p style=\"text-align: left;\" align=\"center\" data-spm-anchor-id=\"a2g0o.detail.1000023.i1.2a90kHz6kHz6Ys\">\u00d6zellikler:<br \/>\nOdak uzunlu\u011fu (mm): 2.8\/3.6mm\/4mm\/6mm\/8mm<br \/>\nG\u00f6r\u00fcnt\u00fc boyutu: 1\/2.7&#8221;<br \/>\nMontaj tipi: M12*0.5<br \/>\nYatay g\u00f6r\u00fc\u015f a\u00e7\u0131s\u0131: 110\/88\/53\/65\/25 derece<br \/>\nDiyafram a\u00e7\u0131kl\u0131\u011f\u0131: sabit<br \/>\nOdak i\u015flemi: sabit<br \/>\nZoom i\u015flemi: sabit<\/p>\n<p>Paket \u0130\u00e7eri\u011fi:<br \/>\n1*1080P kamera lensi<\/p>","protected":false},"excerpt":{"rendered":"<p>LENS<\/p>","protected":false},"featured_media":16427,"comment_status":"open","ping_status":"closed","template":"","meta":{"_monsterinsights_skip_tracking":false,"_monsterinsights_sitenote_active":false,"_monsterinsights_sitenote_note":"","_monsterinsights_sitenote_category":0},"product_cat":[308],"product_tag":[],"aioseo_notices":[],"jetpack_sharing_enabled":true,"_links":{"self":[{"href":"https:\/\/digitaltarget.com.tr\/ar\/wp-json\/wp\/v2\/product\/16266"}],"collection":[{"href":"https:\/\/digitaltarget.com.tr\/ar\/wp-json\/wp\/v2\/product"}],"about":[{"href":"https:\/\/digitaltarget.com.tr\/ar\/wp-json\/wp\/v2\/types\/product"}],"replies":[{"embeddable":true,"href":"https:\/\/digitaltarget.com.tr\/ar\/wp-json\/wp\/v2\/comments?post=16266"}],"version-history":[{"count":5,"href":"https:\/\/digitaltarget.com.tr\/ar\/wp-json\/wp\/v2\/product\/16266\/revisions"}],"predecessor-version":[{"id":19192,"href":"https:\/\/digitaltarget.com.tr\/ar\/wp-json\/wp\/v2\/product\/16266\/revisions\/19192"}],"wp:featuredmedia":[{"embeddable":true,"href":"https:\/\/digitaltarget.com.tr\/ar\/wp-json\/wp\/v2\/media\/16427"}],"wp:attachment":[{"href":"https:\/\/digitaltarget.com.tr\/ar\/wp-json\/wp\/v2\/media?parent=16266"}],"wp:term":[{"taxonomy":"product_cat","embeddable":true,"href":"https:\/\/digitaltarget.com.tr\/ar\/wp-json\/wp\/v2\/product_cat?post=16266"},{"taxonomy":"product_tag","embeddable":true,"href":"https:\/\/digitaltarget.com.tr\/ar\/wp-json\/wp\/v2\/product_tag?post=16266"}],"curies":[{"name":"wp","href":"https:\/\/api.w.org\/{rel}","templated":true}]}}