{"id":16268,"date":"2023-08-17T11:28:04","date_gmt":"2023-08-17T11:28:04","guid":{"rendered":"https:\/\/digitaltarget.com.tr\/?post_type=product&#038;p=16268"},"modified":"2024-10-01T17:06:56","modified_gmt":"2024-10-01T17:06:56","slug":"apc-style-1260-12x6-dd-direct-drive-propeller-blade-ccw-for-rc-airplane-only-ccw-126-prop-genfan-12x6-apc","status":"publish","type":"product","link":"https:\/\/digitaltarget.com.tr\/ar\/product\/apc-style-1260-12x6-dd-direct-drive-propeller-blade-ccw-for-rc-airplane-only-ccw-126-prop-genfan-12x6-apc\/","title":{"rendered":"APC Style 1260 12&#215;6 DD Do\u011frudan Tahrikli Pervane Kanad\u0131 CCW RC U\u00e7ak \u0130\u00e7in"},"content":{"rendered":"<p>\u00dcr\u00fcn Ad\u0131: 12&#215;6 Do\u011frudan Tahrikli Pervane<\/p>\n<div>\n<div>Uzunluk: 12 in\u00e7<\/div>\n<div>Ad\u0131m: 6 in\u00e7<\/div>\n<div>Miktar: 1<\/div>\n<div>Renk: Gri<\/div>\n<div class=\" translation-block\">A\u011f\u0131rl\u0131k: 24 g \/ Adet<br>\r\nT\u00fcr: Saat Y\u00f6n\u00fcnde (CW), Saat Y\u00f6n\u00fcn\u00fcn Tersine (CCW) \u0130ste\u011fe Ba\u011fl\u0131<\/div>\n<\/div>\n<div>Elektrikli U\u00e7u\u015f i\u00e7in 1260 pervane. RC u\u00e7aklar\u0131 i\u00e7in plastik pervane. Bu \u015fekil do\u011frudan tahrik uygulamalar\u0131 i\u00e7in \u00fcretilmi\u015ftir.<\/div>","protected":false},"excerpt":{"rendered":"<p>PERVANE<\/p>","protected":false},"featured_media":16426,"comment_status":"open","ping_status":"closed","template":"","meta":{"_monsterinsights_skip_tracking":false,"_monsterinsights_sitenote_active":false,"_monsterinsights_sitenote_note":"","_monsterinsights_sitenote_category":0},"product_cat":[350],"product_tag":[],"aioseo_notices":[],"jetpack_sharing_enabled":true,"_links":{"self":[{"href":"https:\/\/digitaltarget.com.tr\/ar\/wp-json\/wp\/v2\/product\/16268"}],"collection":[{"href":"https:\/\/digitaltarget.com.tr\/ar\/wp-json\/wp\/v2\/product"}],"about":[{"href":"https:\/\/digitaltarget.com.tr\/ar\/wp-json\/wp\/v2\/types\/product"}],"replies":[{"embeddable":true,"href":"https:\/\/digitaltarget.com.tr\/ar\/wp-json\/wp\/v2\/comments?post=16268"}],"version-history":[{"count":4,"href":"https:\/\/digitaltarget.com.tr\/ar\/wp-json\/wp\/v2\/product\/16268\/revisions"}],"predecessor-version":[{"id":19013,"href":"https:\/\/digitaltarget.com.tr\/ar\/wp-json\/wp\/v2\/product\/16268\/revisions\/19013"}],"wp:featuredmedia":[{"embeddable":true,"href":"https:\/\/digitaltarget.com.tr\/ar\/wp-json\/wp\/v2\/media\/16426"}],"wp:attachment":[{"href":"https:\/\/digitaltarget.com.tr\/ar\/wp-json\/wp\/v2\/media?parent=16268"}],"wp:term":[{"taxonomy":"product_cat","embeddable":true,"href":"https:\/\/digitaltarget.com.tr\/ar\/wp-json\/wp\/v2\/product_cat?post=16268"},{"taxonomy":"product_tag","embeddable":true,"href":"https:\/\/digitaltarget.com.tr\/ar\/wp-json\/wp\/v2\/product_tag?post=16268"}],"curies":[{"name":"wp","href":"https:\/\/api.w.org\/{rel}","templated":true}]}}