{"id":16270,"date":"2023-08-17T11:28:04","date_gmt":"2023-08-17T11:28:04","guid":{"rendered":"https:\/\/digitaltarget.com.tr\/?post_type=product&#038;p=16270"},"modified":"2024-08-02T12:53:15","modified_gmt":"2024-08-02T12:53:15","slug":"stm32-nucleo-h745zi-q-stm32h745zit6-arm-cortex-m7-m4","status":"publish","type":"product","link":"https:\/\/digitaltarget.com.tr\/ar\/product\/stm32-nucleo-h745zi-q-stm32h745zit6-arm-cortex-m7-m4\/","title":{"rendered":"NUCLEO-H745ZI-Q ARM Cortex M7\/M4"},"content":{"rendered":"<p>NUCLEO-H745ZI-Q<\/p>\n<h2>STM32 mod\u00fcl \u00f6zellikleri<\/h2>\n<ul>\n<li>Mikrodenetleyici: STM32H745ZIT6\n<ul>\n<li>\u00c7ekirdek: ARM Cortex M7 32-bit \/ ARM Cortex M4<\/li>\n<li>Saat frekans\u0131: 480 MHz \/ 240 MHz<\/li>\n<li>Flash bellek: 2 MB<\/li>\n<li>SRAM: 864 kB<\/li>\n<li>RAM Bellek: 1 MB<\/li>\n<li>Analog-Dijital D\u00f6n\u00fc\u015ft\u00fcr\u00fcc\u00fc (ADC): 16-bit, 36 kanal<\/li>\n<li>16-bit timer say\u0131s\u0131: 17<\/li>\n<li>32-bit timer say\u0131s\u0131: 2<\/li>\n<li>Aray\u00fczler: 4x I2C, 6x SPI, 3x I2S, 2x CAN, 4x USART, 4x UART, USB OTG FS<\/li>\n<\/ul>\n<\/li>\n<li>\u0130ki tip konnekt\u00f6r:\n<ul>\n<li>Arduino Uno Rev3 uyumlu kapaklar i\u00e7in <a href=\"https:\/\/botland.store\/282-arduino-shield-extension\" target=\"_blank\" rel=\"noopener noreferrer\">konekt\u00f6rler<\/a><\/li>\n<li>Mikrodenetleyici \u00e7\u0131k\u0131\u015flar\u0131na eri\u015fim sa\u011flayan standart STMicroelectronics Morpho pinleri<\/li>\n<\/ul>\n<\/li>\n<li>mbed sistem ile uyumlu mod\u00fcl<\/li>\n<li>ST-Link\/V2 Hata Ay\u0131klay\u0131c\u0131, SWD \u00e7\u0131k\u0131\u015f\u0131 ile ayr\u0131 bir cihaz olarak \u00e7al\u0131\u015fabilme \u00f6zelli\u011fiyle kart \u00fczerinde yer al\u0131r<\/li>\n<li>G\u00fc\u00e7 kayna\u011f\u0131:\n<ul>\n<li>USB arac\u0131l\u0131\u011f\u0131yla<\/li>\n<li>Harici kaynak: ST Zio veya ST Morpho konekt\u00f6rleri \u00fczerinden 3.3 V ve 7-12 V<\/li>\n<li>ST Morpho konekt\u00f6r\u00fc \u00fczerinden 5 V<\/li>\n<\/ul>\n<\/li>\n<li>\u00dc\u00e7 LED dahili:\n<ul>\n<li>1 x besleme voltaj\u0131n\u0131 g\u00f6steren<\/li>\n<li>1 x ileti\u015fimi sinyal veren<\/li>\n<li>1 x kullan\u0131m\u0131n\u0131za sunulan<\/li>\n<\/ul>\n<\/li>\n<li>\u0130ki buton:\n<ul>\n<li>1 x RESET<\/li>\n<li>1 x kullan\u0131m\u0131n\u0131za sunulan<\/li>\n<\/ul>\n<\/li>\n<li class=\" translation-block\">IEEE-802.3-2002<a title=\"Urz\u0105dzenia sieciowe, takie jak: rutery, switche, przewody Ethernet typu patchcord.\" href=\"https:\/\/botland.store\/630-computer-networks\" target=\"_blank\" rel=\"noopener noreferrer\">Ethernet<\/a> aray\u00fcz\u00fc deste\u011fi<\/li>\n<li>Kuvars rezonat\u00f6r\u00fc: 32,768 MHz<\/li>\n<li>\u00dc\u00e7 farkl\u0131 aray\u00fcz ile <a href=\"https:\/\/botland.store\/239-usb-cables\" target=\"_blank\" rel=\"noopener noreferrer\">microUSB<\/a> (USB yeniden numaraland\u0131rma):\n<ul>\n<li>Sanal COM port<\/li>\n<li>Depolama<\/li>\n<li>Programlama\/hata ay\u0131klama portu<\/li>\n<\/ul>\n<\/li>\n<li>Mod\u00fcl, IAR, Keil ve<br \/>","protected":false},"excerpt":{"rendered":"<p>NUCLEO-H745ZI-Q<\/p>\n<p>The STM32 Nucleo-144 board provides an affordable and flexible way for users to try out new concepts and build prototypes by choosing from the various combinations of performance and power consumption features, provided by the STM32 microcontroller. For the compatible boards, the internal or external SMPS significantly reduces power consumption in Run mode.<\/p>","protected":false},"featured_media":16455,"comment_status":"open","ping_status":"closed","template":"","meta":{"_monsterinsights_skip_tracking":false,"_monsterinsights_sitenote_active":false,"_monsterinsights_sitenote_note":"","_monsterinsights_sitenote_category":0},"product_cat":[358,440,387],"product_tag":[],"aioseo_notices":[],"jetpack_sharing_enabled":true,"_links":{"self":[{"href":"https:\/\/digitaltarget.com.tr\/ar\/wp-json\/wp\/v2\/product\/16270"}],"collection":[{"href":"https:\/\/digitaltarget.com.tr\/ar\/wp-json\/wp\/v2\/product"}],"about":[{"href":"https:\/\/digitaltarget.com.tr\/ar\/wp-json\/wp\/v2\/types\/product"}],"replies":[{"embeddable":true,"href":"https:\/\/digitaltarget.com.tr\/ar\/wp-json\/wp\/v2\/comments?post=16270"}],"version-history":[{"count":7,"href":"https:\/\/digitaltarget.com.tr\/ar\/wp-json\/wp\/v2\/product\/16270\/revisions"}],"predecessor-version":[{"id":19193,"href":"https:\/\/digitaltarget.com.tr\/ar\/wp-json\/wp\/v2\/product\/16270\/revisions\/19193"}],"wp:featuredmedia":[{"embeddable":true,"href":"https:\/\/digitaltarget.com.tr\/ar\/wp-json\/wp\/v2\/media\/16455"}],"wp:attachment":[{"href":"https:\/\/digitaltarget.com.tr\/ar\/wp-json\/wp\/v2\/media?parent=16270"}],"wp:term":[{"taxonomy":"product_cat","embeddable":true,"href":"https:\/\/digitaltarget.com.tr\/ar\/wp-json\/wp\/v2\/product_cat?post=16270"},{"taxonomy":"product_tag","embeddable":true,"href":"https:\/\/digitaltarget.com.tr\/ar\/wp-json\/wp\/v2\/product_tag?post=16270"}],"curies":[{"name":"wp","href":"https:\/\/api.w.org\/{rel}","templated":true}]}}