{"id":16272,"date":"2023-08-17T11:28:04","date_gmt":"2023-08-17T11:28:04","guid":{"rendered":"https:\/\/digitaltarget.com.tr\/?post_type=product&#038;p=16272"},"modified":"2025-07-24T04:09:57","modified_gmt":"2025-07-24T04:09:57","slug":"corona-ds939mg-digital-metal-servo","status":"publish","type":"product","link":"https:\/\/digitaltarget.com.tr\/ar\/product\/corona-ds939mg-digital-metal-servo\/","title":{"rendered":"Corona DS939MG Dijital Metal Servo"},"content":{"rendered":"<p>Corona DS939MG Dijital Metal Servo 0,13sn 2,7kg 12,5g RC T-REX 450 Heli 22.5X11.5X24.6mm<\/p>\n<p>mikro servo motor<\/p>\n<p>Boyut: 22.5X11.5X24.6mm (0.88&#8243; x 0.45&#8243; x 0.96&#8243;)<\/p>\n<p>A\u011f\u0131rl\u0131k: 12.5g<\/p>\n<p>Giri\u015f voltaj\u0131: 4.8V ~ 6.0V<\/p>\n<p>Ak\u0131m: 200mA<\/p>\n<p>H\u0131z: 0.14sn\/60\u00b0<\/p>\n<p>Tork: 2.5kg.cm<\/p>\n<p>D\u00f6n\u00fc\u015f aral\u0131\u011f\u0131: 40\u00b0 tek y\u00f6nl\u00fc<\/p>\n<p>Rulman tipi: MR85<\/p>\n<p>Uzunluk: 215mm<\/p>\n<p>\u00c7al\u0131\u015fma s\u0131cakl\u0131\u011f\u0131: -20\u00b0C ile +60\u00b0C<\/p>","protected":false},"excerpt":{"rendered":"<p>micro servo motor<\/p>","protected":false},"featured_media":16682,"comment_status":"open","ping_status":"closed","template":"","meta":{"_monsterinsights_skip_tracking":false,"_monsterinsights_sitenote_active":false,"_monsterinsights_sitenote_note":"","_monsterinsights_sitenote_category":0},"product_cat":[357],"product_tag":[],"aioseo_notices":[],"jetpack_sharing_enabled":true,"_links":{"self":[{"href":"https:\/\/digitaltarget.com.tr\/ar\/wp-json\/wp\/v2\/product\/16272"}],"collection":[{"href":"https:\/\/digitaltarget.com.tr\/ar\/wp-json\/wp\/v2\/product"}],"about":[{"href":"https:\/\/digitaltarget.com.tr\/ar\/wp-json\/wp\/v2\/types\/product"}],"replies":[{"embeddable":true,"href":"https:\/\/digitaltarget.com.tr\/ar\/wp-json\/wp\/v2\/comments?post=16272"}],"version-history":[{"count":9,"href":"https:\/\/digitaltarget.com.tr\/ar\/wp-json\/wp\/v2\/product\/16272\/revisions"}],"predecessor-version":[{"id":19014,"href":"https:\/\/digitaltarget.com.tr\/ar\/wp-json\/wp\/v2\/product\/16272\/revisions\/19014"}],"wp:featuredmedia":[{"embeddable":true,"href":"https:\/\/digitaltarget.com.tr\/ar\/wp-json\/wp\/v2\/media\/16682"}],"wp:attachment":[{"href":"https:\/\/digitaltarget.com.tr\/ar\/wp-json\/wp\/v2\/media?parent=16272"}],"wp:term":[{"taxonomy":"product_cat","embeddable":true,"href":"https:\/\/digitaltarget.com.tr\/ar\/wp-json\/wp\/v2\/product_cat?post=16272"},{"taxonomy":"product_tag","embeddable":true,"href":"https:\/\/digitaltarget.com.tr\/ar\/wp-json\/wp\/v2\/product_tag?post=16272"}],"curies":[{"name":"wp","href":"https:\/\/api.w.org\/{rel}","templated":true}]}}