{"id":16274,"date":"2023-08-17T11:28:04","date_gmt":"2023-08-17T11:28:04","guid":{"rendered":"https:\/\/digitaltarget.com.tr\/?post_type=product&#038;p=16274"},"modified":"2024-08-02T12:55:30","modified_gmt":"2024-08-02T12:55:30","slug":"siyi-hm30-long-range-full-hd-digital-image-transmission-fpv-system-1080p-60fps-150ms-sbus-pwm-mavlink-telemetry-osd-30km-ce-fcc","status":"publish","type":"product","link":"https:\/\/digitaltarget.com.tr\/ar\/product\/siyi-hm30-long-range-full-hd-digital-image-transmission-fpv-system-1080p-60fps-150ms-sbus-pwm-mavlink-telemetry-osd-30km-ce-fcc\/","title":{"rendered":"SIYI HM30 Uzun Menzilli Full HD Dijital G\u00f6r\u00fcnt\u00fc Aktar\u0131m\u0131 FPV Sistemi 1080p 60fps 150ms SBUS PWM Mavlink Telemetri OSD 30KM CE FCC"},"content":{"rendered":"<p>SY-HM30Combo<\/p>\n<p class=\" translation-block\">Model: HM30<br>\r\nMaksimum \u0130letim Menzili: 30 kilometre (engelsiz, parazitsiz)<br>\r\nKanallar: 16 ileti\u015fim kanal\u0131<br>\r\nUyumlu U\u00e7u\u015f Kontrolc\u00fcleri:<br>\r\n\u2013 Pixhawk Tabanl\u0131 U\u00e7u\u015f Kontrolc\u00fcs\u00fc veya APM<br>\r\n\u2013 SN-L+ Sabit Kanat U\u00e7u\u015f Kontrolc\u00fcs\u00fc<br>\r\n\u2013 MATEK H743 \/ F405<br>\r\nveya UART veri ba\u011flant\u0131 \u00e7\u0131k\u0131\u015f\u0131 olan herhangi bir u\u00e7u\u015f kontrolc\u00fcs\u00fc<br>\r\nUyumlu Android GCS (standart RTSP video ak\u0131\u015f\u0131):<br>\r\n\u2013 SIYI FPV<br>\r\n\u2013 QGroundControl<br>\r\nUyumlu Windows GCS (standart RTSP video ak\u0131\u015f\u0131):<br>\r\n\u2013 QGroundControl<br>\r\n\u2013 Mission Planner<\/p>","protected":false},"excerpt":{"rendered":"<p>SY-HM30Combo<\/p>","protected":false},"featured_media":16425,"comment_status":"open","ping_status":"closed","template":"","meta":{"_monsterinsights_skip_tracking":false,"_monsterinsights_sitenote_active":false,"_monsterinsights_sitenote_note":"","_monsterinsights_sitenote_category":0},"product_cat":[356,438],"product_tag":[],"aioseo_notices":[],"jetpack_sharing_enabled":true,"_links":{"self":[{"href":"https:\/\/digitaltarget.com.tr\/ar\/wp-json\/wp\/v2\/product\/16274"}],"collection":[{"href":"https:\/\/digitaltarget.com.tr\/ar\/wp-json\/wp\/v2\/product"}],"about":[{"href":"https:\/\/digitaltarget.com.tr\/ar\/wp-json\/wp\/v2\/types\/product"}],"replies":[{"embeddable":true,"href":"https:\/\/digitaltarget.com.tr\/ar\/wp-json\/wp\/v2\/comments?post=16274"}],"version-history":[{"count":5,"href":"https:\/\/digitaltarget.com.tr\/ar\/wp-json\/wp\/v2\/product\/16274\/revisions"}],"predecessor-version":[{"id":19195,"href":"https:\/\/digitaltarget.com.tr\/ar\/wp-json\/wp\/v2\/product\/16274\/revisions\/19195"}],"wp:featuredmedia":[{"embeddable":true,"href":"https:\/\/digitaltarget.com.tr\/ar\/wp-json\/wp\/v2\/media\/16425"}],"wp:attachment":[{"href":"https:\/\/digitaltarget.com.tr\/ar\/wp-json\/wp\/v2\/media?parent=16274"}],"wp:term":[{"taxonomy":"product_cat","embeddable":true,"href":"https:\/\/digitaltarget.com.tr\/ar\/wp-json\/wp\/v2\/product_cat?post=16274"},{"taxonomy":"product_tag","embeddable":true,"href":"https:\/\/digitaltarget.com.tr\/ar\/wp-json\/wp\/v2\/product_tag?post=16274"}],"curies":[{"name":"wp","href":"https:\/\/api.w.org\/{rel}","templated":true}]}}