{"id":16276,"date":"2023-08-17T11:28:05","date_gmt":"2023-08-17T11:28:05","guid":{"rendered":"https:\/\/digitaltarget.com.tr\/?post_type=product&#038;p=16276"},"modified":"2024-09-23T08:43:20","modified_gmt":"2024-09-23T08:43:20","slug":"siyi-a8-mini-4k-8mp-ultra-hd-6x-digital-zoom-gimbal-camera-with-1-1-7-sony-sensor-ai-smart-identify-and-tracking-hdr-starlight-night-vision-mini-3-axis-stabilizer-95g-lightweight-55x55x70mm-for-uav-u","status":"publish","type":"product","link":"https:\/\/digitaltarget.com.tr\/ar\/product\/siyi-a8-mini-4k-8mp-ultra-hd-6x-digital-zoom-gimbal-camera-with-1-1-7-sony-sensor-ai-smart-identify-and-tracking-hdr-starlight-night-vision-mini-3-axis-stabilizer-95g-lightweight-55x55x70mm-for-uav-u\/","title":{"rendered":"SIYI A8 mini 4K 8MP Ultra HD 6X Dijital Zoom Gimbal Kamera 1\/1.7&#8243; Sony Sens\u00f6r AI Ak\u0131ll\u0131 Tan\u0131mlama ve Takip HDR Starlight Gece G\u00f6r\u00fc\u015f\u00fc Mini 3 Eksenli Sabitleyici 95g Hafif 55x55x70mm \u0130HA UGV USV RC U\u00e7aklar\u0131 ve FPV \u0130HA&#8217;lar i\u00e7in"},"content":{"rendered":"<p><strong>\u00f6zellikler:<\/strong><\/p>\n<p class=\" translation-block\">Model: A8 mini<br>\r\nVideo \u00c7\u0131k\u0131\u015f Portu: Ethernet, HDMI, CVBS (AV)<br>\r\nKontrol Sinyali Giri\u015f Portu: S.Bus, UART, Ethernet UDP<br>\r\nKontrol Sinyali \u00c7\u0131k\u0131\u015f Portu: S.Bus<br>\r\n\u00c7al\u0131\u015fma Voltaj\u0131: 11 ~ 25.2 V *A8 mini\u2019nin erken \u00fcretim serileri 25.2 V\u2019yi desteklemeyebilir, l\u00fctfen dikkatli olun<br>\r\nG\u00fc\u00e7 T\u00fcketimi:<br>\r\n\u2013 Ortalama 5 W<br>\r\n\u2013 Maksimum 12 W<br>\r\n\u00c7al\u0131\u015fma S\u0131cakl\u0131\u011f\u0131: -10 ~ 50 \u2103<br>\r\nBoyut: 55*55*70 mm<br>\r\nA\u011f\u0131rl\u0131k: 95 g<\/p>","protected":false},"excerpt":{"rendered":"<p>SY-A8<\/p>","protected":false},"featured_media":16453,"comment_status":"open","ping_status":"closed","template":"","meta":{"_monsterinsights_skip_tracking":false,"_monsterinsights_sitenote_active":false,"_monsterinsights_sitenote_note":"","_monsterinsights_sitenote_category":0},"product_cat":[308,428],"product_tag":[],"aioseo_notices":[],"jetpack_sharing_enabled":true,"_links":{"self":[{"href":"https:\/\/digitaltarget.com.tr\/ar\/wp-json\/wp\/v2\/product\/16276"}],"collection":[{"href":"https:\/\/digitaltarget.com.tr\/ar\/wp-json\/wp\/v2\/product"}],"about":[{"href":"https:\/\/digitaltarget.com.tr\/ar\/wp-json\/wp\/v2\/types\/product"}],"replies":[{"embeddable":true,"href":"https:\/\/digitaltarget.com.tr\/ar\/wp-json\/wp\/v2\/comments?post=16276"}],"version-history":[{"count":5,"href":"https:\/\/digitaltarget.com.tr\/ar\/wp-json\/wp\/v2\/product\/16276\/revisions"}],"predecessor-version":[{"id":19012,"href":"https:\/\/digitaltarget.com.tr\/ar\/wp-json\/wp\/v2\/product\/16276\/revisions\/19012"}],"wp:featuredmedia":[{"embeddable":true,"href":"https:\/\/digitaltarget.com.tr\/ar\/wp-json\/wp\/v2\/media\/16453"}],"wp:attachment":[{"href":"https:\/\/digitaltarget.com.tr\/ar\/wp-json\/wp\/v2\/media?parent=16276"}],"wp:term":[{"taxonomy":"product_cat","embeddable":true,"href":"https:\/\/digitaltarget.com.tr\/ar\/wp-json\/wp\/v2\/product_cat?post=16276"},{"taxonomy":"product_tag","embeddable":true,"href":"https:\/\/digitaltarget.com.tr\/ar\/wp-json\/wp\/v2\/product_tag?post=16276"}],"curies":[{"name":"wp","href":"https:\/\/api.w.org\/{rel}","templated":true}]}}