{"id":16278,"date":"2023-08-17T11:28:05","date_gmt":"2023-08-17T11:28:05","guid":{"rendered":"https:\/\/digitaltarget.com.tr\/?post_type=product&#038;p=16278"},"modified":"2024-08-02T12:38:30","modified_gmt":"2024-08-02T12:38:30","slug":"now-is-here-3-hex-pixhawk-2-1-cube-orange-standard-set-w-here-3-gps-ads-b-carrier-board","status":"publish","type":"product","link":"https:\/\/digitaltarget.com.tr\/ar\/product\/now-is-here-3-hex-pixhawk-2-1-cube-orange-standard-set-w-here-3-gps-ads-b-carrier-board\/","title":{"rendered":"HEX Pixhawk 2.1 Cube Turuncu Standart Set 3 GPS ve ADS-B Ta\u015f\u0131y\u0131c\u0131 Kart\u0131 ile"},"content":{"rendered":"<h2>\u00d6zellikler<\/h2>\n<ul>\n<li>Yal\u0131t\u0131lm\u0131\u015f ve nemli IMU, sens\u00f6rlere gelen paraziti azalt\u0131r<\/li>\n<li>Foam dolgu, IMU&#8217;ya y\u00fcksek frekansl\u0131 titre\u015fimleri filtreler<\/li>\n<li>Birden fazla jiroskop, barometre, ivme\u00f6l\u00e7er ve manyetometre i\u00e7eren \u00fc\u00e7l\u00fc yedekli IMU.<\/li>\n<li>Mod\u00fcler u\u00e7u\u015f kontrolc\u00fcs\u00fc &#8211; t\u00fcm giri\u015f\/\u00e7\u0131k\u0131\u015flar tek bir DF17 konekt\u00f6r\u00fcnde.<\/li>\n<li>Yerle\u015fik IMU \u0131s\u0131tma sistemleri, donma s\u0131cakl\u0131klar\u0131n\u0131n alt\u0131ndaki u\u00e7u\u015flara izin verir.<\/li>\n<li>Geli\u015ftirilmi\u015f d\u00fc\u015fme ve darbe direnci<\/li>\n<li>Bir\u00e7ok uygulama i\u00e7in kullan\u0131\u015fl\u0131 &#8211; VTOL, u\u00e7ak, \u00e7ok rotorlu, tekne, denizalt\u0131, genel robotik<\/li>\n<\/ul>","protected":false},"excerpt":{"rendered":"<p>HEX Pixhawk 2.1 Cube Orange Standard Set<\/p>","protected":false},"featured_media":16665,"comment_status":"open","ping_status":"closed","template":"","meta":{"_monsterinsights_skip_tracking":false,"_monsterinsights_sitenote_active":false,"_monsterinsights_sitenote_note":"","_monsterinsights_sitenote_category":0},"product_cat":[355,358,354,385],"product_tag":[386],"aioseo_notices":[],"jetpack_sharing_enabled":true,"_links":{"self":[{"href":"https:\/\/digitaltarget.com.tr\/ar\/wp-json\/wp\/v2\/product\/16278"}],"collection":[{"href":"https:\/\/digitaltarget.com.tr\/ar\/wp-json\/wp\/v2\/product"}],"about":[{"href":"https:\/\/digitaltarget.com.tr\/ar\/wp-json\/wp\/v2\/types\/product"}],"replies":[{"embeddable":true,"href":"https:\/\/digitaltarget.com.tr\/ar\/wp-json\/wp\/v2\/comments?post=16278"}],"version-history":[{"count":6,"href":"https:\/\/digitaltarget.com.tr\/ar\/wp-json\/wp\/v2\/product\/16278\/revisions"}],"predecessor-version":[{"id":19186,"href":"https:\/\/digitaltarget.com.tr\/ar\/wp-json\/wp\/v2\/product\/16278\/revisions\/19186"}],"wp:featuredmedia":[{"embeddable":true,"href":"https:\/\/digitaltarget.com.tr\/ar\/wp-json\/wp\/v2\/media\/16665"}],"wp:attachment":[{"href":"https:\/\/digitaltarget.com.tr\/ar\/wp-json\/wp\/v2\/media?parent=16278"}],"wp:term":[{"taxonomy":"product_cat","embeddable":true,"href":"https:\/\/digitaltarget.com.tr\/ar\/wp-json\/wp\/v2\/product_cat?post=16278"},{"taxonomy":"product_tag","embeddable":true,"href":"https:\/\/digitaltarget.com.tr\/ar\/wp-json\/wp\/v2\/product_tag?post=16278"}],"curies":[{"name":"wp","href":"https:\/\/api.w.org\/{rel}","templated":true}]}}