{"id":16280,"date":"2023-08-17T11:28:05","date_gmt":"2023-08-17T11:28:05","guid":{"rendered":"https:\/\/digitaltarget.com.tr\/?post_type=product&#038;p=16280"},"modified":"2024-08-02T12:42:02","modified_gmt":"2024-08-02T12:42:02","slug":"skyrc-d400-ultimate-duo-400w-ac-dc-balance-charger-discharger-power-supply-twin-channel-charger-in-chargers","status":"publish","type":"product","link":"https:\/\/digitaltarget.com.tr\/ar\/product\/skyrc-d400-ultimate-duo-400w-ac-dc-balance-charger-discharger-power-supply-twin-channel-charger-in-chargers\/","title":{"rendered":"SKYRC D400 Denge \u015earj Cihaz\u0131 \/ De\u015farj Cihaz\u0131 \/ G\u00fc\u00e7 Kayna\u011f\u0131"},"content":{"rendered":"<h3>SKYRC D400 Ultimate Duo 400W AC\/DC Denge \u015earj Cihaz\u0131 \/ Bo\u015falt\u0131c\u0131 \/ G\u00fc\u00e7 Kayna\u011f\u0131 \u0130kili Kanal \u015earj Cihaz\u0131<\/h3>\n<p><strong>\u00d6zellikler:<\/strong><\/p>\n<p><span id=\"tl_2\">Net a\u011f\u0131rl\u0131k: 2510g<\/span><\/p>\n<p><span id=\"tl_3\">Giri\u015f voltaj\u0131 AC: 100-240V \/ DC 11-18V<\/span><\/p>\n<p><span id=\"tl_4\">\u015earj g\u00fcc\u00fc: Maksimum 400W<\/span><\/p>\n<p><span id=\"tl_5\">Bo\u015faltma g\u00fcc\u00fc: Maksimum 36W*2<\/span><\/p>\n<p><span id=\"tl_6\">\u015earj ak\u0131m\u0131 aral\u0131\u011f\u0131: 0.1-20A<\/span><\/p>\n<p><span id=\"tl_7\">Bo\u015faltma ak\u0131m\u0131 aral\u0131\u011f\u0131: 0.1-5A<\/span><\/p>\n<p><span id=\"tl_8\">Denge ak\u0131m\u0131: Maksimum 500mA\/pc<\/span><\/p>\n<p><span id=\"tl_9\">Y\u00fczen ak\u0131m: 50mA-300mA &#038; kapal\u0131<\/span><\/p>\n<p><span id=\"tl_10\">DC \u00e7\u0131k\u0131\u015f: 6-15V \/ Maksimum 10A<\/span><\/p>\n<p><span id=\"tl_11\">Lityum pil: 1-7S<\/span><\/p>\n<p><span id=\"tl_12\">NiMH NiCD 1-18S<\/span><\/p>\n<p><span id=\"tl_13\">Kur\u015fun asit pili 2-24V<\/span><\/p>","protected":false},"excerpt":{"rendered":"<h4>SKYRC D400 Ultimate Duo 400W AC\/DC Balance Charger \/ Discharger \/ Power Supply Twin-Channel Charger in Chargers<\/h4>","protected":false},"featured_media":16452,"comment_status":"open","ping_status":"closed","template":"","meta":{"_monsterinsights_skip_tracking":false,"_monsterinsights_sitenote_active":false,"_monsterinsights_sitenote_note":"","_monsterinsights_sitenote_category":0},"product_cat":[352],"product_tag":[],"aioseo_notices":[],"jetpack_sharing_enabled":true,"_links":{"self":[{"href":"https:\/\/digitaltarget.com.tr\/ar\/wp-json\/wp\/v2\/product\/16280"}],"collection":[{"href":"https:\/\/digitaltarget.com.tr\/ar\/wp-json\/wp\/v2\/product"}],"about":[{"href":"https:\/\/digitaltarget.com.tr\/ar\/wp-json\/wp\/v2\/types\/product"}],"replies":[{"embeddable":true,"href":"https:\/\/digitaltarget.com.tr\/ar\/wp-json\/wp\/v2\/comments?post=16280"}],"version-history":[{"count":6,"href":"https:\/\/digitaltarget.com.tr\/ar\/wp-json\/wp\/v2\/product\/16280\/revisions"}],"predecessor-version":[{"id":19188,"href":"https:\/\/digitaltarget.com.tr\/ar\/wp-json\/wp\/v2\/product\/16280\/revisions\/19188"}],"wp:featuredmedia":[{"embeddable":true,"href":"https:\/\/digitaltarget.com.tr\/ar\/wp-json\/wp\/v2\/media\/16452"}],"wp:attachment":[{"href":"https:\/\/digitaltarget.com.tr\/ar\/wp-json\/wp\/v2\/media?parent=16280"}],"wp:term":[{"taxonomy":"product_cat","embeddable":true,"href":"https:\/\/digitaltarget.com.tr\/ar\/wp-json\/wp\/v2\/product_cat?post=16280"},{"taxonomy":"product_tag","embeddable":true,"href":"https:\/\/digitaltarget.com.tr\/ar\/wp-json\/wp\/v2\/product_tag?post=16280"}],"curies":[{"name":"wp","href":"https:\/\/api.w.org\/{rel}","templated":true}]}}