{"id":16282,"date":"2023-08-17T11:28:05","date_gmt":"2023-08-17T11:28:05","guid":{"rendered":"https:\/\/digitaltarget.com.tr\/?post_type=product&#038;p=16282"},"modified":"2024-08-02T12:43:28","modified_gmt":"2024-08-02T12:43:28","slug":"ace-tattu-plus-10000mah-6s-22-2v-25c-lithium-battery-intelligent-high-voltage-version","status":"publish","type":"product","link":"https:\/\/digitaltarget.com.tr\/ar\/product\/ace-tattu-plus-10000mah-6s-22-2v-25c-lithium-battery-intelligent-high-voltage-version\/","title":{"rendered":"Ace Tattu Plus 10000mAh 6S 22.2V 25C lityum pil ak\u0131ll\u0131 y\u00fcksek voltaj versiyonu"},"content":{"rendered":"<h4>Tattu 10000mAh Plus 6S 22.2V 25C Pilini Tan\u0131tal\u0131m:<\/h4>\n<ul>\n<li>Uzun s\u00fcreli kullan\u0131m i\u00e7in minimum 10000mAh kapasite<\/li>\n<li>22.2V g\u00fc\u00e7 sa\u011flayan 6S1P yap\u0131land\u0131rmas\u0131.<\/li>\n<li>Optimal performans i\u00e7in 25C de\u015farj oran\u0131.<\/li>\n<li>1471g ile hafif.<\/li>\n<li>Kompakt boyutlar: 184mm x 68.5mm x 63mm.<\/li>\n<li>G\u00fcvenilir ba\u011flant\u0131 i\u00e7in AS150 konekt\u00f6r tipi.<\/li>\n<li>Dengeli \u015farj i\u00e7in 6S dengeleme prizi.<\/li>\n<li>Paket 1x 10000mAh Plus 6S 22.2V 25C pil i\u00e7erir.<\/li>\n<\/ul>\n<p>Tattu ile e\u015fsiz g\u00fc\u00e7 ve performans\u0131 deneyimleyin!<\/p>","protected":false},"excerpt":{"rendered":"<p>Ace Tattu Plus 10000mAh<\/p>","protected":false},"featured_media":16669,"comment_status":"open","ping_status":"closed","template":"","meta":{"_monsterinsights_skip_tracking":false,"_monsterinsights_sitenote_active":false,"_monsterinsights_sitenote_note":"","_monsterinsights_sitenote_category":0},"product_cat":[352],"product_tag":[],"aioseo_notices":[],"jetpack_sharing_enabled":true,"_links":{"self":[{"href":"https:\/\/digitaltarget.com.tr\/ar\/wp-json\/wp\/v2\/product\/16282"}],"collection":[{"href":"https:\/\/digitaltarget.com.tr\/ar\/wp-json\/wp\/v2\/product"}],"about":[{"href":"https:\/\/digitaltarget.com.tr\/ar\/wp-json\/wp\/v2\/types\/product"}],"replies":[{"embeddable":true,"href":"https:\/\/digitaltarget.com.tr\/ar\/wp-json\/wp\/v2\/comments?post=16282"}],"version-history":[{"count":5,"href":"https:\/\/digitaltarget.com.tr\/ar\/wp-json\/wp\/v2\/product\/16282\/revisions"}],"predecessor-version":[{"id":19190,"href":"https:\/\/digitaltarget.com.tr\/ar\/wp-json\/wp\/v2\/product\/16282\/revisions\/19190"}],"wp:featuredmedia":[{"embeddable":true,"href":"https:\/\/digitaltarget.com.tr\/ar\/wp-json\/wp\/v2\/media\/16669"}],"wp:attachment":[{"href":"https:\/\/digitaltarget.com.tr\/ar\/wp-json\/wp\/v2\/media?parent=16282"}],"wp:term":[{"taxonomy":"product_cat","embeddable":true,"href":"https:\/\/digitaltarget.com.tr\/ar\/wp-json\/wp\/v2\/product_cat?post=16282"},{"taxonomy":"product_tag","embeddable":true,"href":"https:\/\/digitaltarget.com.tr\/ar\/wp-json\/wp\/v2\/product_tag?post=16282"}],"curies":[{"name":"wp","href":"https:\/\/api.w.org\/{rel}","templated":true}]}}