{"id":16284,"date":"2023-08-17T11:28:06","date_gmt":"2023-08-17T11:28:06","guid":{"rendered":"https:\/\/digitaltarget.com.tr\/?post_type=product&#038;p=16284"},"modified":"2024-08-01T11:38:02","modified_gmt":"2024-08-01T11:38:02","slug":"biobase-melting-point-apparatus-50300-celsius-melting-point-meter","status":"publish","type":"product","link":"https:\/\/digitaltarget.com.tr\/ar\/product\/biobase-melting-point-apparatus-50300-celsius-melting-point-meter\/","title":{"rendered":"BIOBASE Erime Noktas\u0131 Aparat\u0131 50~300 Santigrat Erime Noktas\u0131 \u00d6l\u00e7er"},"content":{"rendered":"<dl class=\"do-entry-item\">\n<dd class=\"do-entry-item-val\">\n<h1 class=\"text-ellipsis\" title=\"1 y\u0131l\">\u00f6zellikler<strong>:\u00a0<\/strong><\/h1>\n<\/dd>\n<\/dl>\n<dl class=\"do-entry-item\">\n<dt class=\"do-entry-item\"><span class=\"attr-name J-attr-name\" title=\"Ki\u015fiselle\u015ftirilmi\u015f destek\">Ki\u015fiselle\u015ftirilmi\u015f destek: <\/span>OEM<\/dt>\n<\/dl>\n<dl class=\"do-entry-item\">\n<dt class=\"do-entry-item\"><span class=\"attr-name J-attr-name\" title=\"Marka Ad\u0131\">Marka Ad\u0131: <\/span>BIOBASE<\/dt>\n<\/dl>\n<dl class=\"do-entry-item\">\n<dt class=\"do-entry-item\"><span class=\"attr-name J-attr-name\" title=\"Model Numaras\u0131\">Model Numaras\u0131: <\/span>BMP-420<\/dt>\n<\/dl>\n<dl class=\"do-entry-item\">\n<dt class=\"do-entry-item\"><span class=\"attr-name J-attr-name\" title=\"G\u00fc\u00e7\">G\u00fc\u00e7: <\/span>Elektronik<\/dt>\n<\/dl>\n<dl class=\"do-entry-item\">\n<dt class=\"do-entry-item\"><span class=\"attr-name J-attr-name\" title=\"\u00dcr\u00fcn ad\u0131\">\u00dcr\u00fcn ad\u0131: <\/span>BIOBASE Erime Noktas\u0131 Aparat\u0131 50~300 Santigrat erime noktas\u0131 \u00f6l\u00e7er<\/dt>\n<\/dl>\n<dl class=\"do-entry-item\">\n<dt class=\"do-entry-item\"><span class=\"attr-name J-attr-name\" title=\"S\u0131cakl\u0131k aral\u0131\u011f\u0131\">S\u0131cakl\u0131k aral\u0131\u011f\u0131: <\/span>50 ~300\u2103<\/dt>\n<\/dl>\n<dl class=\"do-entry-item\">\n<dt class=\"do-entry-item\"><span class=\"attr-name J-attr-name\" title=\"S\u0131cakl\u0131k do\u011frulu\u011fu\">S\u0131cakl\u0131k do\u011frulu\u011fu: <\/span>0,4\u2103 (&lt; 200\u2103); 0,7\u2103 (\u2265200\u2103)<\/dt>\n<\/dl>\n<dl class=\"do-entry-item\">\n<dt class=\"do-entry-item\"><span class=\"attr-name J-attr-name\" title=\"S\u0131cakl\u0131k \u00e7\u00f6z\u00fcn\u00fcrl\u00fc\u011f\u00fc\">S\u0131cakl\u0131k \u00e7\u00f6z\u00fcn\u00fcrl\u00fc\u011f\u00fc: <\/span>0,1\u2103<\/dt>\n<\/dl>\n<dl class=\"do-entry-item\">\n<dt class=\"do-entry-item\"><span class=\"attr-name J-attr-name\" title=\"S\u0131cakl\u0131k tekrarlanabilirli\u011fi\">S\u0131cakl\u0131k tekrarlanabilirli\u011fi: <\/span>0,5\u2103\/dakikada 0,2\u2103<\/dt>\n<\/dl>\n<dl class=\"do-entry-item\">\n<dt class=\"do-entry-item\"><span class=\"attr-name J-attr-name\" title=\"Do\u011frusal \u0131s\u0131tma h\u0131z\u0131\">Do\u011frusal \u0131s\u0131tma h\u0131z\u0131: <\/span>0,1 ila 20\u2103\/dak<\/dt>\n<\/dl>\n<dl class=\"do-entry-item\">\n<dt class=\"do-entry-item\"><span class=\"attr-name J-attr-name\" title=\"Ekran\">Ekran: <\/span>8 in\u00e7 LCD dokunmatik ekran<\/dt>\n<\/dl>\n<dl class=\"do-entry-item\">\n<dt class=\"do-entry-item\"><span class=\"attr-name J-attr-name\" title=\"Toplu kapasite\">Toplu kapasite: <\/span>4 adet<\/dt>\n<\/dl>\n<dl class=\"do-entry-item\">\n<dt class=\"do-entry-item\"><span class=\"attr-name J-attr-name\" title=\"Aray\u00fcz\">Aray\u00fcz: <\/span>USB, Kablolu veya kablosuz<\/dt>\n<\/dl>\n<dl class=\"do-entry-item\">\n<dt class=\"do-entry-item\"><span class=\"attr-name J-attr-name\" title=\"G\u00fc\u00e7 t\u00fcketimi\">G\u00fc\u00e7 t\u00fcketimi: <\/span>150W<\/dt>\n<\/dl>","protected":false},"excerpt":{"rendered":"<p>\u00f6zellikler:\u00a0 Ki\u015fiselle\u015ftirilmi\u015f destek: OEM Marka Ad\u0131: BIOBASE Model Numaras\u0131: BMP-420 G\u00fc\u00e7: Elektronik \u00dcr\u00fcn ad\u0131: BIOBASE Erime Noktas\u0131 Aparat\u0131 50~300 Santigrat<\/p>","protected":false},"featured_media":16450,"comment_status":"open","ping_status":"closed","template":"","meta":{"_monsterinsights_skip_tracking":false,"_monsterinsights_sitenote_active":false,"_monsterinsights_sitenote_note":"","_monsterinsights_sitenote_category":0},"product_cat":[384],"product_tag":[],"aioseo_notices":[],"jetpack_sharing_enabled":true,"_links":{"self":[{"href":"https:\/\/digitaltarget.com.tr\/ar\/wp-json\/wp\/v2\/product\/16284"}],"collection":[{"href":"https:\/\/digitaltarget.com.tr\/ar\/wp-json\/wp\/v2\/product"}],"about":[{"href":"https:\/\/digitaltarget.com.tr\/ar\/wp-json\/wp\/v2\/types\/product"}],"replies":[{"embeddable":true,"href":"https:\/\/digitaltarget.com.tr\/ar\/wp-json\/wp\/v2\/comments?post=16284"}],"version-history":[{"count":5,"href":"https:\/\/digitaltarget.com.tr\/ar\/wp-json\/wp\/v2\/product\/16284\/revisions"}],"predecessor-version":[{"id":19045,"href":"https:\/\/digitaltarget.com.tr\/ar\/wp-json\/wp\/v2\/product\/16284\/revisions\/19045"}],"wp:featuredmedia":[{"embeddable":true,"href":"https:\/\/digitaltarget.com.tr\/ar\/wp-json\/wp\/v2\/media\/16450"}],"wp:attachment":[{"href":"https:\/\/digitaltarget.com.tr\/ar\/wp-json\/wp\/v2\/media?parent=16284"}],"wp:term":[{"taxonomy":"product_cat","embeddable":true,"href":"https:\/\/digitaltarget.com.tr\/ar\/wp-json\/wp\/v2\/product_cat?post=16284"},{"taxonomy":"product_tag","embeddable":true,"href":"https:\/\/digitaltarget.com.tr\/ar\/wp-json\/wp\/v2\/product_tag?post=16284"}],"curies":[{"name":"wp","href":"https:\/\/api.w.org\/{rel}","templated":true}]}}