{"id":16286,"date":"2023-08-17T11:28:06","date_gmt":"2023-08-17T11:28:06","guid":{"rendered":"https:\/\/digitaltarget.com.tr\/?post_type=product&#038;p=16286"},"modified":"2024-08-02T12:28:03","modified_gmt":"2024-08-02T12:28:03","slug":"220vsunkko-737dh-4-3kw-automatic-pulse-spot-welding-machine-delay-spot-welding-18650lithium-battery-spot-welder-with-hand-welder-pen","status":"publish","type":"product","link":"https:\/\/digitaltarget.com.tr\/ar\/product\/220vsunkko-737dh-4-3kw-automatic-pulse-spot-welding-machine-delay-spot-welding-18650lithium-battery-spot-welder-with-hand-welder-pen\/","title":{"rendered":"SUNKKO Otomatik Darbeli Nokta Kaynak Makinesi 220V 737DH 4.3kw"},"content":{"rendered":"<p><strong>\u00d6zellikler:<\/strong><\/p>\n<p class=\" translation-block\">\u2013Sabit puls noktas\u0131 kaynaklama, hassas sabit kaynaklamay\u0131 ger\u00e7ekle\u015ftirebilir.<br>\r\n\u2013\u0130\u011fne bas\u0131n\u00e7 reg\u00fclat\u00f6r\u00fc, farkl\u0131 kal\u0131nl\u0131ktaki i\u015f par\u00e7alar\u0131n\u0131n kaynaklanmas\u0131 i\u00e7in kullan\u0131\u015fl\u0131d\u0131r ve iyi ve g\u00fcvenilir kaynak noktalar\u0131 sa\u011flar.<br>\r\n\u2013Kompakt g\u00f6vde \u015fekli, k\u00fc\u00e7\u00fck ve ta\u015f\u0131nabilir olup, kullan\u0131\u015fl\u0131 bir sap ile birle\u015fir, hafif ve ta\u015f\u0131nmas\u0131 kolayd\u0131r.<\/p>\n<p><strong>Teknik \u00d6zellikler:<\/strong><\/p>\n<p class=\" translation-block\">G\u00fc\u00e7 kayna\u011f\u0131 voltaj\u0131: AC220V\/110V\u00b120V<br>\r\nG\u00fc\u00e7: 4.3KW<br>\r\nKaynak ak\u0131m\u0131: 120\u20141200A (sabit kaynak ba\u015fl\u0131\u011f\u0131)<br>\r\n2 Puls zaman\u0131: 1ms-10ms (ayar)<br>\r\n4 Puls zaman\u0131: 2ms-20ms (ayar)<br>\r\n8 Puls zaman\u0131: 8ms-80ms (ayar)<br>\r\nSabit ba\u015fl\u0131k nokta kaynaklama aral\u0131\u011f\u0131: 0.15~0.35mm<br>\r\nNokta kaynaklama kalemi kaynaklama aral\u0131\u011f\u0131: 0.05~0.25mm<br>\r\n\u00c7\u0131k\u0131\u015f voltaj\u0131: 20V DC<br>\r\nG\u00f6vde: 140\u00d7230\u00d7200mm<br>\r\nA\u011f\u0131rl\u0131k: 7kg<\/p>","protected":false},"excerpt":{"rendered":"<p>\u00d6zellikler: &#8211;Sabit puls noktas\u0131 kaynaklama, hassas sabit kaynaklamay\u0131 ger\u00e7ekle\u015ftirebilir. &#8211;\u0130\u011fne bas\u0131n\u00e7 reg\u00fclat\u00f6r\u00fc, farkl\u0131 kal\u0131nl\u0131ktaki i\u015f par\u00e7alar\u0131n\u0131n kaynaklanmas\u0131 i\u00e7in kullan\u0131\u015fl\u0131d\u0131r ve<\/p>","protected":false},"featured_media":17338,"comment_status":"open","ping_status":"closed","template":"","meta":{"_monsterinsights_skip_tracking":false,"_monsterinsights_sitenote_active":false,"_monsterinsights_sitenote_note":"","_monsterinsights_sitenote_category":0},"product_cat":[430],"product_tag":[],"aioseo_notices":[],"jetpack_sharing_enabled":true,"_links":{"self":[{"href":"https:\/\/digitaltarget.com.tr\/ar\/wp-json\/wp\/v2\/product\/16286"}],"collection":[{"href":"https:\/\/digitaltarget.com.tr\/ar\/wp-json\/wp\/v2\/product"}],"about":[{"href":"https:\/\/digitaltarget.com.tr\/ar\/wp-json\/wp\/v2\/types\/product"}],"replies":[{"embeddable":true,"href":"https:\/\/digitaltarget.com.tr\/ar\/wp-json\/wp\/v2\/comments?post=16286"}],"version-history":[{"count":6,"href":"https:\/\/digitaltarget.com.tr\/ar\/wp-json\/wp\/v2\/product\/16286\/revisions"}],"predecessor-version":[{"id":19181,"href":"https:\/\/digitaltarget.com.tr\/ar\/wp-json\/wp\/v2\/product\/16286\/revisions\/19181"}],"wp:featuredmedia":[{"embeddable":true,"href":"https:\/\/digitaltarget.com.tr\/ar\/wp-json\/wp\/v2\/media\/17338"}],"wp:attachment":[{"href":"https:\/\/digitaltarget.com.tr\/ar\/wp-json\/wp\/v2\/media?parent=16286"}],"wp:term":[{"taxonomy":"product_cat","embeddable":true,"href":"https:\/\/digitaltarget.com.tr\/ar\/wp-json\/wp\/v2\/product_cat?post=16286"},{"taxonomy":"product_tag","embeddable":true,"href":"https:\/\/digitaltarget.com.tr\/ar\/wp-json\/wp\/v2\/product_tag?post=16286"}],"curies":[{"name":"wp","href":"https:\/\/api.w.org\/{rel}","templated":true}]}}