{"id":16290,"date":"2023-08-17T11:28:06","date_gmt":"2023-08-17T11:28:06","guid":{"rendered":"https:\/\/digitaltarget.com.tr\/?post_type=product&#038;p=16290"},"modified":"2024-08-02T12:35:52","modified_gmt":"2024-08-02T12:35:52","slug":"cctv-hd2-5mmor-2-8mm","status":"publish","type":"product","link":"https:\/\/digitaltarget.com.tr\/ar\/product\/cctv-hd2-5mmor-2-8mm\/","title":{"rendered":"CCTV HD,2.5MM,or 2.8mm"},"content":{"rendered":"<div><strong>A\u00e7\u0131klama:<\/strong><\/div>\n<div>\u00dcr\u00fcn Ad\u0131: 1200TVL Mini Kamera<\/div>\n<div>Boyut: 25mm x 25mm<\/div>\n<div>A\u011f\u0131rl\u0131k: 9,5g<\/div>\n<div>Bi\u00e7im: PAL\/NTSC \u0130ste\u011fe Ba\u011fl\u0131<\/div>\n<div>PAL: 1920H x 1080V(1MP)<\/div>\n<div>NTSC: 1020H x 1920V (1MP)<\/div>\n<div>Yatay \u00c7\u00f6z\u00fcn\u00fcrl\u00fck: 1000TVL<\/div>\n<div>Video \u00c7\u0131k\u0131\u015f\u0131: 1,0 Vp p\/75ohm<\/div>\n<div>AGC: 0,25\/0,50\/0,75\/1,00 4 seviye ayarlanabilir, maks. 55dB<\/div>\n<div>WB: AUF\/OFF<\/div>\n<div>Pozlama T\u00fcr\u00fc: elektronik pozlama<\/div>\n<div>Elektronik deklan\u015f\u00f6r: 1\/50(1\/60) 1\/100000 saniye<\/div>\n<div>Gama d\u00fczeltme: 0,45\/1,0<\/div>\n<div>Senkronizasyon modu: inter senkron<\/div>\n<div>Lens: 2,5 mm 130 derece\/2,8 mm 120 derece iste\u011fe ba\u011fl\u0131<\/div>\n<div><\/div>\n<div><strong>\u00d6zellikler:<\/strong><\/div>\n<div>\u00c7al\u0131\u015fma Voltaj\u0131: DC5 ila 12 V (geni\u015f voltaj, 5 ila 13 V \u00f6l\u00e7\u00fclm\u00fc\u015ft\u00fcr)<\/div>\n<div>\u00c7al\u0131\u015fma Ak\u0131m\u0131: 70 mA (d\u00fc\u015f\u00fck g\u00fc\u00e7 t\u00fcketimi)<\/div>\n<div>\u00c7al\u0131\u015fma S\u0131cakl\u0131\u011f\u0131: -20 derece ila 60 derece<\/div>\n<div>Nem: %0~%98<\/div>","protected":false},"excerpt":{"rendered":"<p>A\u00e7\u0131klama: \u00dcr\u00fcn Ad\u0131: 1200TVL Mini Kamera Boyut: 25mm x 25mm A\u011f\u0131rl\u0131k: 9,5g Bi\u00e7im: PAL\/NTSC \u0130ste\u011fe Ba\u011fl\u0131 PAL: 1920H x 1080V(1MP)<\/p>","protected":false},"featured_media":16651,"comment_status":"open","ping_status":"closed","template":"","meta":{"_monsterinsights_skip_tracking":false,"_monsterinsights_sitenote_active":false,"_monsterinsights_sitenote_note":"","_monsterinsights_sitenote_category":0},"product_cat":[308],"product_tag":[],"aioseo_notices":[],"jetpack_sharing_enabled":true,"_links":{"self":[{"href":"https:\/\/digitaltarget.com.tr\/ar\/wp-json\/wp\/v2\/product\/16290"}],"collection":[{"href":"https:\/\/digitaltarget.com.tr\/ar\/wp-json\/wp\/v2\/product"}],"about":[{"href":"https:\/\/digitaltarget.com.tr\/ar\/wp-json\/wp\/v2\/types\/product"}],"replies":[{"embeddable":true,"href":"https:\/\/digitaltarget.com.tr\/ar\/wp-json\/wp\/v2\/comments?post=16290"}],"version-history":[{"count":5,"href":"https:\/\/digitaltarget.com.tr\/ar\/wp-json\/wp\/v2\/product\/16290\/revisions"}],"predecessor-version":[{"id":19185,"href":"https:\/\/digitaltarget.com.tr\/ar\/wp-json\/wp\/v2\/product\/16290\/revisions\/19185"}],"wp:featuredmedia":[{"embeddable":true,"href":"https:\/\/digitaltarget.com.tr\/ar\/wp-json\/wp\/v2\/media\/16651"}],"wp:attachment":[{"href":"https:\/\/digitaltarget.com.tr\/ar\/wp-json\/wp\/v2\/media?parent=16290"}],"wp:term":[{"taxonomy":"product_cat","embeddable":true,"href":"https:\/\/digitaltarget.com.tr\/ar\/wp-json\/wp\/v2\/product_cat?post=16290"},{"taxonomy":"product_tag","embeddable":true,"href":"https:\/\/digitaltarget.com.tr\/ar\/wp-json\/wp\/v2\/product_tag?post=16290"}],"curies":[{"name":"wp","href":"https:\/\/api.w.org\/{rel}","templated":true}]}}