{"id":16297,"date":"2023-08-17T11:28:07","date_gmt":"2023-08-17T11:28:07","guid":{"rendered":"https:\/\/digitaltarget.com.tr\/?post_type=product&#038;p=16297"},"modified":"2024-10-31T11:07:37","modified_gmt":"2024-10-31T11:07:37","slug":"26awg-30core-3-way-twist-servo-extension-cable-jr-futaba-twisted-wire-lead-for-rc-airplane-accessories-4","status":"publish","type":"product","link":"https:\/\/digitaltarget.com.tr\/ar\/product\/26awg-30core-3-way-twist-servo-extension-cable-jr-futaba-twisted-wire-lead-for-rc-airplane-accessories-4\/","title":{"rendered":"26awg 30 \u00c7ekirdek 3 Yollu B\u00fck\u00fcm Servo Uzatma Kablosu RC U\u00e7ak \u0130\u00e7in &#8211; 100 Metre"},"content":{"rendered":"<h4>CW-30Core-BRW<\/h4>\n<p><strong>\u00f6zellikler:<\/strong><\/p>\n<ul class=\"specification--list--fiWsSyv\">\n<li class=\"specification--line--iUJOqof\">\n<div class=\"specification--prop--RejitI8\">\n<div class=\"specification--title--UbVeyic translation-block\" data-spm-anchor-id=\"a2g0o.detail.0.i7.1c19HRVPHRVPy2\"><span data-spm-anchor-id=\"a2g0o.detail.0.i10.1c19HRVPHRVPy2\">Ara\u00e7 tipi: <\/span>U\u00e7aklar<\/div>\n<\/div>\n<div class=\"specification--prop--RejitI8\">\n<div class=\"specification--title--UbVeyic\">Uzaktan Kumanda Periferik\/Donan\u0131m Al\u0131c\u0131s\u0131<\/div>\n<\/div>\n<\/li>\n<li class=\"specification--line--iUJOqof\">\n<div class=\"specification--prop--RejitI8\">\n<div class=\"specification--title--UbVeyic\">RC Par\u00e7alar\u0131 &amp; Aksesuarlar: Servo aksesuarlar\u0131<\/div>\n<\/div>\n<div class=\"specification--prop--RejitI8\">\n<div class=\"specification--title--UbVeyic\">Malzeme: Bak\u0131r<\/div>\n<\/div>\n<\/li>\n<li class=\"specification--line--iUJOqof\">\n<div class=\"specification--prop--RejitI8\">\n<div class=\"specification--title--UbVeyic\">Marka ad\u0131: Hengfuntong-Elec<\/div>\n<\/div>\n<\/li>\n<li class=\"specification--line--iUJOqof\">\n<div class=\"specification--prop--RejitI8\">\n<div class=\"specification--title--UbVeyic\">\u00d6nerilen Ya\u015f: 12+<\/div>\n<\/div>\n<div class=\"specification--prop--RejitI8\">\n<div class=\"specification--title--UbVeyic\">Kullan\u0131m: Ara\u00e7lar &amp; Uzaktan Kumandal\u0131 Oyuncaklar<\/div>\n<\/div>\n<\/li>\n<li class=\"specification--line--iUJOqof\">\n<div class=\"specification--prop--RejitI8\">\n<div class=\"specification--title--UbVeyic\">Boyut: 22AWG\/26AWG<\/div>\n<\/div>\n<div class=\"specification--prop--RejitI8\">\n<div class=\"specification--title--UbVeyic\">Uzunluk: 100 metre<\/div>\n<\/div>\n<\/li>\n<li class=\"specification--line--iUJOqof\">\n<div class=\"specification--prop--RejitI8\">\n<div class=\"specification--title--UbVeyic\">Ad\u0131: 22AWG 26AWG 30\/60 \u00c7ekirdek 3 Y\u00f6nl\u00fc D\u00f6nme Servo Uzatma Kablosu<\/div>\n<\/div>\n<\/li>\n<\/ul>","protected":false},"excerpt":{"rendered":"<p>CW-30Core-BRW<\/p>","protected":false},"featured_media":16464,"comment_status":"open","ping_status":"closed","template":"","meta":{"_monsterinsights_skip_tracking":false,"_monsterinsights_sitenote_active":false,"_monsterinsights_sitenote_note":"","_monsterinsights_sitenote_category":0},"product_cat":[353,381],"product_tag":[],"aioseo_notices":[],"jetpack_sharing_enabled":true,"_links":{"self":[{"href":"https:\/\/digitaltarget.com.tr\/ar\/wp-json\/wp\/v2\/product\/16297"}],"collection":[{"href":"https:\/\/digitaltarget.com.tr\/ar\/wp-json\/wp\/v2\/product"}],"about":[{"href":"https:\/\/digitaltarget.com.tr\/ar\/wp-json\/wp\/v2\/types\/product"}],"replies":[{"embeddable":true,"href":"https:\/\/digitaltarget.com.tr\/ar\/wp-json\/wp\/v2\/comments?post=16297"}],"version-history":[{"count":6,"href":"https:\/\/digitaltarget.com.tr\/ar\/wp-json\/wp\/v2\/product\/16297\/revisions"}],"predecessor-version":[{"id":19008,"href":"https:\/\/digitaltarget.com.tr\/ar\/wp-json\/wp\/v2\/product\/16297\/revisions\/19008"}],"wp:featuredmedia":[{"embeddable":true,"href":"https:\/\/digitaltarget.com.tr\/ar\/wp-json\/wp\/v2\/media\/16464"}],"wp:attachment":[{"href":"https:\/\/digitaltarget.com.tr\/ar\/wp-json\/wp\/v2\/media?parent=16297"}],"wp:term":[{"taxonomy":"product_cat","embeddable":true,"href":"https:\/\/digitaltarget.com.tr\/ar\/wp-json\/wp\/v2\/product_cat?post=16297"},{"taxonomy":"product_tag","embeddable":true,"href":"https:\/\/digitaltarget.com.tr\/ar\/wp-json\/wp\/v2\/product_tag?post=16297"}],"curies":[{"name":"wp","href":"https:\/\/api.w.org\/{rel}","templated":true}]}}