{"id":16301,"date":"2023-08-17T11:28:07","date_gmt":"2023-08-17T11:28:07","guid":{"rendered":"https:\/\/digitaltarget.com.tr\/?post_type=product&#038;p=16301"},"modified":"2025-04-11T15:28:11","modified_gmt":"2025-04-11T15:28:11","slug":"new-dle85-gasoline-engine-85cc-for-model-airplane","status":"publish","type":"product","link":"https:\/\/digitaltarget.com.tr\/ar\/product\/new-dle85-gasoline-engine-85cc-for-model-airplane\/","title":{"rendered":"Yeni DLE85 Benzinli motor 85CC Model U\u00e7ak \u0130\u00e7in"},"content":{"rendered":"<p><strong><span data-spm-anchor-id=\"a2g0o.detail.1000023.i0.3b42tBo6tBo6Z1\">\u00d6zellikler:<\/span><\/strong><\/p>\n<ul>\n<li>Stok numaras\u0131: DLE85<\/li>\n<li>Performans: 8.5HP\/7500 rpm<\/li>\n<li>Bo\u015fta h\u0131z: 1500 RPM<\/li>\n<li>21Kg statik iti\u015f\/100 metre rak\u0131m<\/li>\n<li>18Kg statik iti\u015f\/1800 metre rak\u0131m<\/li>\n<li>U\u00e7ak pervanesi \u00f6zellikleri: 25 \u00d7 10; 26 \u00d7 9; 27 \u00d7 8;<\/li>\n<li>Buji tipi: NGK CM6<\/li>\n<\/ul>\n<p><strong>Parametreler<\/strong><\/p>\n<ul>\n<li>Egzoz hacmi: 85cm\u00b3<\/li>\n<li>\u00c7ap X Yataklama: 52mm X 40mm<\/li>\n<li>S\u0131k\u0131\u015ft\u0131rma oran\u0131: 9.5:1<\/li>\n<li>Ya\u011flama kapasite oran\u0131: 30:1<\/li>\n<li>A\u011f\u0131rl\u0131k: ana motor-1930g egzoz borusu-250g<\/li>\n<li>Mar\u015f cihaz\u0131-130g<\/li>\n<li>Mar\u015f voltaj\u0131: 4.8 V-8.4 V<\/li>\n<\/ul>","protected":false},"excerpt":{"rendered":"<p>\u00d6zellikler: Stok numaras\u0131: DLE85 Performans: 8.5HP\/7500 rpm Bo\u015fta h\u0131z: 1500 RPM 21Kg statik iti\u015f\/100 metre rak\u0131m 18Kg statik iti\u015f\/1800 metre<\/p>","protected":false},"featured_media":16646,"comment_status":"open","ping_status":"closed","template":"","meta":{"_monsterinsights_skip_tracking":false,"_monsterinsights_sitenote_active":false,"_monsterinsights_sitenote_note":"","_monsterinsights_sitenote_category":0},"product_cat":[447,383],"product_tag":[],"aioseo_notices":[],"jetpack_sharing_enabled":true,"_links":{"self":[{"href":"https:\/\/digitaltarget.com.tr\/ar\/wp-json\/wp\/v2\/product\/16301"}],"collection":[{"href":"https:\/\/digitaltarget.com.tr\/ar\/wp-json\/wp\/v2\/product"}],"about":[{"href":"https:\/\/digitaltarget.com.tr\/ar\/wp-json\/wp\/v2\/types\/product"}],"replies":[{"embeddable":true,"href":"https:\/\/digitaltarget.com.tr\/ar\/wp-json\/wp\/v2\/comments?post=16301"}],"version-history":[{"count":8,"href":"https:\/\/digitaltarget.com.tr\/ar\/wp-json\/wp\/v2\/product\/16301\/revisions"}],"predecessor-version":[{"id":19010,"href":"https:\/\/digitaltarget.com.tr\/ar\/wp-json\/wp\/v2\/product\/16301\/revisions\/19010"}],"wp:featuredmedia":[{"embeddable":true,"href":"https:\/\/digitaltarget.com.tr\/ar\/wp-json\/wp\/v2\/media\/16646"}],"wp:attachment":[{"href":"https:\/\/digitaltarget.com.tr\/ar\/wp-json\/wp\/v2\/media?parent=16301"}],"wp:term":[{"taxonomy":"product_cat","embeddable":true,"href":"https:\/\/digitaltarget.com.tr\/ar\/wp-json\/wp\/v2\/product_cat?post=16301"},{"taxonomy":"product_tag","embeddable":true,"href":"https:\/\/digitaltarget.com.tr\/ar\/wp-json\/wp\/v2\/product_tag?post=16301"}],"curies":[{"name":"wp","href":"https:\/\/api.w.org\/{rel}","templated":true}]}}