{"id":16309,"date":"2023-08-17T11:28:08","date_gmt":"2023-08-17T11:28:08","guid":{"rendered":"https:\/\/digitaltarget.com.tr\/?post_type=product&#038;p=16309"},"modified":"2025-07-24T04:09:28","modified_gmt":"2025-07-24T04:09:28","slug":"inav-betaflight-betaflight-f4-pro-v2-v3-5-v3s-flight-control-built-in-osd-bec-for-fpv-racing-drone-diy-quadcopter-bn220-gps","status":"publish","type":"product","link":"https:\/\/digitaltarget.com.tr\/ar\/product\/inav-betaflight-betaflight-f4-pro-v2-v3-5-v3s-flight-control-built-in-osd-bec-for-fpv-racing-drone-diy-quadcopter-bn220-gps\/","title":{"rendered":"INAV Betaflight F4 Pro BEC BN220 GPS"},"content":{"rendered":"<h4>F4PRO-V2-INAV<\/h4>\n<p>Bu, pop\u00fcler Omnibus F4 Pro&#8217;nun tasar\u0131m\u0131na dayanan tamamen yeni Omnibus F3 Pro&#8217;dur. Ancak bu kart\u0131n ana avantaj\u0131, daha h\u0131zl\u0131 d\u00f6ng\u00fc s\u00fcreleri i\u00e7in daha g\u00fc\u00e7l\u00fc STM F4 i\u015flemcisini kullanmas\u0131d\u0131r. OSD mod\u00fcl\u00fc, USB kart okuyucu, d\u00fc\u015f\u00fck g\u00fcr\u00fclt\u00fcl\u00fc MPU6000 IMU, SPI, ak\u0131m ve voltaj sens\u00f6r\u00fc vb. Omnibus F3 Pro&#8217;dan sevdi\u011finiz her \u015fey bu kartta mevcuttur.<\/p>\n<p>V2 Pro versiyonu art\u0131k entegre bir BEC i\u00e7eriyor, b\u00f6ylece bu kart\u0131 do\u011frudan u\u00e7u\u015f bataryan\u0131zdan (4s&#8217;e kadar) besleyebilirsiniz.<\/p>\n<h5><strong>\u00d6zellikler:<\/strong><\/h5>\n<ul>\n<li>SPI Gyro MPU6000<\/li>\n<li>Onboard OSD (Betaflight taraf\u0131ndan kontrol edilir, FC SPI bus \u00fczerinden)<\/li>\n<li>MicroSD siyah kutu<\/li>\n<li>Barometre (BMP280) (varsay\u0131lan olarak kapal\u0131, a\u00e7may\u0131 bilmiyorsan\u0131z bizimle ileti\u015fime ge\u00e7in)<\/li>\n<li>F4 i\u015flemci (F405)<\/li>\n<li>5V3A BEC<\/li>\n<li>Entgre edilmi\u015f ak\u0131m sens\u00f6r\u00fc<\/li>\n<li>Entgre edilmi\u015f video filtresi (sadece 5V besleme sa\u011flar, VTX ve kamera i\u00e7in)<\/li>\n<\/ul>\n<h5><strong>PPM Kullan\u0131m\u0131<\/strong><\/h5>\n<p>PPM al\u0131c\u0131n\u0131z\u0131 FC&#8217;ye tan\u0131tmakta sorun ya\u015f\u0131yorsan\u0131z, yapman\u0131z gerekenler \u015funlard\u0131r: GUI&#8217;de rx_seri&#8217;yi etkinle\u015ftirmeniz ve uart3&#8217;\u00fc a\u00e7man\u0131z gerekiyor. U\u00e7u\u015f kontrol cihaz\u0131n\u0131 kaydedin ve yeniden ba\u015flat\u0131n. Ard\u0131ndan RX_PPM se\u00e7ene\u011fini se\u00e7erek tekrar kontrol edin, b\u00f6ylece FC&#8217;niz PPM al\u0131c\u0131n\u0131zla ileti\u015fim kurar.<\/p>","protected":false},"excerpt":{"rendered":"<p>F4PRO-V2-INAV<\/p>","protected":false},"featured_media":17770,"comment_status":"open","ping_status":"closed","template":"","meta":{"_monsterinsights_skip_tracking":false,"_monsterinsights_sitenote_active":false,"_monsterinsights_sitenote_note":"","_monsterinsights_sitenote_category":0},"product_cat":[354],"product_tag":[],"aioseo_notices":[],"jetpack_sharing_enabled":true,"_links":{"self":[{"href":"https:\/\/digitaltarget.com.tr\/ar\/wp-json\/wp\/v2\/product\/16309"}],"collection":[{"href":"https:\/\/digitaltarget.com.tr\/ar\/wp-json\/wp\/v2\/product"}],"about":[{"href":"https:\/\/digitaltarget.com.tr\/ar\/wp-json\/wp\/v2\/types\/product"}],"replies":[{"embeddable":true,"href":"https:\/\/digitaltarget.com.tr\/ar\/wp-json\/wp\/v2\/comments?post=16309"}],"version-history":[{"count":7,"href":"https:\/\/digitaltarget.com.tr\/ar\/wp-json\/wp\/v2\/product\/16309\/revisions"}],"predecessor-version":[{"id":19002,"href":"https:\/\/digitaltarget.com.tr\/ar\/wp-json\/wp\/v2\/product\/16309\/revisions\/19002"}],"wp:featuredmedia":[{"embeddable":true,"href":"https:\/\/digitaltarget.com.tr\/ar\/wp-json\/wp\/v2\/media\/17770"}],"wp:attachment":[{"href":"https:\/\/digitaltarget.com.tr\/ar\/wp-json\/wp\/v2\/media?parent=16309"}],"wp:term":[{"taxonomy":"product_cat","embeddable":true,"href":"https:\/\/digitaltarget.com.tr\/ar\/wp-json\/wp\/v2\/product_cat?post=16309"},{"taxonomy":"product_tag","embeddable":true,"href":"https:\/\/digitaltarget.com.tr\/ar\/wp-json\/wp\/v2\/product_tag?post=16309"}],"curies":[{"name":"wp","href":"https:\/\/api.w.org\/{rel}","templated":true}]}}