{"id":16311,"date":"2023-08-17T11:28:08","date_gmt":"2023-08-17T11:28:08","guid":{"rendered":"https:\/\/digitaltarget.com.tr\/?post_type=product&#038;p=16311"},"modified":"2024-10-01T17:06:32","modified_gmt":"2024-10-01T17:06:32","slug":"video-transmitter-1-2-1-3ghz-vtx-1g3se","status":"publish","type":"product","link":"https:\/\/digitaltarget.com.tr\/ar\/product\/video-transmitter-1-2-1-3ghz-vtx-1g3se\/","title":{"rendered":"MATEKSYS Video Vericisi 1.2\/1.3GHz, VTX-1G3SE"},"content":{"rendered":"<h4>\u00d6zellikler ve Teknik \u015eartlar<\/h4>\n<ul>\n<li class=\" translation-block\">9CH_INTL versiyonu (1080, 1120, 1160, 1200, 1240, 1280, 1320, 1360, 1258MHz), <strong>SKU: VTX-1G3SE-9<\/strong><\/li>\n<li class=\" translation-block\">2CH_US versiyonu (1258MHz &amp; 1280MHz), <strong>SKU: VTX-1G3SE-2<\/strong><\/li>\n<li>RF g\u00fc\u00e7 \u00e7\u0131k\u0131\u015f\u0131: 0.1mw (0, pit modu), 25mw (1), 200mw (2), 800mw (3)<\/li>\n<li>1.3G i\u00e7in Tramp protokol varyant\u0131 ile CMS kontrol\u00fc<\/li>\n<li>D\u00fc\u011fme kontrol\u00fc ve LED g\u00f6stergeler<\/li>\n<li>Entgre edilmi\u015f AGC mikrofon<\/li>\n<\/ul>\n<ul>\n<li>6-36V DC G\u0130R\u0130\u015e (2-8S LiPo)<\/li>\n<li>G\u00fc\u00e7 T\u00fcketimi: 40mA (0.1mw), 110mA (25mw), 150mA (200mw), 250mA (800mw) @12V G\u0130R\u0130\u015e<\/li>\n<li>Video format\u0131: NTSC veya PAL<\/li>\n<li>Ses Alt Ta\u015f\u0131y\u0131c\u0131: 6.5 MHz &amp; 6.0MHz, 6.5MHz&#8217;de entegre mikrofon<\/li>\n<li>RF Konnekt\u00f6r\u00fc: SMA<\/li>\n<\/ul>\n<ul>\n<li>A\u011f\u0131rl\u0131k: 9g (anten olmadan)<\/li>\n<li>Boyut: kart 36*21.5mm<\/li>\n<\/ul>\n<h4>Ba\u011flant\u0131 Noktalar\u0131<\/h4>\n<ul>\n<li>+ IN-: 6-36V DC giri\u015f, ters polarite koruma<\/li>\n<li>VID: Video giri\u015fi<\/li>\n<li>G: Topraklama<\/li>\n<li>5V: entegre reg\u00fclat\u00f6r \u00e7\u0131k\u0131\u015f\u0131, Bu ba\u011flant\u0131 noktas\u0131nda maksimum 1.5A y\u00fck<\/li>\n<li>A6.0: Ses 6.0MHz giri\u015fi<\/li>\n<li>RX: Tramp protokol\u00fc ile CMS kontrol\u00fc<\/li>\n<li>TX &amp; RX: Yaz\u0131l\u0131m g\u00fcncelleme i\u00e7in UART<\/li>\n<\/ul>","protected":false},"excerpt":{"rendered":"<p>VTX-1G3SE-9CH<\/p>","protected":false},"featured_media":16628,"comment_status":"open","ping_status":"closed","template":"","meta":{"_monsterinsights_skip_tracking":false,"_monsterinsights_sitenote_active":false,"_monsterinsights_sitenote_note":"","_monsterinsights_sitenote_category":0},"product_cat":[356,438],"product_tag":[],"aioseo_notices":[],"jetpack_sharing_enabled":true,"_links":{"self":[{"href":"https:\/\/digitaltarget.com.tr\/ar\/wp-json\/wp\/v2\/product\/16311"}],"collection":[{"href":"https:\/\/digitaltarget.com.tr\/ar\/wp-json\/wp\/v2\/product"}],"about":[{"href":"https:\/\/digitaltarget.com.tr\/ar\/wp-json\/wp\/v2\/types\/product"}],"replies":[{"embeddable":true,"href":"https:\/\/digitaltarget.com.tr\/ar\/wp-json\/wp\/v2\/comments?post=16311"}],"version-history":[{"count":7,"href":"https:\/\/digitaltarget.com.tr\/ar\/wp-json\/wp\/v2\/product\/16311\/revisions"}],"predecessor-version":[{"id":19003,"href":"https:\/\/digitaltarget.com.tr\/ar\/wp-json\/wp\/v2\/product\/16311\/revisions\/19003"}],"wp:featuredmedia":[{"embeddable":true,"href":"https:\/\/digitaltarget.com.tr\/ar\/wp-json\/wp\/v2\/media\/16628"}],"wp:attachment":[{"href":"https:\/\/digitaltarget.com.tr\/ar\/wp-json\/wp\/v2\/media?parent=16311"}],"wp:term":[{"taxonomy":"product_cat","embeddable":true,"href":"https:\/\/digitaltarget.com.tr\/ar\/wp-json\/wp\/v2\/product_cat?post=16311"},{"taxonomy":"product_tag","embeddable":true,"href":"https:\/\/digitaltarget.com.tr\/ar\/wp-json\/wp\/v2\/product_tag?post=16311"}],"curies":[{"name":"wp","href":"https:\/\/api.w.org\/{rel}","templated":true}]}}