{"id":16313,"date":"2023-08-17T11:28:08","date_gmt":"2023-08-17T11:28:08","guid":{"rendered":"https:\/\/digitaltarget.com.tr\/?post_type=product&#038;p=16313"},"modified":"2025-07-24T04:09:47","modified_gmt":"2025-07-24T04:09:47","slug":"video-receiver-1-2-1-3ghz-vrx-1g3-v2","status":"publish","type":"product","link":"https:\/\/digitaltarget.com.tr\/ar\/product\/video-receiver-1-2-1-3ghz-vrx-1g3-v2\/","title":{"rendered":"MATEKSYS Video Al\u0131c\u0131s\u0131 1.2\/1.3GHz, VRX-1G3-V2"},"content":{"rendered":"<h4>MT-VRX-VTX<\/h4>\n<div><span data-spm-anchor-id=\"a2g0o.detail.1000023.i0.668a8GwO8GwORd\"><strong>\u00d6zellikler:<\/strong><\/span><\/div>\n<div><\/div>\n<div><span data-spm-anchor-id=\"a2g0o.detail.1000023.i0.668a8GwO8GwORd\">2CH_US versiyonu (1258MHz ve 1280MHz)<\/span><\/div>\n<div>9CH_INTL versiyonu (1080MHz&#8217;den 1360MHz&#8217;ye kadar)<\/div>\n<div>RF g\u00fc\u00e7 \u00e7\u0131k\u0131\u015f\u0131: 28dBm (630mW)<\/div>\n<div>6-36V DC G\u0130R\u0130\u015e (2-8S LiPo)<\/div>\n<div>D\u00fc\u011fme kontrol\u00fc ve LED g\u00f6stergeler<\/div>\n<div>Entegre AGC mikrofon<\/div>\n<div>G\u00fc\u00e7 t\u00fcketimi: &lt;2.5W<\/div>\n<div>Video format\u0131: NTSC veya PAL<\/div>\n<div>Ses Alt Ta\u015f\u0131y\u0131c\u0131: 6.5MHz ve 6.0MHz<\/div>\n<div>RF konnekt\u00f6r\u00fc: SMA<\/div>\n<div>A\u011f\u0131rl\u0131k: 9g (anten olmadan)<\/div>\n<div>Boyut: kart 36*21.5mm<\/div>\n<h4>Ba\u011flant\u0131 Noktalar\u0131<\/h4>\n<div>+ IN-: 6-36V DC giri\u015f, ters polarite koruma<\/div>\n<div>VID: Video giri\u015fi<\/div>\n<div>G: Topraklama<\/div>\n<div>5V: entegre reg\u00fclat\u00f6r \u00e7\u0131k\u0131\u015f\u0131, bu ba\u011flant\u0131 noktas\u0131nda maksimum 1.5A y\u00fck<\/div>\n<div>Aud: ses 6.5MHz giri\u015fi, entegre mikrofon bu hat ile payla\u015f\u0131l\u0131r.<\/div>\n<div>TX &amp; RX: Yaz\u0131l\u0131m g\u00fcncelleme i\u00e7in UART<\/div>\n<h4>\u0130\u00e7erir<\/h4>\n<div>1x 1.2\/1.3G Video verici VTX-1G3-9 (INTL versiyonu) veya VTX-1G3-2 (US versiyonu)<\/div>\n<div>1x dipol anten_SMA, merkez frekans 1240MHz<\/div>\n<h4>Ayarlar<\/h4>\n<div>D\u00fc\u011fmeye 2 saniye bas\u0131l\u0131 tutarak frekans ayar\u0131na ge\u00e7in. Frekans LED&#8217;i yan\u0131p s\u00f6ner.<\/div>\n<div>D\u00fc\u011fmeye basarak frekansta se\u00e7im yap\u0131n.<\/div>\n<div>LED yeni frekansta yan\u0131p s\u00f6nmeye ba\u015flad\u0131\u011f\u0131nda, o frekansta RF \u00e7\u0131k\u0131\u015f\u0131 olmaz.<\/div>\n<div>3 saniye i\u00e7inde d\u00fc\u011fme hareketi olmazsa, yeni frekans ve \u00e7\u0131k\u0131\u015f aktif olacakt\u0131r.<\/div>\n<div>CMS kontrol\u00fc \u015fu anda desteklenmemektedir.<\/div>\n<div><\/div>\n<div>2CH US versiyonu 1258 ve 1280 MHz frekansta kilitlenmi\u015ftir, firmware g\u00fcncellemesi ile 9CH&#8217;e ge\u00e7i\u015f yap\u0131lamaz.<\/div>","protected":false},"excerpt":{"rendered":"<p>MT-VRX-VTX<\/p>","protected":false},"featured_media":17040,"comment_status":"open","ping_status":"closed","template":"","meta":{"_monsterinsights_skip_tracking":false,"_monsterinsights_sitenote_active":false,"_monsterinsights_sitenote_note":"","_monsterinsights_sitenote_category":0},"product_cat":[356,438],"product_tag":[],"aioseo_notices":[],"jetpack_sharing_enabled":true,"_links":{"self":[{"href":"https:\/\/digitaltarget.com.tr\/ar\/wp-json\/wp\/v2\/product\/16313"}],"collection":[{"href":"https:\/\/digitaltarget.com.tr\/ar\/wp-json\/wp\/v2\/product"}],"about":[{"href":"https:\/\/digitaltarget.com.tr\/ar\/wp-json\/wp\/v2\/types\/product"}],"replies":[{"embeddable":true,"href":"https:\/\/digitaltarget.com.tr\/ar\/wp-json\/wp\/v2\/comments?post=16313"}],"version-history":[{"count":6,"href":"https:\/\/digitaltarget.com.tr\/ar\/wp-json\/wp\/v2\/product\/16313\/revisions"}],"predecessor-version":[{"id":19005,"href":"https:\/\/digitaltarget.com.tr\/ar\/wp-json\/wp\/v2\/product\/16313\/revisions\/19005"}],"wp:featuredmedia":[{"embeddable":true,"href":"https:\/\/digitaltarget.com.tr\/ar\/wp-json\/wp\/v2\/media\/17040"}],"wp:attachment":[{"href":"https:\/\/digitaltarget.com.tr\/ar\/wp-json\/wp\/v2\/media?parent=16313"}],"wp:term":[{"taxonomy":"product_cat","embeddable":true,"href":"https:\/\/digitaltarget.com.tr\/ar\/wp-json\/wp\/v2\/product_cat?post=16313"},{"taxonomy":"product_tag","embeddable":true,"href":"https:\/\/digitaltarget.com.tr\/ar\/wp-json\/wp\/v2\/product_tag?post=16313"}],"curies":[{"name":"wp","href":"https:\/\/api.w.org\/{rel}","templated":true}]}}