{"id":16315,"date":"2023-08-17T11:28:09","date_gmt":"2023-08-17T11:28:09","guid":{"rendered":"https:\/\/digitaltarget.com.tr\/?post_type=product&#038;p=16315"},"modified":"2025-07-24T04:08:55","modified_gmt":"2025-07-24T04:08:55","slug":"sunhans-sh58gi2000-2000mw-5-8ghz-wireless-signal-booster-2w-wifi-amplifier","status":"publish","type":"product","link":"https:\/\/digitaltarget.com.tr\/ar\/product\/sunhans-sh58gi2000-2000mw-5-8ghz-wireless-signal-booster-2w-wifi-amplifier\/","title":{"rendered":"SUNHANS SH58Gi2000 2000mW 5.8Ghz Kablosuz Sinyal G\u00fc\u00e7lendirici"},"content":{"rendered":"<table>\n<tbody>\n<tr>\n<th><strong>\u00dcr\u00fcn<\/strong><\/th>\n<th><strong>A\u00e7\u0131klama<\/strong><\/th>\n<\/tr>\n<tr>\n<td><strong>Durum<\/strong><\/td>\n<td><strong>Yepyeni, kullan\u0131lmam\u0131\u015f, a\u00e7\u0131lmam\u0131\u015f, hasar g\u00f6rmemi\u015f, orijinal ambalaj\u0131nda \u00fcr\u00fcn<\/strong><\/td>\n<\/tr>\n<tr>\n<td><strong>Model<\/strong><\/td>\n<td><strong>SH58Gi2000<\/strong><\/td>\n<\/tr>\n<tr>\n<td><strong>\u00dcr\u00fcn Y\u00fcksekli\u011fi<\/strong><\/td>\n<td><strong>20mm<\/strong><\/td>\n<\/tr>\n<tr>\n<td><strong>\u00dcr\u00fcn Geni\u015fli\u011fi<\/strong><\/td>\n<td><strong>54mm<\/strong><\/td>\n<\/tr>\n<tr>\n<td><strong>T\u00fcr<\/strong><\/td>\n<td><strong>Booster<\/strong><\/td>\n<\/tr>\n<tr>\n<td><strong>Renk<\/strong><\/td>\n<td><strong>G\u00fcm\u00fc\u015f<\/strong><\/td>\n<\/tr>\n<tr>\n<td><strong>MPN<\/strong><\/td>\n<td><strong>58Gi2000014<\/strong><\/td>\n<\/tr>\n<tr>\n<td><strong>Marka<\/strong><\/td>\n<td><strong>Sunhans<\/strong><\/td>\n<\/tr>\n<tr>\n<td><strong>\u00dcretim \u00dclkesi\/B\u00f6lgesi<\/strong><\/td>\n<td><strong>\u00c7in<\/strong><\/td>\n<\/tr>\n<tr>\n<td><strong>Frekans Bantlar\u0131<\/strong><\/td>\n<td><strong>5.8GHz<\/strong><\/td>\n<\/tr>\n<tr>\n<td><strong>Ba\u011flant\u0131<\/strong><\/td>\n<td><strong>Kablosuz, Kablosuz-Wi-Fi 802.11a, Kablosuz-Wi-Fi 802.11n<\/strong><\/td>\n<\/tr>\n<tr>\n<td><strong>\u00dcr\u00fcn Uzunlu\u011fu<\/strong><\/td>\n<td><strong>84mm<\/strong><\/td>\n<\/tr>\n<tr>\n<td><strong>\u00c7al\u0131\u015fma aral\u0131\u011f\u0131<\/strong><\/td>\n<td><strong>5000~5875MHz<\/strong><\/td>\n<\/tr>\n<tr>\n<td><strong>Kanal geni\u015fli\u011fi<\/strong><\/td>\n<td><strong>20Mhz&amp;40Mhz&amp;80Mhz<\/strong><\/td>\n<\/tr>\n<tr>\n<td><strong>\u00c7\u0131k\u0131\u015f G\u00fcc\u00fc<\/strong><\/td>\n<td><strong>2000mW (33dBm)<\/strong><\/td>\n<\/tr>\n<tr>\n<td><strong>Giri\u015f G\u00fcc\u00fc<\/strong><\/td>\n<td><strong>0 ~ 20dBm<\/strong><\/td>\n<\/tr>\n<tr>\n<td><strong>\u0130letim Kazanc\u0131<\/strong><\/td>\n<td><strong>15 &#8211; 18dB<\/strong><\/td>\n<\/tr>\n<tr>\n<td><strong>Al\u0131c\u0131 Kazanc\u0131<\/strong><\/td>\n<td><strong>11 &#8211; 14dB<\/strong><\/td>\n<\/tr>\n<tr>\n<td><strong>G\u00fcr\u00fclt\u00fc Katsay\u0131s\u0131<\/strong><\/td>\n<td><strong>\u22643.5dB tipik<\/strong><\/td>\n<\/tr>\n<tr>\n<td><strong>Frekans Yan\u0131t\u0131<\/strong><\/td>\n<td><strong>\u00c7al\u0131\u015fma aral\u0131\u011f\u0131nda \u00b11dB<\/strong><\/td>\n<\/tr>\n<tr>\n<td><strong>G\u00fc\u00e7 Adapt\u00f6r\u00fc<\/strong><\/td>\n<td><strong>12V\/2A DC, 100~240V<\/strong><\/td>\n<\/tr>\n<tr>\n<td><strong>Ambalaj Boyutu ve A\u011f\u0131rl\u0131\u011f\u0131<\/strong><\/td>\n<td><strong>213 x 135 x 50mm; 390g<\/strong><\/td>\n<\/tr>\n<\/tbody>\n<\/table>","protected":false},"excerpt":{"rendered":"<p>\u00dcr\u00fcn A\u00e7\u0131klama Durum Yepyeni, kullan\u0131lmam\u0131\u015f, a\u00e7\u0131lmam\u0131\u015f, hasar g\u00f6rmemi\u015f, orijinal ambalaj\u0131nda \u00fcr\u00fcn Model SH58Gi2000 \u00dcr\u00fcn Y\u00fcksekli\u011fi 20mm \u00dcr\u00fcn Geni\u015fli\u011fi 54mm T\u00fcr<\/p>","protected":false},"featured_media":16605,"comment_status":"open","ping_status":"closed","template":"","meta":{"_monsterinsights_skip_tracking":false,"_monsterinsights_sitenote_active":false,"_monsterinsights_sitenote_note":"","_monsterinsights_sitenote_category":0},"product_cat":[448,356],"product_tag":[],"aioseo_notices":[],"jetpack_sharing_enabled":true,"_links":{"self":[{"href":"https:\/\/digitaltarget.com.tr\/ar\/wp-json\/wp\/v2\/product\/16315"}],"collection":[{"href":"https:\/\/digitaltarget.com.tr\/ar\/wp-json\/wp\/v2\/product"}],"about":[{"href":"https:\/\/digitaltarget.com.tr\/ar\/wp-json\/wp\/v2\/types\/product"}],"replies":[{"embeddable":true,"href":"https:\/\/digitaltarget.com.tr\/ar\/wp-json\/wp\/v2\/comments?post=16315"}],"version-history":[{"count":7,"href":"https:\/\/digitaltarget.com.tr\/ar\/wp-json\/wp\/v2\/product\/16315\/revisions"}],"predecessor-version":[{"id":18996,"href":"https:\/\/digitaltarget.com.tr\/ar\/wp-json\/wp\/v2\/product\/16315\/revisions\/18996"}],"wp:featuredmedia":[{"embeddable":true,"href":"https:\/\/digitaltarget.com.tr\/ar\/wp-json\/wp\/v2\/media\/16605"}],"wp:attachment":[{"href":"https:\/\/digitaltarget.com.tr\/ar\/wp-json\/wp\/v2\/media?parent=16315"}],"wp:term":[{"taxonomy":"product_cat","embeddable":true,"href":"https:\/\/digitaltarget.com.tr\/ar\/wp-json\/wp\/v2\/product_cat?post=16315"},{"taxonomy":"product_tag","embeddable":true,"href":"https:\/\/digitaltarget.com.tr\/ar\/wp-json\/wp\/v2\/product_tag?post=16315"}],"curies":[{"name":"wp","href":"https:\/\/api.w.org\/{rel}","templated":true}]}}