{"id":16321,"date":"2023-08-17T11:28:09","date_gmt":"2023-08-17T11:28:09","guid":{"rendered":"https:\/\/digitaltarget.com.tr\/?post_type=product&#038;p=16321"},"modified":"2024-08-02T12:17:02","modified_gmt":"2024-08-02T12:17:02","slug":"ehdis-2-5-99999-rpm-meter-tachometer-speed-gauge-non-contact-digital-laser-photo-tachometer-speed-gun-speedometer-tach-tester","status":"publish","type":"product","link":"https:\/\/digitaltarget.com.tr\/ar\/product\/ehdis-2-5-99999-rpm-meter-tachometer-speed-gauge-non-contact-digital-laser-photo-tachometer-speed-gun-speedometer-tach-tester\/","title":{"rendered":"EHDIS 2.5-99999 RPM Takometre Temass\u0131z Dijital Lazer"},"content":{"rendered":"<ul class=\"a-unordered-list a-vertical\">\n<li><span class=\"a-list-item\">1. Mini Ta\u015f\u0131nabilir Tabanca Tipi Tasar\u0131m<\/span><\/li>\n<li><span class=\"a-list-item\">2. Geni\u015f \u00d6l\u00e7\u00fcm Aral\u0131\u011f\u0131 ve Y\u00fcksek \u00c7\u00f6z\u00fcn\u00fcrl\u00fck, Otomatik ve Manuel \u00d6l\u00e7\u00fcm Se\u00e7ilebilir, Veri Kaydetme ve Hat\u0131rlama (60 \u00f6l\u00e7\u00fcm)<\/span><\/li>\n<li><span class=\"a-list-item\">3. MAKS\/M\u0130N\/ORT. De\u011fer Kay\u0131t Fonksiyonlar\u0131<\/span><\/li>\n<li><span class=\"a-list-item\">4. Kay\u0131t Zaman Aral\u0131\u011f\u0131 Ayar Fonksiyonu<\/span><\/li>\n<li><span class=\"a-list-item\">5. Beyaz Arka I\u015f\u0131kla LCD Ekran<\/span><\/li>\n<li><span class=\"a-list-item\">6. Veri Tutma Fonksiyonu<\/span><\/li>\n<li><span class=\"a-list-item\">7. Otomatik ve Manuel G\u00fc\u00e7 Kapatma<\/span><\/li>\n<li><span class=\"a-list-item\">8. D\u00fc\u015f\u00fck Pil \u0130kaz\u0131<\/span><\/li>\n<\/ul>","protected":false},"excerpt":{"rendered":"<p>AT-161<\/p>","protected":false},"featured_media":16623,"comment_status":"open","ping_status":"closed","template":"","meta":{"_monsterinsights_skip_tracking":false,"_monsterinsights_sitenote_active":false,"_monsterinsights_sitenote_note":"","_monsterinsights_sitenote_category":0},"product_cat":[384],"product_tag":[],"aioseo_notices":[],"jetpack_sharing_enabled":true,"_links":{"self":[{"href":"https:\/\/digitaltarget.com.tr\/ar\/wp-json\/wp\/v2\/product\/16321"}],"collection":[{"href":"https:\/\/digitaltarget.com.tr\/ar\/wp-json\/wp\/v2\/product"}],"about":[{"href":"https:\/\/digitaltarget.com.tr\/ar\/wp-json\/wp\/v2\/types\/product"}],"replies":[{"embeddable":true,"href":"https:\/\/digitaltarget.com.tr\/ar\/wp-json\/wp\/v2\/comments?post=16321"}],"version-history":[{"count":7,"href":"https:\/\/digitaltarget.com.tr\/ar\/wp-json\/wp\/v2\/product\/16321\/revisions"}],"predecessor-version":[{"id":17030,"href":"https:\/\/digitaltarget.com.tr\/ar\/wp-json\/wp\/v2\/product\/16321\/revisions\/17030"}],"wp:featuredmedia":[{"embeddable":true,"href":"https:\/\/digitaltarget.com.tr\/ar\/wp-json\/wp\/v2\/media\/16623"}],"wp:attachment":[{"href":"https:\/\/digitaltarget.com.tr\/ar\/wp-json\/wp\/v2\/media?parent=16321"}],"wp:term":[{"taxonomy":"product_cat","embeddable":true,"href":"https:\/\/digitaltarget.com.tr\/ar\/wp-json\/wp\/v2\/product_cat?post=16321"},{"taxonomy":"product_tag","embeddable":true,"href":"https:\/\/digitaltarget.com.tr\/ar\/wp-json\/wp\/v2\/product_tag?post=16321"}],"curies":[{"name":"wp","href":"https:\/\/api.w.org\/{rel}","templated":true}]}}