{"id":16323,"date":"2023-08-17T11:28:09","date_gmt":"2023-08-17T11:28:09","guid":{"rendered":"https:\/\/digitaltarget.com.tr\/?post_type=product&#038;p=16323"},"modified":"2025-07-24T04:09:07","modified_gmt":"2025-07-24T04:09:07","slug":"rc-drone-long-range-signal-booster-3w-sunhans-2-4ghz-remote-control-signal-amplifier","status":"publish","type":"product","link":"https:\/\/digitaltarget.com.tr\/ar\/product\/rc-drone-long-range-signal-booster-3w-sunhans-2-4ghz-remote-control-signal-amplifier\/","title":{"rendered":"Sunhans RC Drone Uzun Menzilli Sinyal G\u00fc\u00e7lendirici 3W 2.4GHz"},"content":{"rendered":"<h5 class=\" translation-block\"><strong>Sunhans RC Drone Uzun Menzilli Sinyal G\u00fc\u00e7lendirici 3W 2.4GHz Uzaktan Kumanda Sinyal Amplifikat\u00f6r\u00fc<\/strong><br>\r\n<strong>G\u00fc\u00e7lendirici Modeli: SH-RC24G3W<\/strong><\/h5>\n<p class=\" translation-block\"><strong>\u00c7al\u0131\u015fma Aral\u0131\u011f\u0131:<\/strong> 2.4~2.5 GHz<\/p>\n<p class=\" translation-block\"><strong>\u00c7al\u0131\u015fma Modu:<\/strong> \u0130ki y\u00f6nl\u00fc, yar\u0131-dupleks, zaman b\u00f6lmeli dupleks RF alg\u0131lar, vericiden ta\u015f\u0131y\u0131c\u0131 ve otomatik olarak al\u0131c\u0131dan verici moda ge\u00e7er.<\/p>\n<p class=\" translation-block\"><strong>Ba\u011flant\u0131 T\u00fcr\u00fc:<\/strong> SMA Receptacle 50ohm, Radyo SMA di\u015fi (i\u00e7eride delik), Anten RP-SMA di\u015fi (i\u00e7eride pin)<\/p>\n<p class=\" translation-block\"><strong>Giri\u015f G\u00fcc\u00fc:<\/strong> 0~20 dBm<\/p>\n<p class=\" translation-block\"><strong>\u0130letim Kazanc\u0131:<\/strong> 15-18dB<\/p>\n<p class=\" translation-block\"><strong>\u00c7\u0131k\u0131\u015f G\u00fcc\u00fc:<\/strong> 3000mW (35dBm)<\/p>\n<p class=\" translation-block\"><strong>Al\u0131c\u0131 Kazanc\u0131:<\/strong> \u2264 12 dB<\/p>\n<p class=\" translation-block\"><strong>G\u00fcr\u00fclt\u00fc Katsay\u0131s\u0131:<\/strong> \u22643.5 dB tipik<\/p>\n<p class=\" translation-block\"><strong>Frekans Yan\u0131t\u0131:<\/strong> \u00c7al\u0131\u015fma aral\u0131\u011f\u0131nda \u00b11dB<\/p>\n<p class=\" translation-block\"><strong>Desteklenen Voltajlar:<\/strong> 5V~16V\/2A DC<\/p>\n<p class=\" translation-block\"><strong>\u00c7al\u0131\u015fma S\u0131cakl\u0131\u011f\u0131:<\/strong> -20\u00b0C ile +70\u00b0C<\/p>\n<p><strong>\u00c7al\u0131\u015fma Nem Oran\u0131:<\/strong> %75&#8217;e kadar ba\u011f\u0131l nem<\/p>\n<p class=\" translation-block\"><strong>Malzeme:<\/strong> D\u00f6kme Al\u00fcminyum<\/p>\n<p class=\" translation-block\"><strong>G\u00fc\u00e7lendirici A\u011f\u0131rl\u0131\u011f\u0131:<\/strong> 46g<\/p>\n<p class=\" translation-block\"><strong>G\u00fc\u00e7lendirici Boyutu:<\/strong> 7.3 x 4 x 1 cm<\/p>","protected":false},"excerpt":{"rendered":"<p>Booster Model: SH-RC24G3W<\/p>\n<p>Operating Range:2.4~2.5 GHz<\/p>\n<p>Operating Mode:Bi-directional, half-duplex, time division duplex senses RF,<\/p>\n<p>carrier from transmitter and automatically switch receiving<\/p>\n<p>to transmitting mode.<\/p>\n<p>Connector Type:SMA Receptacle 50ohm,To radio SMA female(hole inside),To antenna RP-SMA female(pin inside)<\/p>\n<p>Input Power:0~20 dBm<\/p>\n<p>Transmit Gain:15-18dB<\/p>\n<p>Output Power:3000mW (35dBm)<\/p>\n<p>Receiver Gain:\u2264 12 dB<\/p>\n<p>Noise Figure:\u22643.5 dB typical<\/p>\n<p>Frequency Response:\u00b11dB over operating range<\/p>\n<p>Supported voltages: 5V~16V\/2A DC<\/p>\n<p>Operating Temperature:-20\u00b0C to + 70\u00b0C<\/p>\n<p>Operating Humidity:Up to 75% relative humidity<\/p>\n<p>Material:Cast Aluminum<\/p>\n<p>Booster Weight:46g<\/p>\n<p>Booster Size:7.3 x 4 x 1cm<\/p>","protected":false},"featured_media":16444,"comment_status":"open","ping_status":"closed","template":"","meta":{"_monsterinsights_skip_tracking":false,"_monsterinsights_sitenote_active":false,"_monsterinsights_sitenote_note":"","_monsterinsights_sitenote_category":0},"product_cat":[448,356],"product_tag":[],"aioseo_notices":[],"jetpack_sharing_enabled":true,"_links":{"self":[{"href":"https:\/\/digitaltarget.com.tr\/ar\/wp-json\/wp\/v2\/product\/16323"}],"collection":[{"href":"https:\/\/digitaltarget.com.tr\/ar\/wp-json\/wp\/v2\/product"}],"about":[{"href":"https:\/\/digitaltarget.com.tr\/ar\/wp-json\/wp\/v2\/types\/product"}],"replies":[{"embeddable":true,"href":"https:\/\/digitaltarget.com.tr\/ar\/wp-json\/wp\/v2\/comments?post=16323"}],"version-history":[{"count":5,"href":"https:\/\/digitaltarget.com.tr\/ar\/wp-json\/wp\/v2\/product\/16323\/revisions"}],"predecessor-version":[{"id":18997,"href":"https:\/\/digitaltarget.com.tr\/ar\/wp-json\/wp\/v2\/product\/16323\/revisions\/18997"}],"wp:featuredmedia":[{"embeddable":true,"href":"https:\/\/digitaltarget.com.tr\/ar\/wp-json\/wp\/v2\/media\/16444"}],"wp:attachment":[{"href":"https:\/\/digitaltarget.com.tr\/ar\/wp-json\/wp\/v2\/media?parent=16323"}],"wp:term":[{"taxonomy":"product_cat","embeddable":true,"href":"https:\/\/digitaltarget.com.tr\/ar\/wp-json\/wp\/v2\/product_cat?post=16323"},{"taxonomy":"product_tag","embeddable":true,"href":"https:\/\/digitaltarget.com.tr\/ar\/wp-json\/wp\/v2\/product_tag?post=16323"}],"curies":[{"name":"wp","href":"https:\/\/api.w.org\/{rel}","templated":true}]}}