{"id":16333,"date":"2023-08-17T11:28:10","date_gmt":"2023-08-17T11:28:10","guid":{"rendered":"https:\/\/digitaltarget.com.tr\/?post_type=product&#038;p=16333"},"modified":"2025-01-21T13:40:37","modified_gmt":"2025-01-21T13:40:37","slug":"arduino-original","status":"publish","type":"product","link":"https:\/\/digitaltarget.com.tr\/ar\/product\/arduino-original\/","title":{"rendered":"Arduino Orijinal"},"content":{"rendered":"<table id=\"productDetails_techSpec_section_1\" class=\"a-keyvalue prodDetTable\" role=\"presentation\">\n<tbody>\n<tr>\n<th class=\"a-color-secondary a-size-base prodDetSectionEntry\">Marka<\/th>\n<td class=\"a-size-base prodDetAttrValue\">Arduino<\/td>\n<\/tr>\n<tr>\n<th class=\"a-color-secondary a-size-base prodDetSectionEntry\">\u00dcretici<\/th>\n<td class=\"a-size-base prodDetAttrValue\">Arduino<\/td>\n<\/tr>\n<tr>\n<th class=\"a-color-secondary a-size-base prodDetSectionEntry\">Seri<\/th>\n<td class=\"a-size-base prodDetAttrValue\">REV 3<\/td>\n<\/tr>\n<tr>\n<th class=\"a-color-secondary a-size-base prodDetSectionEntry\">\u00dcr\u00fcn Boyutlar\u0131<\/th>\n<td class=\"a-size-base prodDetAttrValue\">6.84 x 5.35 x 1.43 cm; 100 gram<\/td>\n<\/tr>\n<tr>\n<th class=\"a-color-secondary a-size-base prodDetSectionEntry\">Piller:<\/th>\n<td class=\"a-size-base prodDetAttrValue\">1 Bilinmeyen pil gereklidir.<\/td>\n<\/tr>\n<tr>\n<th class=\"a-color-secondary a-size-base prodDetSectionEntry\">\u00dcr\u00fcn Model Numaras\u0131<\/th>\n<td class=\"a-size-base prodDetAttrValue\">A000073<\/td>\n<\/tr>\n<tr>\n<th class=\"a-color-secondary a-size-base prodDetSectionEntry\">\u00dcretici art\u0131k \u00fcretmiyor<\/th>\n<td class=\"a-size-base prodDetAttrValue\">Hay\u0131r<\/td>\n<\/tr>\n<tr>\n<th class=\"a-color-secondary a-size-base prodDetSectionEntry\">Renk<\/th>\n<td class=\"a-size-base prodDetAttrValue\">Ye\u015fil<\/td>\n<\/tr>\n<tr>\n<th class=\"a-color-secondary a-size-base prodDetSectionEntry\">Piller Dahil mi?<\/th>\n<td class=\"a-size-base prodDetAttrValue\">Hay\u0131r<\/td>\n<\/tr>\n<tr>\n<th class=\"a-color-secondary a-size-base prodDetSectionEntry\">\u00dcretici<\/th>\n<td class=\"a-size-base prodDetAttrValue\">Arduino<\/td>\n<\/tr>\n<tr>\n<th class=\"a-color-secondary a-size-base prodDetSectionEntry\">HANG<\/th>\n<td class=\"a-size-base prodDetAttrValue\">B00ABBLDY0<\/td>\n<\/tr>\n<tr>\n<th class=\"a-color-secondary a-size-base prodDetSectionEntry\">\u00dcr\u00fcn A\u011f\u0131rl\u0131\u011f\u0131<\/th>\n<td class=\"a-size-base prodDetAttrValue\">100 g<\/td>\n<\/tr>\n<\/tbody>\n<\/table>","protected":false},"excerpt":{"rendered":"<p>Arduino -PI4 -PI2<\/p>","protected":false},"featured_media":16440,"comment_status":"open","ping_status":"closed","template":"","meta":{"_monsterinsights_skip_tracking":false,"_monsterinsights_sitenote_active":false,"_monsterinsights_sitenote_note":"","_monsterinsights_sitenote_category":0},"product_cat":[382],"product_tag":[],"aioseo_notices":[],"jetpack_sharing_enabled":true,"_links":{"self":[{"href":"https:\/\/digitaltarget.com.tr\/ar\/wp-json\/wp\/v2\/product\/16333"}],"collection":[{"href":"https:\/\/digitaltarget.com.tr\/ar\/wp-json\/wp\/v2\/product"}],"about":[{"href":"https:\/\/digitaltarget.com.tr\/ar\/wp-json\/wp\/v2\/types\/product"}],"replies":[{"embeddable":true,"href":"https:\/\/digitaltarget.com.tr\/ar\/wp-json\/wp\/v2\/comments?post=16333"}],"version-history":[{"count":5,"href":"https:\/\/digitaltarget.com.tr\/ar\/wp-json\/wp\/v2\/product\/16333\/revisions"}],"predecessor-version":[{"id":18993,"href":"https:\/\/digitaltarget.com.tr\/ar\/wp-json\/wp\/v2\/product\/16333\/revisions\/18993"}],"wp:featuredmedia":[{"embeddable":true,"href":"https:\/\/digitaltarget.com.tr\/ar\/wp-json\/wp\/v2\/media\/16440"}],"wp:attachment":[{"href":"https:\/\/digitaltarget.com.tr\/ar\/wp-json\/wp\/v2\/media?parent=16333"}],"wp:term":[{"taxonomy":"product_cat","embeddable":true,"href":"https:\/\/digitaltarget.com.tr\/ar\/wp-json\/wp\/v2\/product_cat?post=16333"},{"taxonomy":"product_tag","embeddable":true,"href":"https:\/\/digitaltarget.com.tr\/ar\/wp-json\/wp\/v2\/product_tag?post=16333"}],"curies":[{"name":"wp","href":"https:\/\/api.w.org\/{rel}","templated":true}]}}