{"id":16335,"date":"2023-08-17T11:28:10","date_gmt":"2023-08-17T11:28:10","guid":{"rendered":"https:\/\/digitaltarget.com.tr\/?post_type=product&#038;p=16335"},"modified":"2025-07-24T04:08:25","modified_gmt":"2025-07-24T04:08:25","slug":"orijinal-arduino-micro","status":"publish","type":"product","link":"https:\/\/digitaltarget.com.tr\/ar\/product\/orijinal-arduino-micro\/","title":{"rendered":"Orijinal Arduino Mikro"},"content":{"rendered":"<table id=\"productDetails_techSpec_section_1\" class=\"a-keyvalue prodDetTable\" role=\"presentation\">\n<tbody>\n<tr>\n<th class=\"a-color-secondary a-size-base prodDetSectionEntry\">Marka<\/th>\n<td class=\"a-size-base prodDetAttrValue\">Arduino<\/td>\n<\/tr>\n<tr>\n<th class=\"a-color-secondary a-size-base prodDetSectionEntry\">\u00dcretici<\/th>\n<td class=\"a-size-base prodDetAttrValue\">Arduino<\/td>\n<\/tr>\n<tr>\n<th class=\"a-color-secondary a-size-base prodDetSectionEntry\">Model<\/th>\n<td class=\"a-size-base prodDetAttrValue\">ARD-A000059<\/td>\n<\/tr>\n<tr>\n<th class=\"a-color-secondary a-size-base prodDetSectionEntry\">Model Ad\u0131<\/th>\n<td class=\"a-size-base prodDetAttrValue\">A000053<\/td>\n<\/tr>\n<tr>\n<th class=\"a-color-secondary a-size-base prodDetSectionEntry\">Model Y\u0131l\u0131<\/th>\n<td class=\"a-size-base prodDetAttrValue\">\u200e2014<\/td>\n<\/tr>\n<tr>\n<th class=\"a-color-secondary a-size-base prodDetSectionEntry\">Par\u00e7a Numaras\u0131<\/th>\n<td class=\"a-size-base prodDetAttrValue\">A000059<\/td>\n<\/tr>\n<tr>\n<th class=\"a-color-secondary a-size-base prodDetSectionEntry\">RAM Boyutu<\/th>\n<td class=\"a-size-base prodDetAttrValue\">2 KB<\/td>\n<\/tr>\n<tr>\n<th class=\"a-color-secondary a-size-base prodDetSectionEntry\">Dahili Bellek<\/th>\n<td class=\"a-size-base prodDetAttrValue\">32 KB<\/td>\n<\/tr>\n<tr>\n<th class=\"a-color-secondary a-size-base prodDetSectionEntry\">Bilgisayar Bellek T\u00fcr\u00fc<\/th>\n<td class=\"a-size-base prodDetAttrValue\">SRAM<\/td>\n<\/tr>\n<tr>\n<th class=\"a-color-secondary a-size-base prodDetSectionEntry\">\u0130\u015flemci Yuvas\u0131<\/th>\n<td class=\"a-size-base prodDetAttrValue\">LGA 1150<\/td>\n<\/tr>\n<tr>\n<th class=\"a-color-secondary a-size-base prodDetSectionEntry\">Donan\u0131m Aray\u00fcz\u00fc<\/th>\n<td class=\"a-size-base prodDetAttrValue\">USB<\/td>\n<\/tr>\n<tr>\n<th class=\"a-color-secondary a-size-base prodDetSectionEntry\">Kurulum Donan\u0131m\u0131<\/th>\n<td class=\"a-size-base prodDetAttrValue\">Orijinal Arduino Micro<\/td>\n<\/tr>\n<tr>\n<th class=\"a-color-secondary a-size-base prodDetSectionEntry\">\u00d6zel<\/th>\n<td class=\"a-size-base prodDetAttrValue\">\u200e1<\/td>\n<\/tr>\n<tr>\n<th class=\"a-color-secondary a-size-base prodDetSectionEntry\">Renkli Ekran<\/th>\n<td class=\"a-size-base prodDetAttrValue\">Hay\u0131r<\/td>\n<\/tr>\n<tr>\n<th class=\"a-color-secondary a-size-base prodDetSectionEntry\">G\u00fc\u00e7 Kayna\u011f\u0131<\/th>\n<td class=\"a-size-base prodDetAttrValue\">Manuel olarak \u00e7al\u0131\u015f\u0131r<\/td>\n<\/tr>\n<tr>\n<th class=\"a-color-secondary a-size-base prodDetSectionEntry\">Piller Dahil mi?<\/th>\n<td class=\"a-size-base prodDetAttrValue\">Hay\u0131r<\/td>\n<\/tr>\n<tr>\n<th class=\"a-color-secondary a-size-base prodDetSectionEntry\">Pil Gerekiyor mu?<\/th>\n<td class=\"a-size-base prodDetAttrValue\">Hay\u0131r<\/td>\n<\/tr>\n<tr>\n<th class=\"a-color-secondary a-size-base prodDetSectionEntry\">Kablosuz T\u00fcr\u00fc<\/th>\n<td class=\"a-size-base prodDetAttrValue\">Bluetooth<\/td>\n<\/tr>\n<tr>\n<th class=\"a-color-secondary a-size-base prodDetSectionEntry\">\u0130nsan Aray\u00fcz\u00fc Giri\u015fi<\/th>\n<td class=\"a-size-base prodDetAttrValue\">D\u00fc\u011fmeler<\/td>\n<\/tr>\n<\/tbody>\n<\/table>","protected":false},"excerpt":{"rendered":"<p class=\" translation-block\">The Micro is a microcontroller board based on the ATmega32U4 (<a tabindex=\"-1\" href=\"http:\/\/www.atmel.com\/Images\/Atmel-7766-8-bit-AVR-ATmega16U4-32U4_Datasheet.pdf\" target=\"_blank\" rel=\"noopener\">datasheet<\/a>), developed in conjunction with&nbsp;<a tabindex=\"-1\" href=\"http:\/\/adafruit.com\/\" target=\"_blank\" rel=\"noopener\">Adafruit<\/a>. It has 20 digital input\/output pins (of which 7 can be used as PWM outputs and 12 as analog inputs), a 16 MHz crystal oscillator, a micro USB connection, an ICSP header, and a reset button. It contains everything needed to support the microcontroller; simply connect it to a computer with a micro USB cable to get started. It has a form factor that enables it to be easily placed on a breadboard.<\/p>\n<p>The Micro board is similar to the Arduino Leonardo in that the ATmega32U4 has built-in USB communication, eliminating the need for a secondary processor. This allows the Micro to appear to a connected computer as a mouse and keyboard, in addition to a virtual (CDC) serial \/ COM port.<\/p>","protected":false},"featured_media":16439,"comment_status":"open","ping_status":"closed","template":"","meta":{"_monsterinsights_skip_tracking":false,"_monsterinsights_sitenote_active":false,"_monsterinsights_sitenote_note":"","_monsterinsights_sitenote_category":0},"product_cat":[382],"product_tag":[],"aioseo_notices":[],"jetpack_sharing_enabled":true,"_links":{"self":[{"href":"https:\/\/digitaltarget.com.tr\/ar\/wp-json\/wp\/v2\/product\/16335"}],"collection":[{"href":"https:\/\/digitaltarget.com.tr\/ar\/wp-json\/wp\/v2\/product"}],"about":[{"href":"https:\/\/digitaltarget.com.tr\/ar\/wp-json\/wp\/v2\/types\/product"}],"replies":[{"embeddable":true,"href":"https:\/\/digitaltarget.com.tr\/ar\/wp-json\/wp\/v2\/comments?post=16335"}],"version-history":[{"count":5,"href":"https:\/\/digitaltarget.com.tr\/ar\/wp-json\/wp\/v2\/product\/16335\/revisions"}],"predecessor-version":[{"id":18994,"href":"https:\/\/digitaltarget.com.tr\/ar\/wp-json\/wp\/v2\/product\/16335\/revisions\/18994"}],"wp:featuredmedia":[{"embeddable":true,"href":"https:\/\/digitaltarget.com.tr\/ar\/wp-json\/wp\/v2\/media\/16439"}],"wp:attachment":[{"href":"https:\/\/digitaltarget.com.tr\/ar\/wp-json\/wp\/v2\/media?parent=16335"}],"wp:term":[{"taxonomy":"product_cat","embeddable":true,"href":"https:\/\/digitaltarget.com.tr\/ar\/wp-json\/wp\/v2\/product_cat?post=16335"},{"taxonomy":"product_tag","embeddable":true,"href":"https:\/\/digitaltarget.com.tr\/ar\/wp-json\/wp\/v2\/product_tag?post=16335"}],"curies":[{"name":"wp","href":"https:\/\/api.w.org\/{rel}","templated":true}]}}