{"id":16351,"date":"2023-08-17T11:28:11","date_gmt":"2023-08-17T11:28:11","guid":{"rendered":"https:\/\/digitaltarget.com.tr\/?post_type=product&#038;p=16351"},"modified":"2024-08-01T09:13:01","modified_gmt":"2024-08-01T09:13:01","slug":"high-quality-one-set-uno-r3-ch340gmega328p-chip-16mhz-for-arduino-uno-r3-development-board-usb-cable-3","status":"publish","type":"product","link":"https:\/\/digitaltarget.com.tr\/ar\/product\/high-quality-one-set-uno-r3-ch340gmega328p-chip-16mhz-for-arduino-uno-r3-development-board-usb-cable-3\/","title":{"rendered":"UNO R3 SMD CH340G+ATMEGA328P \u00c7ip 16 Mhz + USB KABLO"},"content":{"rendered":"<h4><\/h4>\n<table>\n<tbody>\n<tr>\n<th>Parametre<\/th>\n<th>De\u011fer<\/th>\n<\/tr>\n<tr>\n<td>Mikro denetleyici<\/td>\n<td>ATMEGA32130<\/td>\n<\/tr>\n<tr>\n<td>\u00c7al\u0131\u015fma voltaj\u0131<\/td>\n<td>5V<\/td>\n<\/tr>\n<tr>\n<td>Giri\u015f voltaj\u0131 (\u00d6nerilen)<\/td>\n<td>7-12V<\/td>\n<\/tr>\n<tr>\n<td>Giri\u015f voltaj\u0131 (S\u0131n\u0131r)<\/td>\n<td>6-20V<\/td>\n<\/tr>\n<tr>\n<td>Dijital I\/O pinleri<\/td>\n<td>14 (Alt\u0131s\u0131 PWM \u00e7\u0131k\u0131\u015f\u0131 sa\u011flar)<\/td>\n<\/tr>\n<tr>\n<td>PWM Dijital I\/O Pinleri<\/td>\n<td>6<\/td>\n<\/tr>\n<tr>\n<td>Analog giri\u015f pinleri<\/td>\n<td>6<\/td>\n<\/tr>\n<tr>\n<td>Her I\/O pin i\u00e7in DC ak\u0131m\u0131<\/td>\n<td>20mA<\/td>\n<\/tr>\n<tr>\n<td>3.3V Pin&#8217;in Do\u011frudan Ak\u0131m\u0131<\/td>\n<td>50mA<\/td>\n<\/tr>\n<tr>\n<td>Flash Bellek<\/td>\n<td>32KB (ATmega328p). Bootloader taraf\u0131ndan kullan\u0131lan alan 0KB.<\/td>\n<\/tr>\n<tr>\n<td>SRAM<\/td>\n<td>2KB (ATmega328p)<\/td>\n<\/tr>\n<tr>\n<td>EEPROM<\/td>\n<td>1KB (ATmega328p)<\/td>\n<\/tr>\n<tr>\n<td>Saat H\u0131z\u0131<\/td>\n<td>16MHz<\/td>\n<\/tr>\n<tr>\n<td>LED_BUILTIN<\/td>\n<td>13<\/td>\n<\/tr>\n<tr>\n<td>Uzunluk<\/td>\n<td>68.6mm<\/td>\n<\/tr>\n<tr>\n<td>Geni\u015flik<\/td>\n<td>53mm<\/td>\n<\/tr>\n<tr>\n<td>A\u011f\u0131rl\u0131k<\/td>\n<td>25g<\/td>\n<\/tr>\n<\/tbody>\n<\/table>\n<p class=\" translation-block\"><span data-spm-anchor-id=\"a2g0o.detail.0.i8.637eW0slW0sle9\">Paket <\/span>SMD<\/p>\n<p>Model Numaras\u0131: UNO R3 MEGA328P<\/p>\n<div class=\"specification--prop--RejitI8\">\n<div class=\"specification--title--UbVeyic\">\u00c7al\u0131\u015fma S\u0131cakl\u0131\u011f\u0131: UNO R3 MEGA328P<\/div>\n<div class=\"specification--prop--RejitI8\">\n<div class=\"specification--title--UbVeyic\">G\u00fc\u00e7 Da\u011f\u0131l\u0131m\u0131: UNO R3 MEGA328P<\/div>\n<\/div>\n<div class=\"specification--prop--RejitI8\">\n<div class=\"specification--title--UbVeyic\">Besleme Voltaj\u0131: UNO R3 MEGA328P<\/div>\n<\/div>\n<div class=\"specification--title--UbVeyic\">Uygulama: Bilgisayar<\/div>\n<div class=\"specification--title--UbVeyic\">Durum: Yeni<\/div>\n<div class=\"specification--prop--RejitI8\">\n<div class=\"specification--title--UbVeyic\">T\u00fcr: Voltaj Reg\u00fclat\u00f6r\u00fc<\/div>\n<\/div>\n<div class=\"specification--prop--RejitI8\">\n<div class=\"specification--desc--Mz148Bl\" title=\"baishundianzi\"><\/div>\n<\/div>\n<\/div>","protected":false},"excerpt":{"rendered":"<p>UNO is a Simple i\/o platform based on open source code, and it has the characteristics of easy to understand using Processing\/Wiring development environment similar to Java and C language. Let you quickly use uno to make interesting things. Uno can be used with some electronic components such as LED lights, buzzers, keys, photoresistors and so on. The uno development environment interface is based on the open source principle, allowing you to download, use and develop more amazing interactive works for free. Open the circuit diagram of the original design, develop software interface for free download, but also according to the needs of their own modification, download procedures are simple and convenient. It can simply use sensors and various electronic components to connect (e.g. LED lights, buzzers, keys, photoresistors, etc.) to make a variety of interesting works. Using high-speed microprocessor controller (ATMEGA328), the development of operation interface and environment is very simple and easy to understand, which is very suitable for beginners to learn.<\/p>","protected":false},"featured_media":16577,"comment_status":"open","ping_status":"closed","template":"","meta":{"_monsterinsights_skip_tracking":false,"_monsterinsights_sitenote_active":false,"_monsterinsights_sitenote_note":"","_monsterinsights_sitenote_category":0},"product_cat":[382],"product_tag":[],"aioseo_notices":[],"jetpack_sharing_enabled":true,"_links":{"self":[{"href":"https:\/\/digitaltarget.com.tr\/ar\/wp-json\/wp\/v2\/product\/16351"}],"collection":[{"href":"https:\/\/digitaltarget.com.tr\/ar\/wp-json\/wp\/v2\/product"}],"about":[{"href":"https:\/\/digitaltarget.com.tr\/ar\/wp-json\/wp\/v2\/types\/product"}],"replies":[{"embeddable":true,"href":"https:\/\/digitaltarget.com.tr\/ar\/wp-json\/wp\/v2\/comments?post=16351"}],"version-history":[{"count":8,"href":"https:\/\/digitaltarget.com.tr\/ar\/wp-json\/wp\/v2\/product\/16351\/revisions"}],"predecessor-version":[{"id":18990,"href":"https:\/\/digitaltarget.com.tr\/ar\/wp-json\/wp\/v2\/product\/16351\/revisions\/18990"}],"wp:featuredmedia":[{"embeddable":true,"href":"https:\/\/digitaltarget.com.tr\/ar\/wp-json\/wp\/v2\/media\/16577"}],"wp:attachment":[{"href":"https:\/\/digitaltarget.com.tr\/ar\/wp-json\/wp\/v2\/media?parent=16351"}],"wp:term":[{"taxonomy":"product_cat","embeddable":true,"href":"https:\/\/digitaltarget.com.tr\/ar\/wp-json\/wp\/v2\/product_cat?post=16351"},{"taxonomy":"product_tag","embeddable":true,"href":"https:\/\/digitaltarget.com.tr\/ar\/wp-json\/wp\/v2\/product_tag?post=16351"}],"curies":[{"name":"wp","href":"https:\/\/api.w.org\/{rel}","templated":true}]}}