{"id":16353,"date":"2023-08-17T11:28:12","date_gmt":"2023-08-17T11:28:12","guid":{"rendered":"https:\/\/digitaltarget.com.tr\/?post_type=product&#038;p=16353"},"modified":"2024-12-19T14:33:43","modified_gmt":"2024-12-19T14:33:43","slug":"obstacle-avoidance-smart-car-kit","status":"publish","type":"product","link":"https:\/\/digitaltarget.com.tr\/ar\/product\/obstacle-avoidance-smart-car-kit\/","title":{"rendered":"Engellerden Ka\u00e7\u0131nma Ak\u0131ll\u0131 Araba Kiti"},"content":{"rendered":"<p><strong><span style=\"color: #1b1919; font-size: 22px;\">Engel \u00d6nleyici Ak\u0131ll\u0131 Araba Kiti \u0130zleme ve Engel \u00d6nleyici Araba Programlama Kiti Arduino i\u00e7in.<\/span><\/strong><\/p>\n<div class=\"magic-6\">\n<div class=\"magic-7\">\n<div class=\"magic-8\">Ana kontrol kart\u0131 CH340 geli\u015ftirme kart\u0131n\u0131 kullan\u0131r.Motor s\u00fcr\u00fcc\u00fc mod\u00fcl\u00fc, DC motoru s\u00fcrmek i\u00e7in tipik bir L298N mod\u00fcl\u00fc kullan\u0131r.<\/p>\n<p>K\u0131z\u0131l\u00f6tesi sinyal alg\u0131lama mod\u00fcl\u00fc, siyah \u00e7izgiyi alg\u0131lamak ve izleme i\u015flevini ger\u00e7ekle\u015ftirmek i\u00e7in d\u00f6rt \u00e7ift k\u0131z\u0131l\u00f6tesi \u0131\u015f\u0131k kullan\u0131r.<\/p>\n<p>Ultrasonik sens\u00f6r mod\u00fcl\u00fc, HC-SR04 mod\u00fcl\u00fcn\u00fc kullanarak mesafeyi \u00f6l\u00e7er ve ultrasonik engel \u00f6nleme i\u015flevini ger\u00e7ekle\u015ftirir.<\/p>\n<p>Ultrasonik ve iki k\u0131z\u0131l\u00f6tesi alg\u0131lama mod\u00fcl\u00fcn\u00fcn kombinasyonu, ara\u00e7 takip i\u015flevini ger\u00e7ekle\u015ftirir.<\/p>\n<\/div>\n<\/div>\n<\/div>","protected":false},"excerpt":{"rendered":"<p>KIGR-963<\/p>","protected":false},"featured_media":16437,"comment_status":"open","ping_status":"closed","template":"","meta":{"_monsterinsights_skip_tracking":false,"_monsterinsights_sitenote_active":false,"_monsterinsights_sitenote_note":"","_monsterinsights_sitenote_category":0},"product_cat":[382,380],"product_tag":[],"aioseo_notices":[],"jetpack_sharing_enabled":true,"_links":{"self":[{"href":"https:\/\/digitaltarget.com.tr\/ar\/wp-json\/wp\/v2\/product\/16353"}],"collection":[{"href":"https:\/\/digitaltarget.com.tr\/ar\/wp-json\/wp\/v2\/product"}],"about":[{"href":"https:\/\/digitaltarget.com.tr\/ar\/wp-json\/wp\/v2\/types\/product"}],"replies":[{"embeddable":true,"href":"https:\/\/digitaltarget.com.tr\/ar\/wp-json\/wp\/v2\/comments?post=16353"}],"version-history":[{"count":5,"href":"https:\/\/digitaltarget.com.tr\/ar\/wp-json\/wp\/v2\/product\/16353\/revisions"}],"predecessor-version":[{"id":18987,"href":"https:\/\/digitaltarget.com.tr\/ar\/wp-json\/wp\/v2\/product\/16353\/revisions\/18987"}],"wp:featuredmedia":[{"embeddable":true,"href":"https:\/\/digitaltarget.com.tr\/ar\/wp-json\/wp\/v2\/media\/16437"}],"wp:attachment":[{"href":"https:\/\/digitaltarget.com.tr\/ar\/wp-json\/wp\/v2\/media?parent=16353"}],"wp:term":[{"taxonomy":"product_cat","embeddable":true,"href":"https:\/\/digitaltarget.com.tr\/ar\/wp-json\/wp\/v2\/product_cat?post=16353"},{"taxonomy":"product_tag","embeddable":true,"href":"https:\/\/digitaltarget.com.tr\/ar\/wp-json\/wp\/v2\/product_tag?post=16353"}],"curies":[{"name":"wp","href":"https:\/\/api.w.org\/{rel}","templated":true}]}}