{"id":16355,"date":"2023-08-17T11:28:12","date_gmt":"2023-08-17T11:28:12","guid":{"rendered":"https:\/\/digitaltarget.com.tr\/?post_type=product&#038;p=16355"},"modified":"2024-08-02T12:05:37","modified_gmt":"2024-08-02T12:05:37","slug":"logitech-g-52-saitek","status":"publish","type":"product","link":"https:\/\/digitaltarget.com.tr\/ar\/product\/logitech-g-52-saitek\/","title":{"rendered":"Logitech G Saitek X52 Pro U\u00e7u\u015f Kontrol Sistemi"},"content":{"rendered":"<ul class=\"a-unordered-list a-vertical a-spacing-mini\">\n<li class=\"a-spacing-mini\"><span class=\"a-list-item\">\u00dcr\u00fcn hakk\u0131nda:<\/span><\/li>\n<li class=\"a-spacing-mini\"><span class=\"a-list-item\">Ayd\u0131nlatmal\u0131 d\u00fc\u011fmeler ve sezgisel LCD \u00c7ok Fonksiyonlu Ekran ile geli\u015fmi\u015f oyun deneyimi<\/span><\/li>\n<li class=\"a-spacing-mini\"><span class=\"a-list-item\">Diren\u00e7 ayar\u0131 ve afterburner ile r\u00f6lanti i\u00e7in detentleri olan ilerlemeli gaz kolu<\/span><\/li>\n<li class=\"a-spacing-mini\"><span class=\"a-list-item\">Hassas merkezleme mekanizmas\u0131; X ve Y eksenlerinde temas teknolojisi ve s\u00fcrekli yay kuvveti kontrol\u00fc iyile\u015ftirir<\/span><\/li>\n<li class=\"a-spacing-mini\"><span class=\"a-list-item\">G\u00fc\u00e7l\u00fc Ak\u0131ll\u0131 Teknoloji yaz\u0131l\u0131m\u0131 ile her oyuna g\u00f6re kontrolc\u00fcn\u00fcz\u00fc programlay\u0131n. Sistem Gereksinimleri: Windows 10, Windows 8.1, Windows 7, 2-USB 2.0 Port, iste\u011fe ba\u011fl\u0131 yaz\u0131l\u0131m indirme i\u00e7in internet ba\u011flant\u0131s\u0131<\/span><\/li>\n<li class=\"a-spacing-mini\"><span class=\"a-list-item\">T\u00fcm el boyutlar\u0131na uygun 5 pozisyonlu sap ayar sistemi ve maksimum oyun konforu i\u00e7in yumu\u015fak dokunu\u015flu, konturlu tutamak<\/span><\/li>\n<\/ul>","protected":false},"excerpt":{"rendered":"<p>\u00dcr\u00fcn hakk\u0131nda: Ayd\u0131nlatmal\u0131 d\u00fc\u011fmeler ve sezgisel LCD \u00c7ok Fonksiyonlu Ekran ile geli\u015fmi\u015f oyun deneyimi Diren\u00e7 ayar\u0131 ve afterburner ile r\u00f6lanti<\/p>","protected":false},"featured_media":16435,"comment_status":"open","ping_status":"closed","template":"","meta":{"_monsterinsights_skip_tracking":false,"_monsterinsights_sitenote_active":false,"_monsterinsights_sitenote_note":"","_monsterinsights_sitenote_category":0},"product_cat":[431,435],"product_tag":[],"aioseo_notices":[],"jetpack_sharing_enabled":true,"_links":{"self":[{"href":"https:\/\/digitaltarget.com.tr\/ar\/wp-json\/wp\/v2\/product\/16355"}],"collection":[{"href":"https:\/\/digitaltarget.com.tr\/ar\/wp-json\/wp\/v2\/product"}],"about":[{"href":"https:\/\/digitaltarget.com.tr\/ar\/wp-json\/wp\/v2\/types\/product"}],"replies":[{"embeddable":true,"href":"https:\/\/digitaltarget.com.tr\/ar\/wp-json\/wp\/v2\/comments?post=16355"}],"version-history":[{"count":6,"href":"https:\/\/digitaltarget.com.tr\/ar\/wp-json\/wp\/v2\/product\/16355\/revisions"}],"predecessor-version":[{"id":19166,"href":"https:\/\/digitaltarget.com.tr\/ar\/wp-json\/wp\/v2\/product\/16355\/revisions\/19166"}],"wp:featuredmedia":[{"embeddable":true,"href":"https:\/\/digitaltarget.com.tr\/ar\/wp-json\/wp\/v2\/media\/16435"}],"wp:attachment":[{"href":"https:\/\/digitaltarget.com.tr\/ar\/wp-json\/wp\/v2\/media?parent=16355"}],"wp:term":[{"taxonomy":"product_cat","embeddable":true,"href":"https:\/\/digitaltarget.com.tr\/ar\/wp-json\/wp\/v2\/product_cat?post=16355"},{"taxonomy":"product_tag","embeddable":true,"href":"https:\/\/digitaltarget.com.tr\/ar\/wp-json\/wp\/v2\/product_tag?post=16355"}],"curies":[{"name":"wp","href":"https:\/\/api.w.org\/{rel}","templated":true}]}}