{"id":16357,"date":"2023-08-17T11:28:12","date_gmt":"2023-08-17T11:28:12","guid":{"rendered":"https:\/\/digitaltarget.com.tr\/?post_type=product&#038;p=16357"},"modified":"2024-08-02T12:06:31","modified_gmt":"2024-08-02T12:06:31","slug":"tank-robot","status":"publish","type":"product","link":"https:\/\/digitaltarget.com.tr\/ar\/product\/tank-robot\/","title":{"rendered":"Metal Tank \u015easisi"},"content":{"rendered":"<div><\/div>\n<div>Tank \u015fasisi i\u00e7in g\u00fczel bir \u015fekil ve tamamen metal al\u00fcminyum ala\u015f\u0131ml\u0131 yap\u0131 ile yeni bir tasar\u0131m \u00e7oktan geliyor. Bu tank \u015fasisinde, ultrasonik sens\u00f6r i\u00e7in 9g servo i\u00e7in bir alan b\u0131rak\u0131lm\u0131\u015f ve mekanik manip\u00fclat\u00f6r\u00fc d\u00f6nd\u00fcrmek i\u00e7in MG995 servo i\u00e7in de bir alan b\u0131rak\u0131lm\u0131\u015f. Dahas\u0131, UNO R3 ve NodeMCU geli\u015ftirme kartlar\u0131 da kurulum i\u00e7in tasarlanm\u0131\u015ft\u0131r. Ek olarak, metal panel 25mm ve\/veya 37mm motor \u00e7er\u00e7evelerini takarak tekerlekli arabay\u0131 kurmak i\u00e7in kullan\u0131labilir. \u0130lgin\u00e7tir ki, gece karanl\u0131\u011f\u0131n\u0131 ayd\u0131nlatmak i\u00e7in bir LED \u0131\u015f\u0131k tak\u0131lm\u0131\u015ft\u0131r. Motorun yard\u0131m\u0131yla, tank \u015fasisi sorunsuz bir \u015fekilde sola, sa\u011fa, daire, ileri ve geri vb. d\u00f6nd\u00fcr\u00fclebilir. Bu nedenle, \u015fasiyi ald\u0131\u011f\u0131n\u0131zda, s\u0131cakl\u0131k ve mobil monit\u00f6r gibi bir\u00e7ok \u015feyi sizin i\u00e7in yapabilir.<\/div>\n<ul>\n<li><span data-spm-anchor-id=\"a2g0o.detail.1000023.i1.58171f45J5vyFA\">Ad\u0131: TS100 ak\u0131ll\u0131 paletli ara\u00e7\/tank \u015fasisi<\/span><\/li>\n<li>Malzeme: al\u00fcminyum ala\u015f\u0131m\u0131<\/li>\n<li>Tekerlek: metal<\/li>\n<li>Par\u00e7alar: m\u00fchendislik plasti\u011fi<\/li>\n<li>\u00dcr\u00fcn boyutu: yakla\u015f\u0131k 275*190*95 mm (uzunluk*geni\u015flik*y\u00fckseklik)<\/li>\n<li>A\u011f\u0131rl\u0131k: 1100g<\/li>\n<li>Renk: alt\u0131n sar\u0131s\u0131\/g\u00fcm\u00fc\u015f\/siyah<\/li>\n<\/ul>","protected":false},"excerpt":{"rendered":"<div><\/div>\n<ul>\n<li><span data-spm-anchor-id=\"a2g0o.detail.1000023.i1.58171f45J5vyFA\">Name: TS100 smart tracked vehicle\/tank chassis<\/span><\/li>\n<li>Material: aluminum alloy<\/li>\n<li>Wheel: metal<\/li>\n<li>Parts: engineering plastic<\/li>\n<li>Product size: about 275*190*95mm (length*width*height)<\/li>\n<li>Weight: 1100g<\/li>\n<li>Color: golden yellow\/silver\/black<\/li>\n<\/ul>","protected":false},"featured_media":16434,"comment_status":"open","ping_status":"closed","template":"","meta":{"_monsterinsights_skip_tracking":false,"_monsterinsights_sitenote_active":false,"_monsterinsights_sitenote_note":"","_monsterinsights_sitenote_category":0},"product_cat":[382,380],"product_tag":[],"aioseo_notices":[],"jetpack_sharing_enabled":true,"_links":{"self":[{"href":"https:\/\/digitaltarget.com.tr\/ar\/wp-json\/wp\/v2\/product\/16357"}],"collection":[{"href":"https:\/\/digitaltarget.com.tr\/ar\/wp-json\/wp\/v2\/product"}],"about":[{"href":"https:\/\/digitaltarget.com.tr\/ar\/wp-json\/wp\/v2\/types\/product"}],"replies":[{"embeddable":true,"href":"https:\/\/digitaltarget.com.tr\/ar\/wp-json\/wp\/v2\/comments?post=16357"}],"version-history":[{"count":5,"href":"https:\/\/digitaltarget.com.tr\/ar\/wp-json\/wp\/v2\/product\/16357\/revisions"}],"predecessor-version":[{"id":19167,"href":"https:\/\/digitaltarget.com.tr\/ar\/wp-json\/wp\/v2\/product\/16357\/revisions\/19167"}],"wp:featuredmedia":[{"embeddable":true,"href":"https:\/\/digitaltarget.com.tr\/ar\/wp-json\/wp\/v2\/media\/16434"}],"wp:attachment":[{"href":"https:\/\/digitaltarget.com.tr\/ar\/wp-json\/wp\/v2\/media?parent=16357"}],"wp:term":[{"taxonomy":"product_cat","embeddable":true,"href":"https:\/\/digitaltarget.com.tr\/ar\/wp-json\/wp\/v2\/product_cat?post=16357"},{"taxonomy":"product_tag","embeddable":true,"href":"https:\/\/digitaltarget.com.tr\/ar\/wp-json\/wp\/v2\/product_tag?post=16357"}],"curies":[{"name":"wp","href":"https:\/\/api.w.org\/{rel}","templated":true}]}}