{"id":16365,"date":"2023-08-17T11:28:13","date_gmt":"2023-08-17T11:28:13","guid":{"rendered":"https:\/\/digitaltarget.com.tr\/?post_type=product&#038;p=16365"},"modified":"2025-02-25T08:51:22","modified_gmt":"2025-02-25T08:51:22","slug":"hall-current-sensor-module-acs712-module-5a-20a-30a-hall-current-sensor-module-for-arduino-30a-acs712","status":"publish","type":"product","link":"https:\/\/digitaltarget.com.tr\/ar\/product\/hall-current-sensor-module-acs712-module-5a-20a-30a-hall-current-sensor-module-for-arduino-30a-acs712\/","title":{"rendered":"Arduino i\u00e7in Hall Ak\u0131m Sens\u00f6r\u00fc Mod\u00fcl\u00fc ACS712 30A"},"content":{"rendered":"<p>PX2-DATUBE<\/p>\n<p>Bu kart, Allegro\u2019nun \u00b130 A ACS712T ELC-5B Hall etkisi tabanl\u0131 lineer ak\u0131m sens\u00f6r\u00fcn\u00fcn basit bir ta\u015f\u0131y\u0131c\u0131s\u0131d\u0131r. Bu versiyon, b\u00fcy\u00fckl\u00fc\u011f\u00fc 30 A&#8217;ya kadar olan \u00e7ift y\u00f6nl\u00fc bir ak\u0131m giri\u015fini kabul eder ve Vcc\/2&#8217;ye ortalanm\u0131\u015f orant\u0131l\u0131 bir analog voltaj \u00e7\u0131k\u0131\u015f\u0131 verir ve tipik hata \u00b1%5&#8217;tir. \u00c7\u0131k\u0131\u015f\u0131 analogdur (66 mV\/A).<\/p>\n<div>\n<ul>\n<li>-30 A&#8217;dan +30 A&#8217;ya kadar \u00e7ift y\u00f6nl\u00fc giri\u015f ak\u0131m\u0131 i\u00e7in tasarlanm\u0131\u015ft\u0131r (ancak sa\u011flam sens\u00f6r IC&#8217;si be\u015f kat fazla ak\u0131m durumuna dayanabilir).<\/li>\n<li>\u0130letken yolun i\u00e7 direnci tipik olarak 1.2 m\u03a9&#8217;dur.<\/li>\n<li>Hall etkisi sens\u00f6r\u00fcn\u00fcn kullan\u0131lmas\u0131, IC&#8217;nin ak\u0131m yolundan sens\u00f6r\u00fcn elektroni\u011fine kadar elektriksel izolasyonu (2.1 kV RMS&#8217;ye kadar) sa\u011flama yetene\u011fine sahip oldu\u011fu anlam\u0131na gelir; bu da sens\u00f6r\u00fcn ak\u0131m yolunun herhangi bir yerine yerle\u015ftirilebilece\u011fi ve elektriksel izolasyon gerektiren uygulamalarda kullan\u0131labilece\u011fi anlam\u0131na gelir.<\/li>\n<li>80 kHz bant geni\u015fli\u011fi.<\/li>\n<li>\u0130yi do\u011fruluk ve g\u00fcvenilirlik: fabrika kalibrasyonu, oda s\u0131cakl\u0131\u011f\u0131nda tipik toplam \u00e7\u0131k\u0131\u015f hatas\u0131 \u00b1%5 ile sonu\u00e7lan\u0131r, \u00e7\u0131k\u0131\u015f offset voltaj\u0131 son derece kararl\u0131d\u0131r ve sens\u00f6r\u00fcn manyetik histerezisi yoktur.<\/li>\n<li>\u00c7al\u0131\u015fma s\u0131cakl\u0131k aral\u0131\u011f\u0131 -40\u00b0C&#8217;den 85\u00b0C&#8217;ye kadar.<\/li>\n<\/ul>\n<\/div>","protected":false},"excerpt":{"rendered":"<p>PX2-DATUBE<\/p>","protected":false},"featured_media":16561,"comment_status":"open","ping_status":"closed","template":"","meta":{"_monsterinsights_skip_tracking":false,"_monsterinsights_sitenote_active":false,"_monsterinsights_sitenote_note":"","_monsterinsights_sitenote_category":0},"product_cat":[360],"product_tag":[],"aioseo_notices":[],"jetpack_sharing_enabled":true,"_links":{"self":[{"href":"https:\/\/digitaltarget.com.tr\/ar\/wp-json\/wp\/v2\/product\/16365"}],"collection":[{"href":"https:\/\/digitaltarget.com.tr\/ar\/wp-json\/wp\/v2\/product"}],"about":[{"href":"https:\/\/digitaltarget.com.tr\/ar\/wp-json\/wp\/v2\/types\/product"}],"replies":[{"embeddable":true,"href":"https:\/\/digitaltarget.com.tr\/ar\/wp-json\/wp\/v2\/comments?post=16365"}],"version-history":[{"count":7,"href":"https:\/\/digitaltarget.com.tr\/ar\/wp-json\/wp\/v2\/product\/16365\/revisions"}],"predecessor-version":[{"id":18985,"href":"https:\/\/digitaltarget.com.tr\/ar\/wp-json\/wp\/v2\/product\/16365\/revisions\/18985"}],"wp:featuredmedia":[{"embeddable":true,"href":"https:\/\/digitaltarget.com.tr\/ar\/wp-json\/wp\/v2\/media\/16561"}],"wp:attachment":[{"href":"https:\/\/digitaltarget.com.tr\/ar\/wp-json\/wp\/v2\/media?parent=16365"}],"wp:term":[{"taxonomy":"product_cat","embeddable":true,"href":"https:\/\/digitaltarget.com.tr\/ar\/wp-json\/wp\/v2\/product_cat?post=16365"},{"taxonomy":"product_tag","embeddable":true,"href":"https:\/\/digitaltarget.com.tr\/ar\/wp-json\/wp\/v2\/product_tag?post=16365"}],"curies":[{"name":"wp","href":"https:\/\/api.w.org\/{rel}","templated":true}]}}