{"id":16367,"date":"2023-08-17T11:28:13","date_gmt":"2023-08-17T11:28:13","guid":{"rendered":"https:\/\/digitaltarget.com.tr\/?post_type=product&#038;p=16367"},"modified":"2024-08-02T11:54:02","modified_gmt":"2024-08-02T11:54:02","slug":"mini-hd-700tvl-1-3-sony-ccd-2-1mm-wide-angle-lens-cctv-car-cam-pal","status":"publish","type":"product","link":"https:\/\/digitaltarget.com.tr\/ar\/product\/mini-hd-700tvl-1-3-sony-ccd-2-1mm-wide-angle-lens-cctv-car-cam-pal\/","title":{"rendered":"Mini HD FPV Kamera PAL Sony CCD 2.1mm Geni\u015f A\u00e7\u0131 Lens CCTV"},"content":{"rendered":"<p><strong>Sony CCD 2.1mm<\/strong><\/p>\n<ul data-spm-anchor-id=\"a2g0o.detail.1000023.i0.45c15iUl5iUlEX\">\n<li>\n<p align=\"left\">Yepyeni ve y\u00fcksek kaliteli.<\/p>\n<\/li>\n<li>\n<p align=\"left\">Geli\u015fmi\u015f g\u00f6r\u00fcnt\u00fc sens\u00f6r\u00fc. Harika video kalitesi.<\/p>\n<\/li>\n<li>\n<p align=\"left\">Tamam. Tak ve \u00e7al\u0131\u015ft\u0131r.<\/p>\n<\/li>\n<li>\n<p align=\"left\">700TVL yatay \u00e7\u00f6z\u00fcn\u00fcrl\u00fck;<\/p>\n<\/li>\n<li>\n<p align=\"left\">2.1mm geni\u015f a\u00e7\u0131 lens;<\/p>\n<\/li>\n<li>\n<p align=\"left\">Boyut: 25mm*25mm<\/p>\n<\/li>\n<li>\n<p align=\"left\">D-WDR;<\/p>\n<\/li>\n<li>\n<p align=\"left\">G\u00fcnd\u00fcz\/gece modu se\u00e7ene\u011fi mevcut<\/p>\n<\/li>\n<\/ul>","protected":false},"excerpt":{"rendered":"<p>Sony CCD 2.1mm<\/p>","protected":false},"featured_media":16556,"comment_status":"open","ping_status":"closed","template":"","meta":{"_monsterinsights_skip_tracking":false,"_monsterinsights_sitenote_active":false,"_monsterinsights_sitenote_note":"","_monsterinsights_sitenote_category":0},"product_cat":[308],"product_tag":[],"aioseo_notices":[],"jetpack_sharing_enabled":true,"_links":{"self":[{"href":"https:\/\/digitaltarget.com.tr\/ar\/wp-json\/wp\/v2\/product\/16367"}],"collection":[{"href":"https:\/\/digitaltarget.com.tr\/ar\/wp-json\/wp\/v2\/product"}],"about":[{"href":"https:\/\/digitaltarget.com.tr\/ar\/wp-json\/wp\/v2\/types\/product"}],"replies":[{"embeddable":true,"href":"https:\/\/digitaltarget.com.tr\/ar\/wp-json\/wp\/v2\/comments?post=16367"}],"version-history":[{"count":6,"href":"https:\/\/digitaltarget.com.tr\/ar\/wp-json\/wp\/v2\/product\/16367\/revisions"}],"predecessor-version":[{"id":19164,"href":"https:\/\/digitaltarget.com.tr\/ar\/wp-json\/wp\/v2\/product\/16367\/revisions\/19164"}],"wp:featuredmedia":[{"embeddable":true,"href":"https:\/\/digitaltarget.com.tr\/ar\/wp-json\/wp\/v2\/media\/16556"}],"wp:attachment":[{"href":"https:\/\/digitaltarget.com.tr\/ar\/wp-json\/wp\/v2\/media?parent=16367"}],"wp:term":[{"taxonomy":"product_cat","embeddable":true,"href":"https:\/\/digitaltarget.com.tr\/ar\/wp-json\/wp\/v2\/product_cat?post=16367"},{"taxonomy":"product_tag","embeddable":true,"href":"https:\/\/digitaltarget.com.tr\/ar\/wp-json\/wp\/v2\/product_tag?post=16367"}],"curies":[{"name":"wp","href":"https:\/\/api.w.org\/{rel}","templated":true}]}}