{"id":16369,"date":"2023-08-17T11:28:13","date_gmt":"2023-08-17T11:28:13","guid":{"rendered":"https:\/\/digitaltarget.com.tr\/?post_type=product&#038;p=16369"},"modified":"2024-10-31T11:05:51","modified_gmt":"2024-10-31T11:05:51","slug":"pixhawk-gps","status":"publish","type":"product","link":"https:\/\/digitaltarget.com.tr\/ar\/product\/pixhawk-gps\/","title":{"rendered":"Pixhawk GPS Mod\u00fcl\u00fc"},"content":{"rendered":"<h5><strong>APM, PX4, Pixhawk ve Mini Pix i\u00e7in Drone GPS Mod\u00fcl\u00fc SE100<\/strong><\/h5>\n<h2><strong id=\"tl_2\">\u00d6zellikler:<\/strong><\/h2>\n<ul>\n<li class=\" translation-block\">\u3010<span id=\"tl_3\">Mini boyut<\/span>\u3011<span id=\"tl_4\">: Bu mini GPS, Radiolink Pixhawk u\u00e7u\u015f kontrolc\u00fcs\u00fc i\u00e7in sadece 4.8*4.1*1.5cm boyutlar\u0131nda olup, drone ve quadcopter yar\u0131\u015f\u0131 i\u00e7in m\u00fckemmeldir.<\/span><\/li>\n<li class=\" translation-block\">\u3010<span id=\"tl_5\">M\u00fckemmel stabilite<\/span>\u3011<span id=\"tl_6\">: Seramik anten tasar\u0131m\u0131, ideal filtre ile bile olsa, son derece zay\u0131f sinyalleri alma yetene\u011fini art\u0131r\u0131r. \u00c7ift filtre: Murata\u2019dan SAWF (y\u00fczey akustik dalga filtresi), ba\u011f\u0131ms\u0131z \u00e7ift filtreleme teknolojisi, daha g\u00fc\u00e7l\u00fc anti-parazit yetene\u011fi.<\/span><\/li>\n<li class=\" translation-block\">\u3010<span id=\"tl_7\">En iyi yap\u0131land\u0131rma<\/span>\u3011<span id=\"tl_8\">: U-box UBX-M10050(M10), 72 kanall\u0131 tasar\u0131m, GNSS 9d\u2019den daha iyi. Honeywell 2.5dbl seramik anten ve HMC5983.<\/span><\/li>\n<li class=\" translation-block\">\u3010<span id=\"tl_9\">Mekansal<\/span> do\u011fruluk ve h\u0131zl\u0131\u3011<span id=\"tl_10\">: E\u015fzamanl\u0131 GNSS ile \u00e7al\u0131\u015f\u0131rken 50 santimetre do\u011fruluk, a\u00e7\u0131k alanda 20 saniyede 6 uyduyu konumland\u0131rma ve vadide istasyonlar\u0131 tutma yetene\u011fi. GPS deste\u011fi, QZSS L1 C\/A, GLONASS L10F, BeiDou B1, \u00fc\u00e7l\u00fc mod \u00e7al\u0131\u015fmas\u0131 mevcuttur.<\/span><\/li>\n<li class=\" translation-block\">\u3010<span id=\"tl_11\">Y\u00fcksek performans<\/span>\u3011:<span id=\"tl_12\">GPS sinyal arama uydu g\u00f6stergesi fonksiyonu eklenmi\u015f ve model \u00f6zel patent alm\u0131\u015f, y\u00fcksek yap\u0131land\u0131rma, d\u00fc\u015f\u00fck fiyat elde etmi\u015f, bu da model arkada\u015f\u0131na \u00e7ok maliyet-etkin bir \u00fcr\u00fcn sunar.<\/span><\/li>\n<li class=\" translation-block\">\u3010<span id=\"tl_13\">Alacaklar\u0131n\u0131z<\/span>\u3011<span id=\"tl_14\">: M\u00fckemmel mini GPS ve 12 ay garanti ve 24 saat dost\u00e7a m\u00fc\u015fteri hizmetleri.<\/span><\/li>\n<\/ul>\n<p><strong>Paket \u0130\u00e7eri\u011fi<\/strong><\/p>\n<ul>\n<li>M10N SE100 GPS x 1<\/li>\n<li>Metal \u00e7ubuk braketi x 1<\/li>\n<li>Ba\u011flant\u0131 kablosu x 1<\/li>\n<li>Metal sabitleme contas\u0131 x 2<\/li>\n<li>K\u00f6p\u00fck sabitleme etiketi x 1<\/li>\n<\/ul>","protected":false},"excerpt":{"rendered":"<p>APM, PX4, Pixhawk ve Mini Pix i\u00e7in Drone GPS Mod\u00fcl\u00fc SE100 \u00d6zellikler: \u3010Mini boyut\u3011: Bu mini GPS, Radiolink Pixhawk u\u00e7u\u015f<\/p>","protected":false},"featured_media":16470,"comment_status":"open","ping_status":"closed","template":"","meta":{"_monsterinsights_skip_tracking":false,"_monsterinsights_sitenote_active":false,"_monsterinsights_sitenote_note":"","_monsterinsights_sitenote_category":0},"product_cat":[354,385],"product_tag":[],"aioseo_notices":[],"jetpack_sharing_enabled":true,"_links":{"self":[{"href":"https:\/\/digitaltarget.com.tr\/ar\/wp-json\/wp\/v2\/product\/16369"}],"collection":[{"href":"https:\/\/digitaltarget.com.tr\/ar\/wp-json\/wp\/v2\/product"}],"about":[{"href":"https:\/\/digitaltarget.com.tr\/ar\/wp-json\/wp\/v2\/types\/product"}],"replies":[{"embeddable":true,"href":"https:\/\/digitaltarget.com.tr\/ar\/wp-json\/wp\/v2\/comments?post=16369"}],"version-history":[{"count":7,"href":"https:\/\/digitaltarget.com.tr\/ar\/wp-json\/wp\/v2\/product\/16369\/revisions"}],"predecessor-version":[{"id":18986,"href":"https:\/\/digitaltarget.com.tr\/ar\/wp-json\/wp\/v2\/product\/16369\/revisions\/18986"}],"wp:featuredmedia":[{"embeddable":true,"href":"https:\/\/digitaltarget.com.tr\/ar\/wp-json\/wp\/v2\/media\/16470"}],"wp:attachment":[{"href":"https:\/\/digitaltarget.com.tr\/ar\/wp-json\/wp\/v2\/media?parent=16369"}],"wp:term":[{"taxonomy":"product_cat","embeddable":true,"href":"https:\/\/digitaltarget.com.tr\/ar\/wp-json\/wp\/v2\/product_cat?post=16369"},{"taxonomy":"product_tag","embeddable":true,"href":"https:\/\/digitaltarget.com.tr\/ar\/wp-json\/wp\/v2\/product_tag?post=16369"}],"curies":[{"name":"wp","href":"https:\/\/api.w.org\/{rel}","templated":true}]}}