{"id":16371,"date":"2023-08-17T11:28:13","date_gmt":"2023-08-17T11:28:13","guid":{"rendered":"https:\/\/digitaltarget.com.tr\/?post_type=product&#038;p=16371"},"modified":"2024-08-02T11:55:53","modified_gmt":"2024-08-02T11:55:53","slug":"2-pcs-popular-black-baofeng-bf-777s-portable-two-way-radio-sets-bao-feng-777s-uhf-fm-radio-walkie-talkie-400-470-mhz","status":"publish","type":"product","link":"https:\/\/digitaltarget.com.tr\/ar\/product\/2-pcs-popular-black-baofeng-bf-777s-portable-two-way-radio-sets-bao-feng-777s-uhf-fm-radio-walkie-talkie-400-470-mhz\/","title":{"rendered":"2 ADET Siyah Baofeng BF-777S Ta\u015f\u0131nabilir \u0130ki Y\u00f6nl\u00fc Telsiz 400-470 MHz"},"content":{"rendered":"<h6><\/h6>\n<table style=\"height: 1465px;\" border=\"0\" width=\"645\" cellpadding=\"0\" data-spm-anchor-id=\"a2g0o.detail.1000023.i2.407bMmbJMmbJkx\">\n<tbody>\n<tr>\n<td colspan=\"3\">\n<h6>Bu \u00fcr\u00fcn k\u0131sa mesafe ileti\u015fim i\u00e7in uygundur. Basit, ekonomik ve kullan\u0131\u015fl\u0131d\u0131r.<\/h6>\n<\/td>\n<\/tr>\n<tr>\n<td>\n<h6 data-spm-anchor-id=\"a2g0o.detail.1000023.i1.407bMmbJMmbJkx\">Model<\/h6>\n<\/td>\n<td colspan=\"2\">\n<h6>BF-777S<\/h6>\n<\/td>\n<\/tr>\n<tr>\n<td>\n<h6>Anten \u0130mpedans\u0131<\/h6>\n<\/td>\n<td colspan=\"2\">\n<h6>50ohm<\/h6>\n<\/td>\n<\/tr>\n<tr>\n<td>\n<h6>\u00c7al\u0131\u015fma s\u0131cakl\u0131\u011f\u0131<\/h6>\n<\/td>\n<td colspan=\"2\">\n<h6>-30~+60\u00b0C<\/h6>\n<\/td>\n<\/tr>\n<tr>\n<td>\n<h6>Nominal Voltaj<\/h6>\n<\/td>\n<td colspan=\"2\">\n<h6>3.7V DC<\/h6>\n<\/td>\n<\/tr>\n<tr>\n<td>\n<h6>\u00c7\u0131k\u0131\u015f g\u00fcc\u00fc<\/h6>\n<\/td>\n<td colspan=\"2\">\n<h6>&lt;5W<\/h6>\n<\/td>\n<\/tr>\n<tr>\n<td>\n<h6>Pil t\u00fcr\u00fc<\/h6>\n<\/td>\n<td colspan=\"2\">\n<h6>Li-ion pil<\/h6>\n<\/td>\n<\/tr>\n<tr>\n<td>\n<h6>Pil kapasitesi<\/h6>\n<\/td>\n<td colspan=\"2\">\n<h6>1500mAh<\/h6>\n<\/td>\n<\/tr>\n<tr>\n<td>\n<h6>Renk<\/h6>\n<\/td>\n<td colspan=\"2\">\n<h6>Siyah<\/h6>\n<\/td>\n<\/tr>\n<tr>\n<td>\n<h6>Boyut (U x G x Y)<\/h6>\n<\/td>\n<td colspan=\"2\">\n<h6>60X33X115mm (Anten hari\u00e7)<\/h6>\n<\/td>\n<\/tr>\n<tr>\n<td>\n<h6>A\u011f\u0131rl\u0131k<\/h6>\n<\/td>\n<td colspan=\"2\">\n<h6>180g<\/h6>\n<\/td>\n<\/tr>\n<tr>\n<td>\n<h6>\u00c7ift bant m\u0131 tek bant m\u0131<\/h6>\n<\/td>\n<td colspan=\"2\">\n<h6>Tek bant<\/h6>\n<\/td>\n<\/tr>\n<tr>\n<td>\n<h6>\u00c7ift frekans m\u0131 tek frekans m\u0131<\/h6>\n<\/td>\n<td colspan=\"2\">\n<h6>Tek frekans<\/h6>\n<\/td>\n<\/tr>\n<tr>\n<td>\n<h6>Frekans Aral\u0131\u011f\u0131<\/h6>\n<\/td>\n<td colspan=\"2\">\n<h6>UHF: 400-470MHz<\/h6>\n<\/td>\n<\/tr>\n<tr>\n<td>\n<h6>Bellek Kanal\u0131<\/h6>\n<\/td>\n<td colspan=\"2\">\n<h6>16<\/h6>\n<\/td>\n<\/tr>\n<tr>\n<td>\n<h6>CTCSS\/DCS i\u015flevi<\/h6>\n<\/td>\n<td>\n<h6>Evet<\/h6>\n<\/td>\n<td>\n<h6><\/h6>\n<\/td>\n<\/tr>\n<tr>\n<td>\n<h6>Yerle\u015fik LED el feneri<\/h6>\n<\/td>\n<td>\n<h6>Evet<\/h6>\n<\/td>\n<td>\n<h6><\/h6>\n<\/td>\n<\/tr>\n<tr>\n<td>\n<h6>D\u00fc\u015f\u00fck pil alarm\u0131<\/h6>\n<\/td>\n<td>\n<h6>Evet<\/h6>\n<\/td>\n<td>\n<h6><\/h6>\n<\/td>\n<\/tr>\n<tr>\n<td>\n<h6>Enerji tasarrufu fonksiyonu<\/h6>\n<\/td>\n<td>\n<h6>Evet<\/h6>\n<\/td>\n<td>\n<h6><\/h6>\n<\/td>\n<\/tr>\n<tr>\n<td>\n<h6>\u00c7ince ve \u0130ngilizce sesli uyar\u0131<\/h6>\n<\/td>\n<td>\n<h6>Evet<\/h6>\n<\/td>\n<td>\n<h6><\/h6>\n<\/td>\n<\/tr>\n<tr>\n<td>\n<h6>PC yaz\u0131l\u0131m\u0131 ile programlanabilir<\/h6>\n<\/td>\n<td colspan=\"2\">\n<h6>Evet<\/h6>\n<\/td>\n<\/tr>\n<\/tbody>\n<\/table>\n<h6><\/h6>","protected":false},"excerpt":{"rendered":"<p>pcs not set<\/p>","protected":false},"featured_media":16566,"comment_status":"open","ping_status":"closed","template":"","meta":{"_monsterinsights_skip_tracking":false,"_monsterinsights_sitenote_active":false,"_monsterinsights_sitenote_note":"","_monsterinsights_sitenote_category":0},"product_cat":[356],"product_tag":[],"aioseo_notices":[],"jetpack_sharing_enabled":true,"_links":{"self":[{"href":"https:\/\/digitaltarget.com.tr\/ar\/wp-json\/wp\/v2\/product\/16371"}],"collection":[{"href":"https:\/\/digitaltarget.com.tr\/ar\/wp-json\/wp\/v2\/product"}],"about":[{"href":"https:\/\/digitaltarget.com.tr\/ar\/wp-json\/wp\/v2\/types\/product"}],"replies":[{"embeddable":true,"href":"https:\/\/digitaltarget.com.tr\/ar\/wp-json\/wp\/v2\/comments?post=16371"}],"version-history":[{"count":6,"href":"https:\/\/digitaltarget.com.tr\/ar\/wp-json\/wp\/v2\/product\/16371\/revisions"}],"predecessor-version":[{"id":19165,"href":"https:\/\/digitaltarget.com.tr\/ar\/wp-json\/wp\/v2\/product\/16371\/revisions\/19165"}],"wp:featuredmedia":[{"embeddable":true,"href":"https:\/\/digitaltarget.com.tr\/ar\/wp-json\/wp\/v2\/media\/16566"}],"wp:attachment":[{"href":"https:\/\/digitaltarget.com.tr\/ar\/wp-json\/wp\/v2\/media?parent=16371"}],"wp:term":[{"taxonomy":"product_cat","embeddable":true,"href":"https:\/\/digitaltarget.com.tr\/ar\/wp-json\/wp\/v2\/product_cat?post=16371"},{"taxonomy":"product_tag","embeddable":true,"href":"https:\/\/digitaltarget.com.tr\/ar\/wp-json\/wp\/v2\/product_tag?post=16371"}],"curies":[{"name":"wp","href":"https:\/\/api.w.org\/{rel}","templated":true}]}}