{"id":16379,"date":"2023-08-17T11:28:14","date_gmt":"2023-08-17T11:28:14","guid":{"rendered":"https:\/\/digitaltarget.com.tr\/?post_type=product&#038;p=16379"},"modified":"2024-12-19T14:33:18","modified_gmt":"2024-12-19T14:33:18","slug":"3d-printer-filement-4","status":"publish","type":"product","link":"https:\/\/digitaltarget.com.tr\/ar\/product\/3d-printer-filement-4\/","title":{"rendered":"3D Yaz\u0131c\u0131 Filamenti &#8211; K\u0131rm\u0131z\u0131"},"content":{"rendered":"<div class=\"a-row\">\n<div class=\"a-column a-span6\">\n<h1 class=\"a-size-medium a-spacing-small\">Teknik Detaylar<\/h1>\n<\/div>\n<\/div>\n<div class=\"a-expander-content a-expander-extend-content\" aria-expanded=\"true\">\n<div class=\"a-row a-expander-container a-expander-inline-container\">\n<div class=\"a-expander-content a-expander-section-content a-section-expander-inner\" aria-expanded=\"true\">\n<table id=\"productDetails_techSpec_section_1\" class=\"a-keyvalue prodDetTable\" role=\"presentation\">\n<tbody>\n<tr>\n<th class=\"a-color-secondary a-size-base prodDetSectionEntry\">Paket Boyutlar\u0131<\/th>\n<td class=\"a-size-base prodDetAttrValue\">21.7 x 20.6 x 8.2 cm; 1.42 Kilogram<\/td>\n<\/tr>\n<tr>\n<th class=\"a-color-secondary a-size-base prodDetSectionEntry\">\u00dcretici Referans\u0131<\/th>\n<td class=\"a-size-base prodDetAttrValue\">PFPLA1SYHR90051751KG<\/td>\n<\/tr>\n<tr>\n<th class=\"a-color-secondary a-size-base prodDetSectionEntry\">Renk<\/th>\n<td class=\"a-size-base prodDetAttrValue\">K\u0131rm\u0131z\u0131<\/td>\n<\/tr>\n<tr>\n<th class=\"a-color-secondary a-size-base prodDetSectionEntry\">\u00dcretici<\/th>\n<td class=\"a-size-base prodDetAttrValue\">Digital Target<\/td>\n<\/tr>\n<tr>\n<th class=\"a-color-secondary a-size-base prodDetSectionEntry\">HANG<\/th>\n<td class=\"a-size-base prodDetAttrValue\">B09RSL9DBS<\/td>\n<\/tr>\n<tr>\n<th class=\"a-color-secondary a-size-base prodDetSectionEntry\">\u00dcr\u00fcn A\u011f\u0131rl\u0131\u011f\u0131<\/th>\n<td class=\"a-size-base prodDetAttrValue\">1.42 Kilo<\/td>\n<\/tr>\n<\/tbody>\n<\/table>\n<\/div>\n<\/div>\n<\/div>","protected":false},"excerpt":{"rendered":"<p>3D Printer Filement &#8211; 1.75 mm &#8211; RED Color<\/p>","protected":false},"featured_media":16780,"comment_status":"open","ping_status":"closed","template":"","meta":{"_monsterinsights_skip_tracking":false,"_monsterinsights_sitenote_active":false,"_monsterinsights_sitenote_note":"","_monsterinsights_sitenote_category":0},"product_cat":[379,391],"product_tag":[],"aioseo_notices":[],"jetpack_sharing_enabled":true,"_links":{"self":[{"href":"https:\/\/digitaltarget.com.tr\/ar\/wp-json\/wp\/v2\/product\/16379"}],"collection":[{"href":"https:\/\/digitaltarget.com.tr\/ar\/wp-json\/wp\/v2\/product"}],"about":[{"href":"https:\/\/digitaltarget.com.tr\/ar\/wp-json\/wp\/v2\/types\/product"}],"replies":[{"embeddable":true,"href":"https:\/\/digitaltarget.com.tr\/ar\/wp-json\/wp\/v2\/comments?post=16379"}],"version-history":[{"count":9,"href":"https:\/\/digitaltarget.com.tr\/ar\/wp-json\/wp\/v2\/product\/16379\/revisions"}],"predecessor-version":[{"id":18983,"href":"https:\/\/digitaltarget.com.tr\/ar\/wp-json\/wp\/v2\/product\/16379\/revisions\/18983"}],"wp:featuredmedia":[{"embeddable":true,"href":"https:\/\/digitaltarget.com.tr\/ar\/wp-json\/wp\/v2\/media\/16780"}],"wp:attachment":[{"href":"https:\/\/digitaltarget.com.tr\/ar\/wp-json\/wp\/v2\/media?parent=16379"}],"wp:term":[{"taxonomy":"product_cat","embeddable":true,"href":"https:\/\/digitaltarget.com.tr\/ar\/wp-json\/wp\/v2\/product_cat?post=16379"},{"taxonomy":"product_tag","embeddable":true,"href":"https:\/\/digitaltarget.com.tr\/ar\/wp-json\/wp\/v2\/product_tag?post=16379"}],"curies":[{"name":"wp","href":"https:\/\/api.w.org\/{rel}","templated":true}]}}